{"id":43549,"date":"2026-04-20T00:30:41","date_gmt":"2026-04-20T00:30:41","guid":{"rendered":"https:\/\/singuli.wpress.me\/index.php\/proizvod\/bissell-steamshot-titanium-parni-cistac\/"},"modified":"2026-04-20T12:33:52","modified_gmt":"2026-04-20T12:33:52","slug":"bissell-steamshot-titanium-parni-cistac","status":"publish","type":"product","link":"https:\/\/singuli.wpress.me\/index.php\/proizvod\/bissell-steamshot-titanium-parni-cistac\/","title":{"rendered":"BISSELL Steamshot Titanium, parni \u010dista\u010d"},"content":{"rendered":"<p>Bisell SteamShot sna\u017ean je ru\u010dni parni \u010dista\u010d. Uklanja tvrdokornu prljav\u0161tinu s gotovo svih povr\u0161ina u va\u0161em domu. Bissell Steam Shot nudi dubinsko \u010di\u0161\u0107enje bez kemikalija samo vodom iz slavine. Nudi 15 minuta vremena \u010di\u0161\u0107enja iz samo jednog spremnika i dolazi s raznim dodacima za gotovo sve vrste uporabe.<\/p>\n<p>Glavne zna\u010dajke:<br \/>\n&#8211; Uklju\u010duje cijeli set alata za \u010di\u0161\u0107enje kuhinja, kupaonica, fugiranja i vi\u0161e.<br \/>\n&#8211; Okida\u010d na zahtjev s ugra\u0111enom sigurnosnom zna\u010dajkom osigurava paru gdje god vam je potrebna u va\u0161em domu.<br \/>\n&#8211; Voda se zagrijava i spremna je za upotrebu za 60 sekundi.<br \/>\n&#8211; \u010ci\u0161\u0107enje bez kemikalija &#8211; osigurajte prirodno \u010di\u0161\u0107enje tvrdih povr\u0161ina samo vodom iz slavine.<\/p>\n<p>Sna\u017eni visokotla\u010dni ru\u010dni parni \u010dista\u010d za uklanjanje tvrdokorne prljav\u0161tine i gare\u017ei iz raznih dijelova va\u0161eg doma: kuhinja, kupaonica i jo\u0161 mnogo toga. Bisell SteamShot omogu\u0107uje dubinsko \u010di\u0161\u0107enje bez kemikalija koriste\u0107i samo vodu iz slavine sa snagom pare u ru\u010dnoj jedinici. 15 minuta vremena \u010di\u0161\u0107enja. S okida\u010dem za paru na zahtjev mo\u017eete dati paru gdje god je trebate. Ovaj vi\u0161enamjenski proizvod uklju\u010duje nekoliko alata za razli\u010dite zadatke.<\/p>\n<p>&#8211; PRIJENOSNI \u010cISTA\u010c NA PARU &#8211; Uklonite tvrdokornu prljav\u0161tinu i \u010da\u0111 za \u010di\u0161\u0107enje kuhinja, kupaonica, fuga, prozora i vi\u0161e.<br \/>\n&#8211; BEZ KEMIKALIJA, SAMO VODA &#8211; \u010ci\u0161\u0107enje bez kemikalija &#8211; koristite vodu iz slavine za dubinsko \u010di\u0161\u0107enje svih povr\u0161ina.<br \/>\n&#8211; UKLJU\u010cEN RAZNI DODATNI PRIBOR &#8211; Uklju\u010deno je 9 dodataka koji \u0107e vam pomo\u0107i da u\u010dinkovito o\u010distite svaki kutak va\u0161e ku\u0107e.<br \/>\n&#8211; DOSTUPNA PARA S OKIDA\u010cEM I BRZIM GRIJANJEM VODE &#8211; S autonomijom od 15 minuta vremena \u010di\u0161\u0107enja.<br \/>\n&#8211; \u010cI\u0160\u0106ENJE PAROM POD VISOKIM PRITISKOM &#8211; Uklanja 99,9% svih klica i bakterija. Koristite prema uputama.<\/p>\n<p>Tehni\u010dki detalji:<br \/>\n&#8211; Pritisak: 4,5 bara<br \/>\n&#8211; Zapremina spremnika za vodu: 0,36 L<br \/>\n&#8211; Vrijeme rada pare: do 15 minuta<br \/>\n&#8211; Duljina kabela za napajanje: 4,8 m<br \/>\n&#8211; Te\u017eina (prazan): 1,4 kg<br \/>\n&#8211; Jamstvo: 2 godine<\/p>\n","protected":false},"excerpt":{"rendered":"<p>Uklju\u010duje cijeli set alata za \u010di\u0161\u0107enje kuhinja, kupaonica, fugiranja i vi\u0161e<br \/>\nVoda se zagrijava i spremna je za upotrebu za 60 sekundi<br \/>\n\u010ci\u0161\u0107enje bez kemikalija &#8211; osigurajte prirodno \u010di\u0161\u0107enje tvrdih povr\u0161ina samo vodom iz slavine<\/p>\n","protected":false},"featured_media":43550,"template":"","meta":{"_seopress_robots_primary_cat":"","_seopress_titles_title":"","_seopress_titles_desc":"","_seopress_robots_index":"","iawp_total_views":0},"product_brand":[819],"product_cat":[160,271],"product_tag":[],"class_list":{"0":"post-43549","1":"product","2":"type-product","3":"status-publish","4":"has-post-thumbnail","6":"product_brand-bissell","7":"product_cat-mali-kucanski-aparati","8":"product_cat-usisavaci-i-ciscenje-160","10":"first","11":"outofstock","12":"shipping-taxable","13":"purchasable","14":"product-type-simple"},"_links":{"self":[{"href":"https:\/\/singuli.wpress.me\/index.php\/wp-json\/wp\/v2\/product\/43549","targetHints":{"allow":["GET"]}}],"collection":[{"href":"https:\/\/singuli.wpress.me\/index.php\/wp-json\/wp\/v2\/product"}],"about":[{"href":"https:\/\/singuli.wpress.me\/index.php\/wp-json\/wp\/v2\/types\/product"}],"version-history":[{"count":0,"href":"https:\/\/singuli.wpress.me\/index.php\/wp-json\/wp\/v2\/product\/43549\/revisions"}],"wp:featuredmedia":[{"embeddable":true,"href":"https:\/\/singuli.wpress.me\/index.php\/wp-json\/wp\/v2\/media\/43550"}],"wp:attachment":[{"href":"https:\/\/singuli.wpress.me\/index.php\/wp-json\/wp\/v2\/media?parent=43549"}],"wp:term":[{"taxonomy":"product_brand","embeddable":true,"href":"https:\/\/singuli.wpress.me\/index.php\/wp-json\/wp\/v2\/product_brand?post=43549"},{"taxonomy":"product_cat","embeddable":true,"href":"https:\/\/singuli.wpress.me\/index.php\/wp-json\/wp\/v2\/product_cat?post=43549"},{"taxonomy":"product_tag","embeddable":true,"href":"https:\/\/singuli.wpress.me\/index.php\/wp-json\/wp\/v2\/product_tag?post=43549"}],"curies":[{"name":"wp","href":"https:\/\/api.w.org\/{rel}","templated":true}]}}