{"id":43555,"date":"2026-04-20T00:31:02","date_gmt":"2026-04-20T00:31:02","guid":{"rendered":"https:\/\/singuli.wpress.me\/index.php\/proizvod\/uhu-ljepilo-u-stiku-20-x-8-2-g\/"},"modified":"2026-04-21T00:27:24","modified_gmt":"2026-04-21T00:27:24","slug":"uhu-ljepilo-u-stiku-20-x-8-2-g","status":"publish","type":"product","link":"https:\/\/singuli.wpress.me\/index.php\/proizvod\/uhu-ljepilo-u-stiku-20-x-8-2-g\/","title":{"rendered":"UHU, ljepilo u stiku, 20 x 8.2 g"},"content":{"rendered":"<p>Popularno kontaktno ljepilo, proizvedeno u Njema\u010dkoj, s jedinstvenim \u010depom na navoj koji sprje\u010dava isu\u0161ivanje ljepila. <\/p>\n<p>Formula ljepila bez otapala sastoji se od 98% prirodnih sastojaka (uklju\u010duju\u0107i vodu). <\/p>\n<p>Prianja sna\u017eno, brzo i trajno, glatko klizi, vrlo je u\u010dinkovit i periv hladnom vodom.<\/p>\n<p>Ambala\u017ea UHU kontaktnog ljepila izra\u0111ena je od 50% reciklirane plastike.<\/p>\n","protected":false},"excerpt":{"rendered":"<p>Bez otapala, sastoji se od 98% prirodnih sastojaka<br \/>\nLijepi sna\u017eno, brzo i trajno<br \/>\nS poklopcem na odvrtanje koji sprje\u010dava isu\u0161ivanje ljepila<\/p>\n","protected":false},"featured_media":43556,"template":"","meta":{"_seopress_robots_primary_cat":"","_seopress_titles_title":"","_seopress_titles_desc":"","_seopress_robots_index":"","iawp_total_views":0},"product_brand":[445],"product_cat":[264,238],"product_tag":[],"class_list":{"0":"post-43555","1":"product","2":"type-product","3":"status-publish","4":"has-post-thumbnail","6":"product_brand-uhu","7":"product_cat-ljepila-i-brtvila-238","8":"product_cat-sve-za-dom","10":"first","11":"instock","12":"shipping-taxable","13":"purchasable","14":"product-type-simple"},"_links":{"self":[{"href":"https:\/\/singuli.wpress.me\/index.php\/wp-json\/wp\/v2\/product\/43555","targetHints":{"allow":["GET"]}}],"collection":[{"href":"https:\/\/singuli.wpress.me\/index.php\/wp-json\/wp\/v2\/product"}],"about":[{"href":"https:\/\/singuli.wpress.me\/index.php\/wp-json\/wp\/v2\/types\/product"}],"version-history":[{"count":0,"href":"https:\/\/singuli.wpress.me\/index.php\/wp-json\/wp\/v2\/product\/43555\/revisions"}],"wp:featuredmedia":[{"embeddable":true,"href":"https:\/\/singuli.wpress.me\/index.php\/wp-json\/wp\/v2\/media\/43556"}],"wp:attachment":[{"href":"https:\/\/singuli.wpress.me\/index.php\/wp-json\/wp\/v2\/media?parent=43555"}],"wp:term":[{"taxonomy":"product_brand","embeddable":true,"href":"https:\/\/singuli.wpress.me\/index.php\/wp-json\/wp\/v2\/product_brand?post=43555"},{"taxonomy":"product_cat","embeddable":true,"href":"https:\/\/singuli.wpress.me\/index.php\/wp-json\/wp\/v2\/product_cat?post=43555"},{"taxonomy":"product_tag","embeddable":true,"href":"https:\/\/singuli.wpress.me\/index.php\/wp-json\/wp\/v2\/product_tag?post=43555"}],"curies":[{"name":"wp","href":"https:\/\/api.w.org\/{rel}","templated":true}]}}