{"id":43562,"date":"2026-04-20T00:31:07","date_gmt":"2026-04-20T00:31:07","guid":{"rendered":"https:\/\/singuli.wpress.me\/index.php\/proizvod\/bissell-multi-surface-sredstvo-za-ciscenje-3x1l\/"},"modified":"2026-04-20T12:33:52","modified_gmt":"2026-04-20T12:33:52","slug":"bissell-multi-surface-sredstvo-za-ciscenje-3x1l","status":"publish","type":"product","link":"https:\/\/singuli.wpress.me\/index.php\/proizvod\/bissell-multi-surface-sredstvo-za-ciscenje-3x1l\/","title":{"rendered":"BISSELL Multi Surface , sredstvo za \u010di\u0161\u0107enje, 3x1l"},"content":{"rendered":"<p>Bissell Multi Surface Cleaning Solution (1789L) je vi\u0161enamjenska otopina za \u010di\u0161\u0107enje s blagim mirisom magnolije, za \u010di\u0161\u0107enje tvrdih podova i tepiha.<\/p>\n<p>Upute za uporabu: Prije uporabe protresite bo\u010dicu i nanesite formulu prema uputama za uporabu aparata. Za Crosswave usisava\u010de, napunite spremnik formule ru\u010dnom toplom vodom iz slavine do prve ili druge linije, ovisno o povr\u0161ini koju treba o\u010distiti. Zatim dodajte formulu. Proizvod je siguran za upotrebu na zabrtvljenim drvenim podovima, plo\u010dicama, laminatu, tepisima. Osvje\u017eite podove i tepihe svje\u017eim mirisom proljetnog povjetarca i uklonite svakodnevnu prljav\u0161tinu.<\/p>\n","protected":false},"excerpt":{"rendered":"<p>Univerzalna otopina za \u010di\u0161\u0107enje za kori\u0161tenje s Bissell usisava\u010dima<br \/>\nZa \u010di\u0161\u0107enje tvrdih podova i tepiha<br \/>\nS laganim mirisom magnolije<\/p>\n","protected":false},"featured_media":43563,"template":"","meta":{"_seopress_robots_primary_cat":"","_seopress_titles_title":"","_seopress_titles_desc":"","_seopress_robots_index":"","iawp_total_views":0},"product_brand":[819],"product_cat":[160,271],"product_tag":[],"class_list":{"0":"post-43562","1":"product","2":"type-product","3":"status-publish","4":"has-post-thumbnail","6":"product_brand-bissell","7":"product_cat-mali-kucanski-aparati","8":"product_cat-usisavaci-i-ciscenje-160","10":"first","11":"outofstock","12":"shipping-taxable","13":"purchasable","14":"product-type-simple"},"_links":{"self":[{"href":"https:\/\/singuli.wpress.me\/index.php\/wp-json\/wp\/v2\/product\/43562","targetHints":{"allow":["GET"]}}],"collection":[{"href":"https:\/\/singuli.wpress.me\/index.php\/wp-json\/wp\/v2\/product"}],"about":[{"href":"https:\/\/singuli.wpress.me\/index.php\/wp-json\/wp\/v2\/types\/product"}],"version-history":[{"count":0,"href":"https:\/\/singuli.wpress.me\/index.php\/wp-json\/wp\/v2\/product\/43562\/revisions"}],"wp:featuredmedia":[{"embeddable":true,"href":"https:\/\/singuli.wpress.me\/index.php\/wp-json\/wp\/v2\/media\/43563"}],"wp:attachment":[{"href":"https:\/\/singuli.wpress.me\/index.php\/wp-json\/wp\/v2\/media?parent=43562"}],"wp:term":[{"taxonomy":"product_brand","embeddable":true,"href":"https:\/\/singuli.wpress.me\/index.php\/wp-json\/wp\/v2\/product_brand?post=43562"},{"taxonomy":"product_cat","embeddable":true,"href":"https:\/\/singuli.wpress.me\/index.php\/wp-json\/wp\/v2\/product_cat?post=43562"},{"taxonomy":"product_tag","embeddable":true,"href":"https:\/\/singuli.wpress.me\/index.php\/wp-json\/wp\/v2\/product_tag?post=43562"}],"curies":[{"name":"wp","href":"https:\/\/api.w.org\/{rel}","templated":true}]}}