{"id":43576,"date":"2026-04-20T00:31:11","date_gmt":"2026-04-20T00:31:11","guid":{"rendered":"https:\/\/singuli.wpress.me\/index.php\/proizvod\/tomy-igracka-veseli-avion\/"},"modified":"2026-04-21T00:27:24","modified_gmt":"2026-04-21T00:27:24","slug":"tomy-igracka-veseli-avion","status":"publish","type":"product","link":"https:\/\/singuli.wpress.me\/index.php\/proizvod\/tomy-igracka-veseli-avion\/","title":{"rendered":"TOMY, igra\u010dka, veseli avion"},"content":{"rendered":"<p>Propeler koji se vrti i kota\u010di\u0107i s kojima se avion mo\u017ee voziti po podu. <\/p>\n<p>Sastoji se od tri dijela koja se mogu odvojiti. Mo\u017eete produ\u017eiti ili smanjiti avion ovisno o tome \u017eelite li \u02ddletjeti\u02dds dva ili tri &quot;putnika&quot; u avionu.<\/p>\n<p>Svaki od njih pti\u010dica je razli\u010dite boje i vrste. Pritisnite ju i \u010duti \u0107ete zvukove. Spojite oblike i boje i u\u017eivajte u igri.<\/p>\n<p>Igra\u010dka je kompatibilna s ostalim Tomy igra\u010dkama koje se prodaju odvojeno. Baterije nisu potrebne za rad.<\/p>\n<p>Dob: 6 &#8211; 36 mjeseci.<\/p>\n","protected":false},"excerpt":{"rendered":"<p>Igra\u010dka se sastoji od tri dijela koja se mogu odvojiti<br \/>\nIgra\u010dka je kompatibilna s ostalim Tomy igra\u010dkama koje se prodaju odvojeno<br \/>\nDob: 6 &#8211; 36 mjeseci<\/p>\n","protected":false},"featured_media":43577,"template":"","meta":{"_seopress_robots_primary_cat":"","_seopress_titles_title":"","_seopress_titles_desc":"","_seopress_robots_index":"","iawp_total_views":0},"product_brand":[487],"product_cat":[221,291],"product_tag":[],"class_list":{"0":"post-43576","1":"product","2":"type-product","3":"status-publish","4":"has-post-thumbnail","6":"product_brand-tomy","7":"product_cat-igracke","8":"product_cat-igracke-za-djecu-221","10":"first","11":"instock","12":"shipping-taxable","13":"purchasable","14":"product-type-simple"},"_links":{"self":[{"href":"https:\/\/singuli.wpress.me\/index.php\/wp-json\/wp\/v2\/product\/43576","targetHints":{"allow":["GET"]}}],"collection":[{"href":"https:\/\/singuli.wpress.me\/index.php\/wp-json\/wp\/v2\/product"}],"about":[{"href":"https:\/\/singuli.wpress.me\/index.php\/wp-json\/wp\/v2\/types\/product"}],"version-history":[{"count":0,"href":"https:\/\/singuli.wpress.me\/index.php\/wp-json\/wp\/v2\/product\/43576\/revisions"}],"wp:featuredmedia":[{"embeddable":true,"href":"https:\/\/singuli.wpress.me\/index.php\/wp-json\/wp\/v2\/media\/43577"}],"wp:attachment":[{"href":"https:\/\/singuli.wpress.me\/index.php\/wp-json\/wp\/v2\/media?parent=43576"}],"wp:term":[{"taxonomy":"product_brand","embeddable":true,"href":"https:\/\/singuli.wpress.me\/index.php\/wp-json\/wp\/v2\/product_brand?post=43576"},{"taxonomy":"product_cat","embeddable":true,"href":"https:\/\/singuli.wpress.me\/index.php\/wp-json\/wp\/v2\/product_cat?post=43576"},{"taxonomy":"product_tag","embeddable":true,"href":"https:\/\/singuli.wpress.me\/index.php\/wp-json\/wp\/v2\/product_tag?post=43576"}],"curies":[{"name":"wp","href":"https:\/\/api.w.org\/{rel}","templated":true}]}}