{"id":43584,"date":"2026-04-20T00:31:13","date_gmt":"2026-04-20T00:31:13","guid":{"rendered":"https:\/\/singuli.wpress.me\/index.php\/proizvod\/rio-mare-pate-namaz-tunjevina-100-g\/"},"modified":"2026-04-21T00:27:24","modified_gmt":"2026-04-21T00:27:24","slug":"rio-mare-pate-namaz-tunjevina-100-g","status":"publish","type":"product","link":"https:\/\/singuli.wpress.me\/index.php\/proizvod\/rio-mare-pate-namaz-tunjevina-100-g\/","title":{"rendered":"RIO MARE Pate, namaz, tunjevina, 100\u00a0g"},"content":{"rendered":"<p>Pat\u00e9 namaz od tunjevine idealan je za one koji \u017eele zadiviti obitelj i prijatelje jednostavnim, ali ukusnim jelima. <\/p>\n<p>Idealan namaz za kruh te kao za\u010din ili dekoracija na kuhanom i sirovom povr\u0107u. <\/p>\n<p>Napunite cherry-raj\u010dice Pat\u00e9 namazom od tunjevine i u\u017eivajte u toj slasnoj kombinaciji.<\/p>\n","protected":false},"excerpt":{"rendered":"<p>Kremasti namaz<br \/>\nDosljedna kvaliteta<br \/>\nIdealan za razne slasne kombinacije<\/p>\n","protected":false},"featured_media":43585,"template":"","meta":{"_seopress_robots_primary_cat":"","_seopress_titles_title":"","_seopress_titles_desc":"","_seopress_robots_index":"","iawp_total_views":0},"product_brand":[456],"product_cat":[261,299],"product_tag":[],"class_list":{"0":"post-43584","1":"product","2":"type-product","3":"status-publish","4":"has-post-thumbnail","6":"product_brand-rio-mare","7":"product_cat-hrana-i-pice","8":"product_cat-konzervirana-i-gotova-hrana-261","10":"first","11":"instock","12":"shipping-taxable","13":"purchasable","14":"product-type-simple"},"_links":{"self":[{"href":"https:\/\/singuli.wpress.me\/index.php\/wp-json\/wp\/v2\/product\/43584","targetHints":{"allow":["GET"]}}],"collection":[{"href":"https:\/\/singuli.wpress.me\/index.php\/wp-json\/wp\/v2\/product"}],"about":[{"href":"https:\/\/singuli.wpress.me\/index.php\/wp-json\/wp\/v2\/types\/product"}],"version-history":[{"count":0,"href":"https:\/\/singuli.wpress.me\/index.php\/wp-json\/wp\/v2\/product\/43584\/revisions"}],"wp:featuredmedia":[{"embeddable":true,"href":"https:\/\/singuli.wpress.me\/index.php\/wp-json\/wp\/v2\/media\/43585"}],"wp:attachment":[{"href":"https:\/\/singuli.wpress.me\/index.php\/wp-json\/wp\/v2\/media?parent=43584"}],"wp:term":[{"taxonomy":"product_brand","embeddable":true,"href":"https:\/\/singuli.wpress.me\/index.php\/wp-json\/wp\/v2\/product_brand?post=43584"},{"taxonomy":"product_cat","embeddable":true,"href":"https:\/\/singuli.wpress.me\/index.php\/wp-json\/wp\/v2\/product_cat?post=43584"},{"taxonomy":"product_tag","embeddable":true,"href":"https:\/\/singuli.wpress.me\/index.php\/wp-json\/wp\/v2\/product_tag?post=43584"}],"curies":[{"name":"wp","href":"https:\/\/api.w.org\/{rel}","templated":true}]}}