{"id":43595,"date":"2026-04-20T00:31:16","date_gmt":"2026-04-20T00:31:16","guid":{"rendered":"https:\/\/singuli.wpress.me\/index.php\/proizvod\/barbie-budi-sto-zelis-lutka-medicinska-sestra-znanstvenica\/"},"modified":"2026-04-20T12:33:52","modified_gmt":"2026-04-20T12:33:52","slug":"barbie-budi-sto-zelis-lutka-medicinska-sestra-znanstvenica","status":"publish","type":"product","link":"https:\/\/singuli.wpress.me\/index.php\/proizvod\/barbie-budi-sto-zelis-lutka-medicinska-sestra-znanstvenica\/","title":{"rendered":"BARBIE Budi \u0161to \u017eeli\u0161, lutka, medicinska sestra \/ znanstvenica"},"content":{"rendered":"<p>Istra\u017eite svijet zabave njegovateljske karijere s Barbie\u00ae lutkom medicinskom sestrom! Kada se djevoj\u010dica igra s Barbie\u00ae, ona zami\u0161lja \u0161to sve mo\u017ee postati, a ako se volite brinuti o drugima i pomagati im, mo\u017eete biti medicinska sestra! Barbie\u00ae lutka medicinska sestra nosi simpati\u010dnu odje\u0107u s gornjim dijelom s printom medicinskog pribora i ru\u017ei\u010dastim hla\u010dama, bijelim cipelama i elegantnim konjskim repom. Dolazi i sa stetoskopom koji joj visi oko vrata. <br \/>\nIstra\u017eite svijet znanstvene zabave s Barbie\u00ae lutkom znanstvenicom! Sve one koje vole znanost, otkri\u0107a i eksperimente, mogu biti znanstvenice! Barbie\u00ae lutka znanstvenica ima \u0161arenu plavu kosu i nosi haljinu s printom blokova boja, bijeli laboratorijski ogrta\u010d s logotipom inspiriranim znano\u0161\u0107u, nao\u010dale i plave cipele. Tako\u0111er dolazi s mikroskopom za istra\u017eivanje i pokuse! <br \/>\nIstra\u017eite zabavu karijere uz Barbie\u00ae lutku medicinsku sestru i lutku znanstvenicu.<br \/>\nLutka ne mo\u017ee stajati sama. Boje i ukrasi mogu se razlikovati.<\/p>\n","protected":false},"excerpt":{"rendered":"<p>Odje\u0107a inspirirana pripadaju\u0107im zanimanjima<br \/>\nIstra\u017ei sve &#8220;Barbie budi \u0161to \u017eeli\u0161&#8221; lutke<br \/>\nBarbi mo\u017ee sve<\/p>\n","protected":false},"featured_media":43596,"template":"","meta":{"_seopress_robots_primary_cat":"","_seopress_titles_title":"","_seopress_titles_desc":"","_seopress_robots_index":"","iawp_total_views":0},"product_brand":[324],"product_cat":[221,291],"product_tag":[],"class_list":{"0":"post-43595","1":"product","2":"type-product","3":"status-publish","4":"has-post-thumbnail","6":"product_brand-barbie","7":"product_cat-igracke","8":"product_cat-igracke-za-djecu-221","10":"first","11":"outofstock","12":"shipping-taxable","13":"purchasable","14":"product-type-simple"},"_links":{"self":[{"href":"https:\/\/singuli.wpress.me\/index.php\/wp-json\/wp\/v2\/product\/43595","targetHints":{"allow":["GET"]}}],"collection":[{"href":"https:\/\/singuli.wpress.me\/index.php\/wp-json\/wp\/v2\/product"}],"about":[{"href":"https:\/\/singuli.wpress.me\/index.php\/wp-json\/wp\/v2\/types\/product"}],"version-history":[{"count":0,"href":"https:\/\/singuli.wpress.me\/index.php\/wp-json\/wp\/v2\/product\/43595\/revisions"}],"wp:featuredmedia":[{"embeddable":true,"href":"https:\/\/singuli.wpress.me\/index.php\/wp-json\/wp\/v2\/media\/43596"}],"wp:attachment":[{"href":"https:\/\/singuli.wpress.me\/index.php\/wp-json\/wp\/v2\/media?parent=43595"}],"wp:term":[{"taxonomy":"product_brand","embeddable":true,"href":"https:\/\/singuli.wpress.me\/index.php\/wp-json\/wp\/v2\/product_brand?post=43595"},{"taxonomy":"product_cat","embeddable":true,"href":"https:\/\/singuli.wpress.me\/index.php\/wp-json\/wp\/v2\/product_cat?post=43595"},{"taxonomy":"product_tag","embeddable":true,"href":"https:\/\/singuli.wpress.me\/index.php\/wp-json\/wp\/v2\/product_tag?post=43595"}],"curies":[{"name":"wp","href":"https:\/\/api.w.org\/{rel}","templated":true}]}}