{"id":43600,"date":"2026-04-20T00:31:18","date_gmt":"2026-04-20T00:31:18","guid":{"rendered":"https:\/\/singuli.wpress.me\/index.php\/proizvod\/barbie-extra-mix-lutka\/"},"modified":"2026-04-23T00:28:03","modified_gmt":"2026-04-23T00:28:03","slug":"barbie-extra-mix-lutka","status":"publish","type":"product","link":"https:\/\/singuli.wpress.me\/proizvod\/barbie-extra-mix-lutka\/","title":{"rendered":"BARBIE Extra mix, lutka"},"content":{"rendered":"<p>Barbie Extra lutke nose hrabre modne kombinacije, jarke boje i imaju stav!<\/p>\n<p>Svaka Barbie Extra lutka ima jedinstveni veseli i razigran stil. I njihovi ku\u0107ni ljubimci, svaki druga\u010diji i svi preslatki, imaju mno\u0161tvo osobnosti.<\/p>\n<p>Barbie Extra omogu\u0107uje djeci da istra\u017euju samoizra\u017eavanje kroz stil i nudi uzbudljivo modno i stilsko iskustvo igre s lutkama.<\/p>\n<p>Za sve one koji se \u017eele zabaviti s modom, svjetlucavim, gumenim medvjedi\u0107ima, emotikonima i posebnim frizurama i donijeti EXTRA ugo\u0111aj gdje god i\u0161li.<\/p>\n<p>Igra\u010dka dolazi u vi\u0161e razli\u010ditih modela, a isporuka ovisi o njihovoj trenutnoj raspolo\u017eivosti. <\/p>\n","protected":false},"excerpt":{"rendered":"<p>Svaka lutka ima jedinstveni veseli i razigran stil<br \/>\nBarbie Extra omogu\u0107uje djeci da istra\u017euju samoizra\u017eavanje<br \/>\nIgra\u010dka dolazi u vi\u0161e razli\u010ditih modela<\/p>\n","protected":false},"featured_media":43601,"template":"","meta":{"_seopress_robots_primary_cat":"","_seopress_titles_title":"","_seopress_titles_desc":"","_seopress_robots_index":"","iawp_total_views":0},"product_brand":[324],"product_cat":[221,291],"product_tag":[],"class_list":{"0":"post-43600","1":"product","2":"type-product","3":"status-publish","4":"has-post-thumbnail","6":"product_brand-barbie","7":"product_cat-igracke","8":"product_cat-igracke-za-djecu-221","10":"first","11":"instock","12":"shipping-taxable","13":"purchasable","14":"product-type-simple"},"_links":{"self":[{"href":"https:\/\/singuli.wpress.me\/wp-json\/wp\/v2\/product\/43600","targetHints":{"allow":["GET"]}}],"collection":[{"href":"https:\/\/singuli.wpress.me\/wp-json\/wp\/v2\/product"}],"about":[{"href":"https:\/\/singuli.wpress.me\/wp-json\/wp\/v2\/types\/product"}],"version-history":[{"count":0,"href":"https:\/\/singuli.wpress.me\/wp-json\/wp\/v2\/product\/43600\/revisions"}],"wp:featuredmedia":[{"embeddable":true,"href":"https:\/\/singuli.wpress.me\/wp-json\/wp\/v2\/media\/43601"}],"wp:attachment":[{"href":"https:\/\/singuli.wpress.me\/wp-json\/wp\/v2\/media?parent=43600"}],"wp:term":[{"taxonomy":"product_brand","embeddable":true,"href":"https:\/\/singuli.wpress.me\/wp-json\/wp\/v2\/product_brand?post=43600"},{"taxonomy":"product_cat","embeddable":true,"href":"https:\/\/singuli.wpress.me\/wp-json\/wp\/v2\/product_cat?post=43600"},{"taxonomy":"product_tag","embeddable":true,"href":"https:\/\/singuli.wpress.me\/wp-json\/wp\/v2\/product_tag?post=43600"}],"curies":[{"name":"wp","href":"https:\/\/api.w.org\/{rel}","templated":true}]}}