{"id":43612,"date":"2026-04-20T00:31:24","date_gmt":"2026-04-20T00:31:24","guid":{"rendered":"https:\/\/singuli.wpress.me\/index.php\/proizvod\/glade-osvjezivac-zraka-u-spreju-miris-ocean-300-ml\/"},"modified":"2026-04-20T12:33:52","modified_gmt":"2026-04-20T12:33:52","slug":"glade-osvjezivac-zraka-u-spreju-miris-ocean-300-ml","status":"publish","type":"product","link":"https:\/\/singuli.wpress.me\/index.php\/proizvod\/glade-osvjezivac-zraka-u-spreju-miris-ocean-300-ml\/","title":{"rendered":"GLADE, osvje\u017eiva\u010d zraka u spreju, miris ocean, 300\u00a0ml"},"content":{"rendered":"<p>Glade\u00ae osvje\u017eiva\u010d zraka u spreju dizajniran je za uklanjanje neugodnih mirisa.<\/p>\n<p>Probudite osjetila uz \u017eivahne mirisne note mora i citrusa koje u sudaru s valovima osvje\u017eavaju\u0107eg aromati\u010dnog cvjetnog mirisa stvaraju osje\u0107aj nesputanosti.<\/p>\n<p>Upute za kori\u0161tenje:<br \/>\nDobro protresti prije upotrebe. Za osvje\u017eenje zraka, usmjerite sprej prema sredini prostorije i poprskajte. Ne preporu\u010duje se kori\u0161tenje na tkanini.<\/p>\n","protected":false},"excerpt":{"rendered":"<p>Za uklanjanje neugodnih mirisa<br \/>\nJednostavan za kori\u0161tenje<br \/>\nDugotrajna svje\u017eina<\/p>\n","protected":false},"featured_media":43613,"template":"","meta":{"_seopress_robots_primary_cat":"","_seopress_titles_title":"","_seopress_titles_desc":"","_seopress_robots_index":"","iawp_total_views":0},"product_brand":[405],"product_cat":[268,300],"product_tag":[],"class_list":{"0":"post-43612","1":"product","2":"type-product","3":"status-publish","4":"has-post-thumbnail","6":"product_brand-glade","7":"product_cat-kozmetika-2","8":"product_cat-njega-kose-268","10":"first","11":"instock","12":"shipping-taxable","13":"purchasable","14":"product-type-simple"},"_links":{"self":[{"href":"https:\/\/singuli.wpress.me\/index.php\/wp-json\/wp\/v2\/product\/43612","targetHints":{"allow":["GET"]}}],"collection":[{"href":"https:\/\/singuli.wpress.me\/index.php\/wp-json\/wp\/v2\/product"}],"about":[{"href":"https:\/\/singuli.wpress.me\/index.php\/wp-json\/wp\/v2\/types\/product"}],"version-history":[{"count":0,"href":"https:\/\/singuli.wpress.me\/index.php\/wp-json\/wp\/v2\/product\/43612\/revisions"}],"wp:featuredmedia":[{"embeddable":true,"href":"https:\/\/singuli.wpress.me\/index.php\/wp-json\/wp\/v2\/media\/43613"}],"wp:attachment":[{"href":"https:\/\/singuli.wpress.me\/index.php\/wp-json\/wp\/v2\/media?parent=43612"}],"wp:term":[{"taxonomy":"product_brand","embeddable":true,"href":"https:\/\/singuli.wpress.me\/index.php\/wp-json\/wp\/v2\/product_brand?post=43612"},{"taxonomy":"product_cat","embeddable":true,"href":"https:\/\/singuli.wpress.me\/index.php\/wp-json\/wp\/v2\/product_cat?post=43612"},{"taxonomy":"product_tag","embeddable":true,"href":"https:\/\/singuli.wpress.me\/index.php\/wp-json\/wp\/v2\/product_tag?post=43612"}],"curies":[{"name":"wp","href":"https:\/\/api.w.org\/{rel}","templated":true}]}}