{"id":43618,"date":"2026-04-20T00:31:28","date_gmt":"2026-04-20T00:31:28","guid":{"rendered":"https:\/\/singuli.wpress.me\/index.php\/proizvod\/rio-mare-losos-u-maslinovom-ulju-150-g\/"},"modified":"2026-04-20T12:33:52","modified_gmt":"2026-04-20T12:33:52","slug":"rio-mare-losos-u-maslinovom-ulju-150-g","status":"publish","type":"product","link":"https:\/\/singuli.wpress.me\/index.php\/proizvod\/rio-mare-losos-u-maslinovom-ulju-150-g\/","title":{"rendered":"RIO MARE, losos u maslinovom ulju, 150\u00a0g"},"content":{"rendered":"<p>Rio Mare losos u maslinovom ulju, jedinstvenog i nepogre\u0161ivog okusa, ru\u017ei\u010daste boje i dosljedne kvalitete.<\/p>\n","protected":false},"excerpt":{"rendered":"<p>Jedinstveni i nepogre\u0161ivi okus<br \/>\nDosljedna kvaliteta<br \/>\nKuhano na pari<\/p>\n","protected":false},"featured_media":43619,"template":"","meta":{"_seopress_robots_primary_cat":"","_seopress_titles_title":"","_seopress_titles_desc":"","_seopress_robots_index":"","iawp_total_views":0},"product_brand":[456],"product_cat":[261,299],"product_tag":[],"class_list":{"0":"post-43618","1":"product","2":"type-product","3":"status-publish","4":"has-post-thumbnail","6":"product_brand-rio-mare","7":"product_cat-hrana-i-pice","8":"product_cat-konzervirana-i-gotova-hrana-261","10":"first","11":"outofstock","12":"shipping-taxable","13":"purchasable","14":"product-type-simple"},"_links":{"self":[{"href":"https:\/\/singuli.wpress.me\/index.php\/wp-json\/wp\/v2\/product\/43618","targetHints":{"allow":["GET"]}}],"collection":[{"href":"https:\/\/singuli.wpress.me\/index.php\/wp-json\/wp\/v2\/product"}],"about":[{"href":"https:\/\/singuli.wpress.me\/index.php\/wp-json\/wp\/v2\/types\/product"}],"version-history":[{"count":0,"href":"https:\/\/singuli.wpress.me\/index.php\/wp-json\/wp\/v2\/product\/43618\/revisions"}],"wp:featuredmedia":[{"embeddable":true,"href":"https:\/\/singuli.wpress.me\/index.php\/wp-json\/wp\/v2\/media\/43619"}],"wp:attachment":[{"href":"https:\/\/singuli.wpress.me\/index.php\/wp-json\/wp\/v2\/media?parent=43618"}],"wp:term":[{"taxonomy":"product_brand","embeddable":true,"href":"https:\/\/singuli.wpress.me\/index.php\/wp-json\/wp\/v2\/product_brand?post=43618"},{"taxonomy":"product_cat","embeddable":true,"href":"https:\/\/singuli.wpress.me\/index.php\/wp-json\/wp\/v2\/product_cat?post=43618"},{"taxonomy":"product_tag","embeddable":true,"href":"https:\/\/singuli.wpress.me\/index.php\/wp-json\/wp\/v2\/product_tag?post=43618"}],"curies":[{"name":"wp","href":"https:\/\/api.w.org\/{rel}","templated":true}]}}