{"id":43620,"date":"2026-04-20T00:31:28","date_gmt":"2026-04-20T00:31:28","guid":{"rendered":"https:\/\/singuli.wpress.me\/index.php\/proizvod\/uhu-rollafix-ljepljiva-traka-s-drzacem-25-5-m-gratis\/"},"modified":"2026-04-20T12:33:52","modified_gmt":"2026-04-20T12:33:52","slug":"uhu-rollafix-ljepljiva-traka-s-drzacem-25-5-m-gratis","status":"publish","type":"product","link":"https:\/\/singuli.wpress.me\/index.php\/proizvod\/uhu-rollafix-ljepljiva-traka-s-drzacem-25-5-m-gratis\/","title":{"rendered":"UHU Rollafix, ljepljiva traka, s dr\u017ea\u010dem, 25 + 5 m gratis"},"content":{"rendered":"<p>Kristalno \u010dista traka vrhunske kvalitete. <\/p>\n<p>Mo\u017ee se trgati i ru\u010dno.<\/p>\n<p>Dostupno i sa prakti\u010dnim metalnim dr\u017ea\u010dem o\u0161trice za uredan rez. <\/p>\n<p>Za mnoge namjene kod ku\u0107e, u \u0161koli i uredu.<\/p>\n","protected":false},"excerpt":{"rendered":"<p>Kristalno \u010dista traka vrhunske kvalitete<br \/>\nZa mnoge zadatke kod ku\u0107e, u \u0161koli i uredu<br \/>\nDostupno 7,5 ml ljepljive trake u prakti\u010dnom dr\u017ea\u010du<\/p>\n","protected":false},"featured_media":0,"template":"","meta":{"_seopress_robots_primary_cat":"","_seopress_titles_title":"","_seopress_titles_desc":"","_seopress_robots_index":"","iawp_total_views":0},"product_brand":[445],"product_cat":[264,238],"product_tag":[],"class_list":{"0":"post-43620","1":"product","2":"type-product","3":"status-publish","5":"product_brand-uhu","6":"product_cat-ljepila-i-brtvila-238","7":"product_cat-sve-za-dom","9":"first","10":"outofstock","11":"shipping-taxable","12":"purchasable","13":"product-type-simple"},"_links":{"self":[{"href":"https:\/\/singuli.wpress.me\/index.php\/wp-json\/wp\/v2\/product\/43620","targetHints":{"allow":["GET"]}}],"collection":[{"href":"https:\/\/singuli.wpress.me\/index.php\/wp-json\/wp\/v2\/product"}],"about":[{"href":"https:\/\/singuli.wpress.me\/index.php\/wp-json\/wp\/v2\/types\/product"}],"version-history":[{"count":0,"href":"https:\/\/singuli.wpress.me\/index.php\/wp-json\/wp\/v2\/product\/43620\/revisions"}],"wp:attachment":[{"href":"https:\/\/singuli.wpress.me\/index.php\/wp-json\/wp\/v2\/media?parent=43620"}],"wp:term":[{"taxonomy":"product_brand","embeddable":true,"href":"https:\/\/singuli.wpress.me\/index.php\/wp-json\/wp\/v2\/product_brand?post=43620"},{"taxonomy":"product_cat","embeddable":true,"href":"https:\/\/singuli.wpress.me\/index.php\/wp-json\/wp\/v2\/product_cat?post=43620"},{"taxonomy":"product_tag","embeddable":true,"href":"https:\/\/singuli.wpress.me\/index.php\/wp-json\/wp\/v2\/product_tag?post=43620"}],"curies":[{"name":"wp","href":"https:\/\/api.w.org\/{rel}","templated":true}]}}