{"id":43625,"date":"2026-04-20T00:31:29","date_gmt":"2026-04-20T00:31:29","guid":{"rendered":"https:\/\/singuli.wpress.me\/index.php\/proizvod\/bison-super-glue-gel-ljepilo-12x2g\/"},"modified":"2026-04-21T00:27:24","modified_gmt":"2026-04-21T00:27:24","slug":"bison-super-glue-gel-ljepilo-12x2g","status":"publish","type":"product","link":"https:\/\/singuli.wpress.me\/index.php\/proizvod\/bison-super-glue-gel-ljepilo-12x2g\/","title":{"rendered":"BISON Super Glue gel, ljepilo, 12x2g"},"content":{"rendered":"<p>Trenutno ljepilo. Ne kaplje i privremeno se mo\u017ee korigirati.<\/p>\n<p>Idealno za lijepljenje manjih povr\u0161ina. Lijepi gotovo sve \u010dvrste i rastezljive materijale poput keramike, ko\u017ee, gume, mnogo vrsta plastike (primjerice tvrdi PVC, ABS, PS, Plexiglas\u00ae, polikarbonat (Makrolon\u00ae) i fenolne smole (Bakelite\u00ae)), porculan, metal, drvo, pluto, filc, tkanina (najprije provjerite prikladnost). Djelomi\u010dno je prikladno za staklo (nakon odre\u0111enog vremena spoj postaje lomljiv, zbog \u010dega slabi). Idealno za porozne materijale.<\/p>\n<p>Nije prikladno za PE, PP, silikonske smole, PTFE, stiropor, tkanina i ko\u017ena odje\u0107a.<\/p>\n","protected":false},"excerpt":{"rendered":"<p>Ne kaplje<br \/>\nPrivemeno se mo\u017ee korigirati<br \/>\nIdealno za porozne materijale i na okomitim povr\u0161inama<\/p>\n","protected":false},"featured_media":43626,"template":"","meta":{"_seopress_robots_primary_cat":"","_seopress_titles_title":"","_seopress_titles_desc":"","_seopress_robots_index":"","iawp_total_views":0},"product_brand":[494],"product_cat":[264,238],"product_tag":[],"class_list":{"0":"post-43625","1":"product","2":"type-product","3":"status-publish","4":"has-post-thumbnail","6":"product_brand-bison","7":"product_cat-ljepila-i-brtvila-238","8":"product_cat-sve-za-dom","10":"first","11":"outofstock","12":"shipping-taxable","13":"purchasable","14":"product-type-simple"},"_links":{"self":[{"href":"https:\/\/singuli.wpress.me\/index.php\/wp-json\/wp\/v2\/product\/43625","targetHints":{"allow":["GET"]}}],"collection":[{"href":"https:\/\/singuli.wpress.me\/index.php\/wp-json\/wp\/v2\/product"}],"about":[{"href":"https:\/\/singuli.wpress.me\/index.php\/wp-json\/wp\/v2\/types\/product"}],"version-history":[{"count":0,"href":"https:\/\/singuli.wpress.me\/index.php\/wp-json\/wp\/v2\/product\/43625\/revisions"}],"wp:featuredmedia":[{"embeddable":true,"href":"https:\/\/singuli.wpress.me\/index.php\/wp-json\/wp\/v2\/media\/43626"}],"wp:attachment":[{"href":"https:\/\/singuli.wpress.me\/index.php\/wp-json\/wp\/v2\/media?parent=43625"}],"wp:term":[{"taxonomy":"product_brand","embeddable":true,"href":"https:\/\/singuli.wpress.me\/index.php\/wp-json\/wp\/v2\/product_brand?post=43625"},{"taxonomy":"product_cat","embeddable":true,"href":"https:\/\/singuli.wpress.me\/index.php\/wp-json\/wp\/v2\/product_cat?post=43625"},{"taxonomy":"product_tag","embeddable":true,"href":"https:\/\/singuli.wpress.me\/index.php\/wp-json\/wp\/v2\/product_tag?post=43625"}],"curies":[{"name":"wp","href":"https:\/\/api.w.org\/{rel}","templated":true}]}}