{"id":43628,"date":"2026-04-20T00:31:30","date_gmt":"2026-04-20T00:31:30","guid":{"rendered":"https:\/\/singuli.wpress.me\/index.php\/proizvod\/games-drustvena-igra-uno-harry-potter\/"},"modified":"2026-04-20T12:33:52","modified_gmt":"2026-04-20T12:33:52","slug":"games-drustvena-igra-uno-harry-potter","status":"publish","type":"product","link":"https:\/\/singuli.wpress.me\/index.php\/proizvod\/games-drustvena-igra-uno-harry-potter\/","title":{"rendered":"GAMES, dru\u0161tvena igra, Uno Harry Potter"},"content":{"rendered":"<p>Zabavna, brza igra kartama koju volite sada je s likovima iz svijeta Harry Pottera!<\/p>\n<p>Pridru\u017eite se Harryju, Hermioni, Ronu, profesoru Dumbledoreu i drugim omiljenim likovima iz Hogwartsa igraju\u0107i UNO.<\/p>\n<p>Cilj igre je rije\u0161iti se svih karata koje imate u ruci.<\/p>\n<p>Posebne akcijske karte donose uzbu\u0111enje i poma\u017eu vam poraziti protivnika.<\/p>\n<p>UNO Harry Potter karte sadr\u017ee i posebnu akcijsku kartu nazvanu pravilo \u0161e\u0161ira. Kada odigrate ovu kartu, igra\u010d po va\u0161em izboru mora izvla\u010diti karte sve dok ne prona\u0111e kartu Gryffindora!<\/p>\n<p>Ove UNO karte su odli\u010dan poklon za sve obo\u017eavatelje Harry Pottera starije od 7 godina.<\/p>\n","protected":false},"excerpt":{"rendered":"<p>zabavna igra s likovima iz svijeta Harry Pottera<br \/>\nSadr\u017ee i posebnu akcijsku kartu nazvanu pravilo \u0161e\u0161ira<br \/>\nDob: 7+ god<\/p>\n","protected":false},"featured_media":43629,"template":"","meta":{"_seopress_robots_primary_cat":"","_seopress_titles_title":"","_seopress_titles_desc":"","_seopress_robots_index":"","iawp_total_views":0},"product_brand":[390],"product_cat":[290,221],"product_tag":[],"class_list":{"0":"post-43628","1":"product","2":"type-product","3":"status-publish","4":"has-post-thumbnail","6":"product_brand-games","7":"product_cat-drustvene-igre-221","8":"product_cat-igracke","10":"first","11":"instock","12":"shipping-taxable","13":"purchasable","14":"product-type-simple"},"_links":{"self":[{"href":"https:\/\/singuli.wpress.me\/index.php\/wp-json\/wp\/v2\/product\/43628","targetHints":{"allow":["GET"]}}],"collection":[{"href":"https:\/\/singuli.wpress.me\/index.php\/wp-json\/wp\/v2\/product"}],"about":[{"href":"https:\/\/singuli.wpress.me\/index.php\/wp-json\/wp\/v2\/types\/product"}],"version-history":[{"count":0,"href":"https:\/\/singuli.wpress.me\/index.php\/wp-json\/wp\/v2\/product\/43628\/revisions"}],"wp:featuredmedia":[{"embeddable":true,"href":"https:\/\/singuli.wpress.me\/index.php\/wp-json\/wp\/v2\/media\/43629"}],"wp:attachment":[{"href":"https:\/\/singuli.wpress.me\/index.php\/wp-json\/wp\/v2\/media?parent=43628"}],"wp:term":[{"taxonomy":"product_brand","embeddable":true,"href":"https:\/\/singuli.wpress.me\/index.php\/wp-json\/wp\/v2\/product_brand?post=43628"},{"taxonomy":"product_cat","embeddable":true,"href":"https:\/\/singuli.wpress.me\/index.php\/wp-json\/wp\/v2\/product_cat?post=43628"},{"taxonomy":"product_tag","embeddable":true,"href":"https:\/\/singuli.wpress.me\/index.php\/wp-json\/wp\/v2\/product_tag?post=43628"}],"curies":[{"name":"wp","href":"https:\/\/api.w.org\/{rel}","templated":true}]}}