{"id":43641,"date":"2026-04-20T00:31:40","date_gmt":"2026-04-20T00:31:40","guid":{"rendered":"https:\/\/singuli.wpress.me\/index.php\/proizvod\/laica-vt3120-aparat-za-vakumiranje\/"},"modified":"2026-04-20T12:33:52","modified_gmt":"2026-04-20T12:33:52","slug":"laica-vt3120-aparat-za-vakumiranje","status":"publish","type":"product","link":"https:\/\/singuli.wpress.me\/index.php\/proizvod\/laica-vt3120-aparat-za-vakumiranje\/","title":{"rendered":"LAICA VT3120, aparat za vakumiranje"},"content":{"rendered":"<p>Napredni potpuno automatski usisava\u010d Laica VT3120 odlikuje se mnogim naprednim funkcijama:<br \/>\n&#8211; funkcija ru\u010dnog pode\u0161avanja razine vakuuma<br \/>\n&#8211; podesiva snaga usisavanja (normalno &#8211; nje\u017eno)<br \/>\n&#8211; tri postavke razine zavarivanja (suho, vla\u017eno i mokro)<br \/>\n&#8211; prostor za roladu sa dvosmjernim no\u017eem<br \/>\n&#8211; ru\u010dka s bravom<br \/>\n&#8211; funkcija spremnika<br \/>\n&#8211; funkcija brzog mariniranja<br \/>\n&#8211; funkcija zavarivanja vre\u0107ica<br \/>\n&#8211; funkcija puls\/vakuum (za mekanu hranu)<br \/>\n&#8211; prikaz &quot;&quot;napretka&quot;&quot; (ozna\u010dava napredak procesa)<br \/>\n&#8211; prostor za cijev spremnika<br \/>\n&#8211; termomagnetski ure\u0111aj za sigurnosno isklju\u010divanje<br \/>\n&#8211; komora za stvaranje vakuuma i skupljanje teku\u0107ine<br \/>\n&#8211; vakuum (cca.) \u20130,9 bara<br \/>\n&#8211; uklju\u010duju\u0107i 1 tubu za posu\u0111e, 1 rolu (veli\u010dine 20 x 500 cm) i 1 rolu (veli\u010dine 28 x 500 cm)<br \/>\n&#8211; maksimalna \u0161irina vre\u0107ice ili role: 30 cm<\/p>\n","protected":false},"excerpt":{"rendered":"<p>Napredni vakuumski ure\u0111aj s velikim brojem funkcija.<br \/>\nS funkcijom za meku hranu i za mariniranje mesa i drugih namirnica.<br \/>\nMaksimalna \u0161irina vre\u0107ice je 30 cm.<\/p>\n","protected":false},"featured_media":43642,"template":"","meta":{"_seopress_robots_primary_cat":"","_seopress_titles_title":"","_seopress_titles_desc":"","_seopress_robots_index":"","iawp_total_views":0},"product_brand":[148],"product_cat":[266,265,160],"product_tag":[],"class_list":{"0":"post-43641","1":"product","2":"type-product","3":"status-publish","4":"has-post-thumbnail","6":"product_brand-laica","7":"product_cat-aparati-za-kuhanje-265","8":"product_cat-kuhinjski-aparati-160","9":"product_cat-mali-kucanski-aparati","11":"first","12":"instock","13":"shipping-taxable","14":"purchasable","15":"product-type-simple"},"_links":{"self":[{"href":"https:\/\/singuli.wpress.me\/index.php\/wp-json\/wp\/v2\/product\/43641","targetHints":{"allow":["GET"]}}],"collection":[{"href":"https:\/\/singuli.wpress.me\/index.php\/wp-json\/wp\/v2\/product"}],"about":[{"href":"https:\/\/singuli.wpress.me\/index.php\/wp-json\/wp\/v2\/types\/product"}],"version-history":[{"count":0,"href":"https:\/\/singuli.wpress.me\/index.php\/wp-json\/wp\/v2\/product\/43641\/revisions"}],"wp:featuredmedia":[{"embeddable":true,"href":"https:\/\/singuli.wpress.me\/index.php\/wp-json\/wp\/v2\/media\/43642"}],"wp:attachment":[{"href":"https:\/\/singuli.wpress.me\/index.php\/wp-json\/wp\/v2\/media?parent=43641"}],"wp:term":[{"taxonomy":"product_brand","embeddable":true,"href":"https:\/\/singuli.wpress.me\/index.php\/wp-json\/wp\/v2\/product_brand?post=43641"},{"taxonomy":"product_cat","embeddable":true,"href":"https:\/\/singuli.wpress.me\/index.php\/wp-json\/wp\/v2\/product_cat?post=43641"},{"taxonomy":"product_tag","embeddable":true,"href":"https:\/\/singuli.wpress.me\/index.php\/wp-json\/wp\/v2\/product_tag?post=43641"}],"curies":[{"name":"wp","href":"https:\/\/api.w.org\/{rel}","templated":true}]}}