{"id":43652,"date":"2026-04-20T00:31:43","date_gmt":"2026-04-20T00:31:43","guid":{"rendered":"https:\/\/singuli.wpress.me\/index.php\/proizvod\/swiffer-xxl-komplet-za-prasinu\/"},"modified":"2026-04-20T12:33:52","modified_gmt":"2026-04-20T12:33:52","slug":"swiffer-xxl-komplet-za-prasinu","status":"publish","type":"product","link":"https:\/\/singuli.wpress.me\/index.php\/proizvod\/swiffer-xxl-komplet-za-prasinu\/","title":{"rendered":"SWIFFER XXL, komplet, za pra\u0161inu"},"content":{"rendered":"<p>Recite zbogom pra\u0161ini, prljav\u0161tini i dlakama. Zahvaljuju\u0107i tisu\u0107ama pahuljasto mekih vlakana s laganim premazom, Swiffer Duster XXL s povr\u0161ina hvata i zadr\u017eava pra\u0161inu, dla\u010dice i alergene od grinja, kao i dlake ku\u0107nih ljubimaca. Swiffer Duster XXL mo\u017ee se produ\u017eiti do 90 cm i dopire do visokih, niskih i uskih prostore, \u010dime omogu\u0107uje temeljitije \u010di\u0161\u0107enje od bilo koje krpe za pra\u0161inu. Teleskopska dr\u0161ka ima okretnu glavu koja se mo\u017ee namjestiti u \u010detiri razli\u010dita polo\u017eaja za \u010di\u0161\u0107enje povr\u0161ina pod kutom, kao \u0161to su drveni namje\u0161taj, kutovi u ormari\u0107u, rubne letvice\u2026 Dopire i do najte\u017ee dostupnih mjesta kao \u0161to su radijatori, sjenila, instrument plo\u010de u automobilima ili elektroni\u010dki ure\u0111aji\u2026 Metlice za pra\u0161inu Swiffer imaju jedinstvena vlakna koja se prilago\u0111avaju i zavla\u010de u svaki kut i svaku pukotinu tako da mo\u017eete o\u010distiti pra\u0161inu i dlake s gotovo bilo koje povr\u0161ine, ne \u0161ire\u0107i ih pritom dalje po domu. Korisni savjeti: posebno su prakti\u010dne za hvatanje dlaka ku\u0107nih ljubimaca jer ih se ve\u0107ina stalno linja ili ako ste alergi\u010dni na pra\u0161inu. \u010ciste tako dobro da bi vam se brisanje pra\u0161ine moglo i svidjeti. Zamjenjive metlice za pra\u0161inu Swiffer koristite s dr\u0161kom Swiffer Duster.<\/p>\n","protected":false},"excerpt":{"rendered":"<p>XXL komplet sadr\u017ei: 1 dr\u0161ka + 2 zamjenjive metlice<br \/>\nMetle za pra\u0161inu skupljaju i zadr\u017eavaju do tri puta vi\u0161e pra\u0161ine i dlaka od pernate imele<br \/>\nZamjenske \u010detke izra\u0111ene su od 33% recikliranih sinteti\u010dkih vlakana<\/p>\n","protected":false},"featured_media":43653,"template":"","meta":{"_seopress_robots_primary_cat":"","_seopress_titles_title":"","_seopress_titles_desc":"","_seopress_robots_index":"","iawp_total_views":0},"product_brand":[514],"product_cat":[274,238],"product_tag":[],"class_list":{"0":"post-43652","1":"product","2":"type-product","3":"status-publish","4":"has-post-thumbnail","6":"product_brand-swiffer","7":"product_cat-kucanski-pribor-238","8":"product_cat-sve-za-dom","10":"first","11":"instock","12":"shipping-taxable","13":"purchasable","14":"product-type-simple"},"_links":{"self":[{"href":"https:\/\/singuli.wpress.me\/index.php\/wp-json\/wp\/v2\/product\/43652","targetHints":{"allow":["GET"]}}],"collection":[{"href":"https:\/\/singuli.wpress.me\/index.php\/wp-json\/wp\/v2\/product"}],"about":[{"href":"https:\/\/singuli.wpress.me\/index.php\/wp-json\/wp\/v2\/types\/product"}],"version-history":[{"count":0,"href":"https:\/\/singuli.wpress.me\/index.php\/wp-json\/wp\/v2\/product\/43652\/revisions"}],"wp:featuredmedia":[{"embeddable":true,"href":"https:\/\/singuli.wpress.me\/index.php\/wp-json\/wp\/v2\/media\/43653"}],"wp:attachment":[{"href":"https:\/\/singuli.wpress.me\/index.php\/wp-json\/wp\/v2\/media?parent=43652"}],"wp:term":[{"taxonomy":"product_brand","embeddable":true,"href":"https:\/\/singuli.wpress.me\/index.php\/wp-json\/wp\/v2\/product_brand?post=43652"},{"taxonomy":"product_cat","embeddable":true,"href":"https:\/\/singuli.wpress.me\/index.php\/wp-json\/wp\/v2\/product_cat?post=43652"},{"taxonomy":"product_tag","embeddable":true,"href":"https:\/\/singuli.wpress.me\/index.php\/wp-json\/wp\/v2\/product_tag?post=43652"}],"curies":[{"name":"wp","href":"https:\/\/api.w.org\/{rel}","templated":true}]}}