{"id":43682,"date":"2026-04-20T00:31:56","date_gmt":"2026-04-20T00:31:56","guid":{"rendered":"https:\/\/singuli.wpress.me\/index.php\/proizvod\/autan-family-care-losion-protiv-uboda-komaraca-100-ml\/"},"modified":"2026-04-20T12:33:52","modified_gmt":"2026-04-20T12:33:52","slug":"autan-family-care-losion-protiv-uboda-komaraca-100-ml","status":"publish","type":"product","link":"https:\/\/singuli.wpress.me\/index.php\/proizvod\/autan-family-care-losion-protiv-uboda-komaraca-100-ml\/","title":{"rendered":"AUTAN Family Care, losion, protiv uboda komaraca, 100\u00a0ml"},"content":{"rendered":"<p>Autan\u00ae Family losion pru\u017ea djelotvornu za\u0161titu od komaraca do 4 sata, istovremeno njeguju\u0107i ko\u017eu.<\/p>\n<p>Njegova dermatolo\u0161ki testirana formula sadr\u017ei hidratantne supstance i Aloe Veru te je pogodna za djecu iznad 2 godine.<\/p>\n<p><span style=\"font-weight: bold\">Upute za uporabu:<\/span><br \/>\nKoriste\u0107i raspr\u0161iva\u010d nanesite sredstvo na izlo\u017eenu ko\u017eu te rukama jednakomjerno razma\u017eite (pribli\u017eno 6-7 pokreta rukom \/ ~ 1 ml po podlaktici).<\/p>\n<p>Za nano\u0161enje na odraslo ili djetetovo lice: raspr\u0161ite sredstvo na dlan odrasle osobe i tanko prema\u017eite lice izbjegavaju\u0107i o\u010di i usta.<\/p>\n<p>Ponovite postupak nakon \u0161to primjetite gubitak djelotvornosti.<\/p>\n","protected":false},"excerpt":{"rendered":"<p>\u0160titi od komaraca do 4 sata<br \/>\nPogodno za djecu iznad 2 godine<br \/>\nDermatolo\u0161ki testirana formula<\/p>\n","protected":false},"featured_media":43683,"template":"","meta":{"_seopress_robots_primary_cat":"","_seopress_titles_title":"","_seopress_titles_desc":"","_seopress_robots_index":"","iawp_total_views":0},"product_brand":[821],"product_cat":[268,278],"product_tag":[],"class_list":{"0":"post-43682","1":"product","2":"type-product","3":"status-publish","4":"has-post-thumbnail","6":"product_brand-autan","7":"product_cat-kozmetika-2","8":"product_cat-njega-tijela-268","10":"first","11":"instock","12":"shipping-taxable","13":"purchasable","14":"product-type-simple"},"_links":{"self":[{"href":"https:\/\/singuli.wpress.me\/index.php\/wp-json\/wp\/v2\/product\/43682","targetHints":{"allow":["GET"]}}],"collection":[{"href":"https:\/\/singuli.wpress.me\/index.php\/wp-json\/wp\/v2\/product"}],"about":[{"href":"https:\/\/singuli.wpress.me\/index.php\/wp-json\/wp\/v2\/types\/product"}],"version-history":[{"count":0,"href":"https:\/\/singuli.wpress.me\/index.php\/wp-json\/wp\/v2\/product\/43682\/revisions"}],"wp:featuredmedia":[{"embeddable":true,"href":"https:\/\/singuli.wpress.me\/index.php\/wp-json\/wp\/v2\/media\/43683"}],"wp:attachment":[{"href":"https:\/\/singuli.wpress.me\/index.php\/wp-json\/wp\/v2\/media?parent=43682"}],"wp:term":[{"taxonomy":"product_brand","embeddable":true,"href":"https:\/\/singuli.wpress.me\/index.php\/wp-json\/wp\/v2\/product_brand?post=43682"},{"taxonomy":"product_cat","embeddable":true,"href":"https:\/\/singuli.wpress.me\/index.php\/wp-json\/wp\/v2\/product_cat?post=43682"},{"taxonomy":"product_tag","embeddable":true,"href":"https:\/\/singuli.wpress.me\/index.php\/wp-json\/wp\/v2\/product_tag?post=43682"}],"curies":[{"name":"wp","href":"https:\/\/api.w.org\/{rel}","templated":true}]}}