{"id":43727,"date":"2026-04-20T00:32:09","date_gmt":"2026-04-20T00:32:09","guid":{"rendered":"https:\/\/singuli.wpress.me\/index.php\/proizvod\/heinz-umak-za-tjesteninu-bolognese-500-g-2\/"},"modified":"2026-04-21T00:27:25","modified_gmt":"2026-04-21T00:27:25","slug":"heinz-umak-za-tjesteninu-bolognese-500-g-2","status":"publish","type":"product","link":"https:\/\/singuli.wpress.me\/index.php\/proizvod\/heinz-umak-za-tjesteninu-bolognese-500-g-2\/","title":{"rendered":"HEINZ, umak za tjesteninu, Bolognese, 500\u00a0g"},"content":{"rendered":"<p>Heinz umak bolognese je popularan proizvod koji se koristi \u0161irom svijeta. Heinz je poznati brend koji proizvodi razne prehrambene proizvode, a umak bolognese je jedan od njih.<\/p>\n<p>Heinz umak bolognese je gusto, bogato i aromati\u010dno jelo od raj\u010dica s dodatkom mesa, povr\u0107a i za\u010dina. Ovaj umak je inspiriran tradicionalnim talijanskim receptom i ima karakteristi\u010dan okus. Umak bolognese se obi\u010dno koristi kao preljev za tjesteninu, posebno za popularne jela kao \u0161to su \u0161pageti bolognese.<\/p>\n<p>Heinz umak bolognese je pripremljen s visokokvalitetnim sastojcima kako bi se postigao autenti\u010dan okus. Raj\u010dice, mljeveno meso, luk, \u010de\u0161njak, za\u010dini i drugi sastojci se pa\u017eljivo kombiniraju kako bi se stvorila ukusna i balansirana aroma.<\/p>\n<p>Heinz umak bolognese dolazi u prakti\u010dnim staklenim ili plasti\u010dnim posudama koje su jednostavne za upotrebu i \u010duvanje. Mo\u017ee se lako zagrijati i poslu\u017eiti s tjesteninom ili drugim jelima po \u017eelji.<\/p>\n<p>Kao i ostali proizvodi Heinz, umak bolognese se proizvodi s visokim standardima kvalitete i sigurnosti hrane. Brend Heinz je poznat po svom dugogodi\u0161njem iskustvu i predanosti u proizvodnji vrhunskih prehrambenih proizvoda.<\/p>\n<p>Ukratko, Heinz umak bolognese je popularan proizvod koji nudi autenti\u010dan okus talijanskog umaka. Njegova raznolika upotreba \u010dini ga omiljenim izborom za jela s tjesteninom, a visoka kvaliteta sastojaka \u010dini ga pouzdanim izborom za ljubitelje fine kuhinje u Hrvatskoj i diljem svijeta.<\/p>\n","protected":false},"excerpt":{"rendered":"<p>Autenti\u010dan okus talijanskog umaka<br \/>\nIzra\u0111en od pa\u017eljivo odabranih sastojaka<br \/>\nProizvodi se s visokim standardima kvalitete i sigurnosti hrane<\/p>\n","protected":false},"featured_media":43728,"template":"","meta":{"_seopress_robots_primary_cat":"","_seopress_titles_title":"","_seopress_titles_desc":"","_seopress_robots_index":"","iawp_total_views":0},"product_brand":[395],"product_cat":[266,265,160],"product_tag":[],"class_list":{"0":"post-43727","1":"product","2":"type-product","3":"status-publish","4":"has-post-thumbnail","6":"product_brand-heinz","7":"product_cat-aparati-za-kuhanje-265","8":"product_cat-kuhinjski-aparati-160","9":"product_cat-mali-kucanski-aparati","11":"first","12":"outofstock","13":"shipping-taxable","14":"purchasable","15":"product-type-simple"},"_links":{"self":[{"href":"https:\/\/singuli.wpress.me\/index.php\/wp-json\/wp\/v2\/product\/43727","targetHints":{"allow":["GET"]}}],"collection":[{"href":"https:\/\/singuli.wpress.me\/index.php\/wp-json\/wp\/v2\/product"}],"about":[{"href":"https:\/\/singuli.wpress.me\/index.php\/wp-json\/wp\/v2\/types\/product"}],"version-history":[{"count":0,"href":"https:\/\/singuli.wpress.me\/index.php\/wp-json\/wp\/v2\/product\/43727\/revisions"}],"wp:featuredmedia":[{"embeddable":true,"href":"https:\/\/singuli.wpress.me\/index.php\/wp-json\/wp\/v2\/media\/43728"}],"wp:attachment":[{"href":"https:\/\/singuli.wpress.me\/index.php\/wp-json\/wp\/v2\/media?parent=43727"}],"wp:term":[{"taxonomy":"product_brand","embeddable":true,"href":"https:\/\/singuli.wpress.me\/index.php\/wp-json\/wp\/v2\/product_brand?post=43727"},{"taxonomy":"product_cat","embeddable":true,"href":"https:\/\/singuli.wpress.me\/index.php\/wp-json\/wp\/v2\/product_cat?post=43727"},{"taxonomy":"product_tag","embeddable":true,"href":"https:\/\/singuli.wpress.me\/index.php\/wp-json\/wp\/v2\/product_tag?post=43727"}],"curies":[{"name":"wp","href":"https:\/\/api.w.org\/{rel}","templated":true}]}}