{"id":43731,"date":"2026-04-20T00:32:10","date_gmt":"2026-04-20T00:32:10","guid":{"rendered":"https:\/\/singuli.wpress.me\/index.php\/proizvod\/ariel-mountain-spring-praskasti-deterdzent-260g-4-pranja\/"},"modified":"2026-04-21T00:27:25","modified_gmt":"2026-04-21T00:27:25","slug":"ariel-mountain-spring-praskasti-deterdzent-260g-4-pranja","status":"publish","type":"product","link":"https:\/\/singuli.wpress.me\/index.php\/proizvod\/ariel-mountain-spring-praskasti-deterdzent-260g-4-pranja\/","title":{"rendered":"ARIEL Mountain Spring, pra\u0161kasti deterd\u017eent, 260g, 4\u00a0pranja"},"content":{"rendered":"<p>Ariel, Mountain Spring, pra\u0161kasti deterd\u017eent, s tehnologijom protiv tragova deterd\u017eenta donosi blistavu Arielovu \u010disto\u0107u pri pranju na hladnijim temperaturama. <\/p>\n<p>Inovativna formula AquaPuder brzo se otapa u kontaktu s vodom, aktivira se u trenu i prodire duboko u vlakna za izvanrednu \u010disto\u0107u \u010dak i pri ni\u017eim temperaturama. Pra\u0161kasti deterd\u017eent Ariel uklanja tvrdokorne mrlje, \u010dak i one od znoja i tjelesnih mirisa koje uzrokuju neugodne mirise. <\/p>\n<p>Njegova jedinstvena tehnologija protiv tragova deterd\u017eenta poma\u017ee sprije\u010diti zadr\u017eavanje tragova pra\u0161ka. Snizite temperaturu pranja na 30 \u00b0C i u\u0161tedite do 60% energije! (Potro\u0161nja energije perilice rublja, od 60 \u00b0C do 30 \u00b0C, normalni program pranja)., <\/p>\n<p>Osim toga, Ariel Mountain Spring dolazi u pakiranju koje se mo\u017ee reciklirati, a dostupan je i kao teku\u0107i deterd\u017eent i u obliku kapsula.<\/p>\n","protected":false},"excerpt":{"rendered":"<p>Osigurava briljantnu \u010disto\u0107u u hladnijim programima pranja<br \/>\nInovativna formula AquaPuder se brzo otapa u dodiru s vodom<br \/>\nSadr\u017ei jedinstvenu tehnologiju Anti-Residue, koja poma\u017ee u sprje\u010davanju nakupljanja ostataka praha na rublju<\/p>\n","protected":false},"featured_media":43732,"template":"","meta":{"_seopress_robots_primary_cat":"","_seopress_titles_title":"","_seopress_titles_desc":"","_seopress_robots_index":"","iawp_total_views":0},"product_brand":[427],"product_cat":[283,238],"product_tag":[],"class_list":{"0":"post-43731","1":"product","2":"type-product","3":"status-publish","4":"has-post-thumbnail","6":"product_brand-ariel","7":"product_cat-pranje-rublja-238","8":"product_cat-sve-za-dom","10":"first","11":"outofstock","12":"shipping-taxable","13":"purchasable","14":"product-type-simple"},"_links":{"self":[{"href":"https:\/\/singuli.wpress.me\/index.php\/wp-json\/wp\/v2\/product\/43731","targetHints":{"allow":["GET"]}}],"collection":[{"href":"https:\/\/singuli.wpress.me\/index.php\/wp-json\/wp\/v2\/product"}],"about":[{"href":"https:\/\/singuli.wpress.me\/index.php\/wp-json\/wp\/v2\/types\/product"}],"version-history":[{"count":0,"href":"https:\/\/singuli.wpress.me\/index.php\/wp-json\/wp\/v2\/product\/43731\/revisions"}],"wp:featuredmedia":[{"embeddable":true,"href":"https:\/\/singuli.wpress.me\/index.php\/wp-json\/wp\/v2\/media\/43732"}],"wp:attachment":[{"href":"https:\/\/singuli.wpress.me\/index.php\/wp-json\/wp\/v2\/media?parent=43731"}],"wp:term":[{"taxonomy":"product_brand","embeddable":true,"href":"https:\/\/singuli.wpress.me\/index.php\/wp-json\/wp\/v2\/product_brand?post=43731"},{"taxonomy":"product_cat","embeddable":true,"href":"https:\/\/singuli.wpress.me\/index.php\/wp-json\/wp\/v2\/product_cat?post=43731"},{"taxonomy":"product_tag","embeddable":true,"href":"https:\/\/singuli.wpress.me\/index.php\/wp-json\/wp\/v2\/product_tag?post=43731"}],"curies":[{"name":"wp","href":"https:\/\/api.w.org\/{rel}","templated":true}]}}