{"id":43738,"date":"2026-04-20T00:32:16","date_gmt":"2026-04-20T00:32:16","guid":{"rendered":"https:\/\/singuli.wpress.me\/index.php\/proizvod\/lavazza-nespresso-kapsule-ristretto-aluminijsko-pakiranje\/"},"modified":"2026-04-20T12:33:52","modified_gmt":"2026-04-20T12:33:52","slug":"lavazza-nespresso-kapsule-ristretto-aluminijsko-pakiranje","status":"publish","type":"product","link":"https:\/\/singuli.wpress.me\/index.php\/proizvod\/lavazza-nespresso-kapsule-ristretto-aluminijsko-pakiranje\/","title":{"rendered":"LAVAZZA, nespresso kapsule, Ristretto &#8211; aluminijsko pakiranje"},"content":{"rendered":"<p><span style=\"font-weight: bold\">Espresso Ristretto<\/span>, kava punog tijela, za ljubitelje autenti\u010dnog talijanskog Ristretta. <\/p>\n<p>Mje\u0161avinom Arabice s podru\u010dja Srednje i Ju\u017ene Amerike i Robuste s iz jugoisto\u010dne Azije \u010dini savr\u0161enu kavu s okusom laganog gorkog tijela.<\/p>\n<p>Sastav: mje\u0161avina Robusta\/Arabica<br \/>\nIntenzitet: 12\/13<br \/>\nNote:\u010dokolada, karamela<br \/>\nPr\u017eenje: Noble dark<\/p>\n<p>Kapsule su kompatibilne s Nespresso ku\u0107nim aparatima. <\/p>\n<p>*Nescafe\u00ae,  za\u0161titni znaki tre\u0107e strane bez ikakve veze sa Luigi Lavazza S.p.A<\/p>\n","protected":false},"excerpt":{"rendered":"<p>Arabica i Robusta<br \/>\nIntenzitet: 12\/13<br \/>\nNote: \u010dokolada i karamela<\/p>\n","protected":false},"featured_media":43739,"template":"","meta":{"_seopress_robots_primary_cat":"","_seopress_titles_title":"","_seopress_titles_desc":"","_seopress_robots_index":"","iawp_total_views":0},"product_brand":[393],"product_cat":[211,289],"product_tag":[],"class_list":{"0":"post-43738","1":"product","2":"type-product","3":"status-publish","4":"has-post-thumbnail","6":"product_brand-lavazza","7":"product_cat-njega-majke-i-djeteta","8":"product_cat-trudnoca-i-vitamini-211","10":"first","11":"instock","12":"shipping-taxable","13":"purchasable","14":"product-type-simple"},"_links":{"self":[{"href":"https:\/\/singuli.wpress.me\/index.php\/wp-json\/wp\/v2\/product\/43738","targetHints":{"allow":["GET"]}}],"collection":[{"href":"https:\/\/singuli.wpress.me\/index.php\/wp-json\/wp\/v2\/product"}],"about":[{"href":"https:\/\/singuli.wpress.me\/index.php\/wp-json\/wp\/v2\/types\/product"}],"version-history":[{"count":0,"href":"https:\/\/singuli.wpress.me\/index.php\/wp-json\/wp\/v2\/product\/43738\/revisions"}],"wp:featuredmedia":[{"embeddable":true,"href":"https:\/\/singuli.wpress.me\/index.php\/wp-json\/wp\/v2\/media\/43739"}],"wp:attachment":[{"href":"https:\/\/singuli.wpress.me\/index.php\/wp-json\/wp\/v2\/media?parent=43738"}],"wp:term":[{"taxonomy":"product_brand","embeddable":true,"href":"https:\/\/singuli.wpress.me\/index.php\/wp-json\/wp\/v2\/product_brand?post=43738"},{"taxonomy":"product_cat","embeddable":true,"href":"https:\/\/singuli.wpress.me\/index.php\/wp-json\/wp\/v2\/product_cat?post=43738"},{"taxonomy":"product_tag","embeddable":true,"href":"https:\/\/singuli.wpress.me\/index.php\/wp-json\/wp\/v2\/product_tag?post=43738"}],"curies":[{"name":"wp","href":"https:\/\/api.w.org\/{rel}","templated":true}]}}