{"id":43758,"date":"2026-04-20T00:32:22","date_gmt":"2026-04-20T00:32:22","guid":{"rendered":"https:\/\/singuli.wpress.me\/index.php\/proizvod\/gillette-venus-3-jednokratne-britvice-3-kom\/"},"modified":"2026-04-20T12:33:52","modified_gmt":"2026-04-20T12:33:52","slug":"gillette-venus-3-jednokratne-britvice-3-kom","status":"publish","type":"product","link":"https:\/\/singuli.wpress.me\/index.php\/proizvod\/gillette-venus-3-jednokratne-britvice-3-kom\/","title":{"rendered":"GILLETTE Venus 3, jednokratne britvice, 3\u00a0kom"},"content":{"rendered":"<p>U\u017eivajte u glatkoj ko\u017ei s manje iritacija (u odnosu na Simply Venus2) uz jednokratne \u017eenske britvice Gillette Venus3 koje omogu\u0107uju temeljito brijanje po povoljnoj cijeni. <\/p>\n<p>Britvice imaju pokretljivu glavu s 3 o\u0161trice i vla\u017enu trakicu koja olak\u0161ava klizanje brija\u010da, a tu su i za\u0161titna mikrokrilca koja poma\u017eu smanjiti posjekotine. <\/p>\n<p>U\u017eivajte u temeljitom i ugodnijem brijanju (u odnosu na Simply Venus2).<\/p>\n","protected":false},"excerpt":{"rendered":"<p>La\u017ena trakica olak\u0161ava klizanje po ko\u017ei<br \/>\n3 \u017eenske jednokratne britvice s 3 o\u0161trice<br \/>\nPokretljiva glava za podru\u010dja koja je te\u017ee obrijati<\/p>\n","protected":false},"featured_media":43759,"template":"","meta":{"_seopress_robots_primary_cat":"","_seopress_titles_title":"","_seopress_titles_desc":"","_seopress_robots_index":"","iawp_total_views":0},"product_brand":[323],"product_cat":[280,192,279],"product_tag":[],"class_list":{"0":"post-43758","1":"product","2":"type-product","3":"status-publish","4":"has-post-thumbnail","6":"product_brand-gillette","7":"product_cat-aparati-za-muskarce-279","8":"product_cat-aparati-za-osobnu-njegu","9":"product_cat-brijanje-i-sisanje-192","11":"first","12":"outofstock","13":"shipping-taxable","14":"purchasable","15":"product-type-simple"},"_links":{"self":[{"href":"https:\/\/singuli.wpress.me\/index.php\/wp-json\/wp\/v2\/product\/43758","targetHints":{"allow":["GET"]}}],"collection":[{"href":"https:\/\/singuli.wpress.me\/index.php\/wp-json\/wp\/v2\/product"}],"about":[{"href":"https:\/\/singuli.wpress.me\/index.php\/wp-json\/wp\/v2\/types\/product"}],"version-history":[{"count":0,"href":"https:\/\/singuli.wpress.me\/index.php\/wp-json\/wp\/v2\/product\/43758\/revisions"}],"wp:featuredmedia":[{"embeddable":true,"href":"https:\/\/singuli.wpress.me\/index.php\/wp-json\/wp\/v2\/media\/43759"}],"wp:attachment":[{"href":"https:\/\/singuli.wpress.me\/index.php\/wp-json\/wp\/v2\/media?parent=43758"}],"wp:term":[{"taxonomy":"product_brand","embeddable":true,"href":"https:\/\/singuli.wpress.me\/index.php\/wp-json\/wp\/v2\/product_brand?post=43758"},{"taxonomy":"product_cat","embeddable":true,"href":"https:\/\/singuli.wpress.me\/index.php\/wp-json\/wp\/v2\/product_cat?post=43758"},{"taxonomy":"product_tag","embeddable":true,"href":"https:\/\/singuli.wpress.me\/index.php\/wp-json\/wp\/v2\/product_tag?post=43758"}],"curies":[{"name":"wp","href":"https:\/\/api.w.org\/{rel}","templated":true}]}}