{"id":43766,"date":"2026-04-20T00:32:24","date_gmt":"2026-04-20T00:32:24","guid":{"rendered":"https:\/\/singuli.wpress.me\/index.php\/proizvod\/chewy-vites-kids-multi-probio-gumeni-bomboni-60-kom\/"},"modified":"2026-04-20T12:33:52","modified_gmt":"2026-04-20T12:33:52","slug":"chewy-vites-kids-multi-probio-gumeni-bomboni-60-kom","status":"publish","type":"product","link":"https:\/\/singuli.wpress.me\/index.php\/proizvod\/chewy-vites-kids-multi-probio-gumeni-bomboni-60-kom\/","title":{"rendered":"CHEWY VITES Kids Multi + Probio, gumeni bomboni, 60\u00a0kom"},"content":{"rendered":"<p><span style=\"font-weight: bold\">Chewy Vites Kids MULTI-VIT + PROBIO<\/span>, gumeni bomboni za \u017evakanje, za djecu stariju od 3 godine dodatak prehrani s vitaminima, jodom i kulturama mikroorganizama.<\/p>\n<p><span style=\"font-weight: bold\">Sadr\u017ei 11 vitamina minerala i jednu milijardu dobrih bakterija<\/span> (2 znanstveno testirana bakterijska soja). Sadr\u017ei vitamin D koji pridonosi normalnoj funkciji imunolo\u0161kog sustava u djece, te jod koji je potreban za normalan rast djece. Neizostavna su pomo\u0107 za vrijeme i nakon antibiotske terapije.<br \/>\n<span style=\"font-weight: bold\"><br \/>\nNA\u010cIN PRIMJENE:<\/span><br \/>\nPreporu\u010dena dnevna koli\u010dina za djecu stariju od 3 godine je 1 gumeni bombon, temeljito sa\u017evakati uz obrok (ne na prazan \u017eeludac) pod nadzorom odrasle osobe. Proizvod mogu konzumirati i odrasle osobe.<\/p>\n<p><span style=\"font-weight: bold\">KLJU\u010cNE INFORMACIJE:<\/span><br \/>\nSvaki gumeni bombon sadr\u017ei 1 milijardu dobrih bakterija i 11 esencijalnih vitamina i minerala: vitamin A, B6, B12, C, D, E, folna kiselina, niacin, biotin, pantotenska kiselina, jod. Okus \u0161umskog vo\u0107a, napravljen o od pravog vo\u0107nog soka.<\/p>\n<p><span style=\"font-weight: bold\">Uzimati jedan dnevno<\/span>. Sadr\u017ei 100% preporu\u010denog dnevnog unosa vitamina D, A, B12, folne kiseline i biotina. Dovoljno za dva mjeseca. Prikladno za vegane i vegetarijance.  Bez umjetnih boja, aroma, sladila, konzervansa, bez GMO-a i bez glutena. Prikladno za djecu od 3. godine navi\u0161e.<\/p>\n<p><span style=\"font-weight: bold\">KOLI\u010cINE U DNEVNOJ DOZI:<\/span><br \/>\nSastojci u preporu\u010denoj dnevnoj dozi (= 1 gumeni bombon):<br \/>\nVitamin A 800 \u00b5g 100% PU<br \/>\nVitamin D 5 \u00b5g 100% PU<br \/>\nVitamin E 6 mg 50% PU<br \/>\nVitamin C 20 mg 25% PU<br \/>\nNiacin 4 mg 25% PU<br \/>\nVitamin B6 0,7 mg 50% PU<br \/>\nFolna kiselina 200 \u00b5g 100% PU<br \/>\nVitamin B12 2,5 \u00b5g 100% PU<br \/>\nBiotin 50 \u00b5g 100% PU<br \/>\nPantotenska kiselina 3 mg 50% PU<br \/>\nJod 75 \u00b5g 50% PU<br \/>\nBifidobacterium infantis 0,5&#215;109 cfu<br \/>\nLactobacillus rhamnosus 0,5x109cfu<br \/>\n                                                                                                                                                                  PU = Preporu\u010deni dnevni unos<br \/>\ncfu = Colony Forming Units<\/p>\n","protected":false},"excerpt":{"rendered":"<p>za djecu stariju od 3 godine dodatak prehrani s vitaminima, jodom i kulturama mikroorganizama<br \/>\nSadr\u017ei 11 vitamina minerala i jednu milijardu dobrih bakterija<br \/>\nPreporu\u010deni dnevni unos je jedan bombon na dan<\/p>\n","protected":false},"featured_media":43767,"template":"","meta":{"_seopress_robots_primary_cat":"","_seopress_titles_title":"","_seopress_titles_desc":"","_seopress_robots_index":"","iawp_total_views":0},"product_brand":[764],"product_cat":[211,289],"product_tag":[],"class_list":{"0":"post-43766","1":"product","2":"type-product","3":"status-publish","4":"has-post-thumbnail","6":"product_brand-chewy-vites","7":"product_cat-njega-majke-i-djeteta","8":"product_cat-trudnoca-i-vitamini-211","10":"first","11":"instock","12":"shipping-taxable","13":"purchasable","14":"product-type-simple"},"_links":{"self":[{"href":"https:\/\/singuli.wpress.me\/index.php\/wp-json\/wp\/v2\/product\/43766","targetHints":{"allow":["GET"]}}],"collection":[{"href":"https:\/\/singuli.wpress.me\/index.php\/wp-json\/wp\/v2\/product"}],"about":[{"href":"https:\/\/singuli.wpress.me\/index.php\/wp-json\/wp\/v2\/types\/product"}],"version-history":[{"count":0,"href":"https:\/\/singuli.wpress.me\/index.php\/wp-json\/wp\/v2\/product\/43766\/revisions"}],"wp:featuredmedia":[{"embeddable":true,"href":"https:\/\/singuli.wpress.me\/index.php\/wp-json\/wp\/v2\/media\/43767"}],"wp:attachment":[{"href":"https:\/\/singuli.wpress.me\/index.php\/wp-json\/wp\/v2\/media?parent=43766"}],"wp:term":[{"taxonomy":"product_brand","embeddable":true,"href":"https:\/\/singuli.wpress.me\/index.php\/wp-json\/wp\/v2\/product_brand?post=43766"},{"taxonomy":"product_cat","embeddable":true,"href":"https:\/\/singuli.wpress.me\/index.php\/wp-json\/wp\/v2\/product_cat?post=43766"},{"taxonomy":"product_tag","embeddable":true,"href":"https:\/\/singuli.wpress.me\/index.php\/wp-json\/wp\/v2\/product_tag?post=43766"}],"curies":[{"name":"wp","href":"https:\/\/api.w.org\/{rel}","templated":true}]}}