{"id":43787,"date":"2026-04-20T00:32:30","date_gmt":"2026-04-20T00:32:30","guid":{"rendered":"https:\/\/singuli.wpress.me\/index.php\/proizvod\/sudocrem-zastitna-krema-za-djecu-125-g-2\/"},"modified":"2026-04-20T12:33:53","modified_gmt":"2026-04-20T12:33:53","slug":"sudocrem-zastitna-krema-za-djecu-125-g-2","status":"publish","type":"product","link":"https:\/\/singuli.wpress.me\/index.php\/proizvod\/sudocrem-zastitna-krema-za-djecu-125-g-2\/","title":{"rendered":"SUDOCREM, za\u0161titna krema, za djecu, 125\u00a0g"},"content":{"rendered":"<p><span style=\"font-weight: bold\">Sudocrem<\/span> je jednostavan i u\u010dinkovit saveznik svih majki ve\u0107 80 godina.<\/p>\n<p>Sudocrem \u0161titi, smiruje i poma\u017ee kod crvene i ranjive ko\u017ee uklju\u010duju\u0107i pelensko podru\u010dje i druga mjesta s ispucanom i nadra\u017eenom ko\u017eom.<\/p>\n<p><span style=\"font-weight: bold\">\u0160to je Sudocrem<\/span>?<br \/>\nSudocrem je za\u0161titna krema koja djeluje emolijentno tj omek\u0161ava ko\u017eu (lanolin), protuupalno (cinkov oksid + benzil benzoat\/benzil cinamat), antisepti\u010dki (benzilni alkohol) i poti\u010de regeneraciju ko\u017ee (sastavnice Peruanskog balzama). Jedinstven, hipoalergeni sastav namijenjen je upravo njezi osjetljivog pelenskog podru\u010dja nje\u017ene dje\u010dje ko\u017ee. \u0160titi, umiruje i poma\u017ee i kod crvenila, nadra\u017eene i ispucale ko\u017ee.<\/p>\n<p>Sudocrem dokazano br\u017ee i u\u010dinkovitije smanjuje intenzitet i trajanje pelenskog osipa od konvencionalnih proizvoda koji sadr\u017ee cink, alantoin ili pantenol.<\/p>\n","protected":false},"excerpt":{"rendered":"<p>Sadr\u017ei cinkov oksid<br \/>\nZa\u0161titna krema<br \/>\nHipoalergeni sastav<\/p>\n","protected":false},"featured_media":43788,"template":"","meta":{"_seopress_robots_primary_cat":"","_seopress_titles_title":"","_seopress_titles_desc":"","_seopress_robots_index":"","iawp_total_views":0},"product_brand":[788],"product_cat":[268,278],"product_tag":[],"class_list":{"0":"post-43787","1":"product","2":"type-product","3":"status-publish","4":"has-post-thumbnail","6":"product_brand-sudocrem","7":"product_cat-kozmetika-2","8":"product_cat-njega-tijela-268","10":"first","11":"instock","12":"shipping-taxable","13":"purchasable","14":"product-type-simple"},"_links":{"self":[{"href":"https:\/\/singuli.wpress.me\/index.php\/wp-json\/wp\/v2\/product\/43787","targetHints":{"allow":["GET"]}}],"collection":[{"href":"https:\/\/singuli.wpress.me\/index.php\/wp-json\/wp\/v2\/product"}],"about":[{"href":"https:\/\/singuli.wpress.me\/index.php\/wp-json\/wp\/v2\/types\/product"}],"version-history":[{"count":0,"href":"https:\/\/singuli.wpress.me\/index.php\/wp-json\/wp\/v2\/product\/43787\/revisions"}],"wp:featuredmedia":[{"embeddable":true,"href":"https:\/\/singuli.wpress.me\/index.php\/wp-json\/wp\/v2\/media\/43788"}],"wp:attachment":[{"href":"https:\/\/singuli.wpress.me\/index.php\/wp-json\/wp\/v2\/media?parent=43787"}],"wp:term":[{"taxonomy":"product_brand","embeddable":true,"href":"https:\/\/singuli.wpress.me\/index.php\/wp-json\/wp\/v2\/product_brand?post=43787"},{"taxonomy":"product_cat","embeddable":true,"href":"https:\/\/singuli.wpress.me\/index.php\/wp-json\/wp\/v2\/product_cat?post=43787"},{"taxonomy":"product_tag","embeddable":true,"href":"https:\/\/singuli.wpress.me\/index.php\/wp-json\/wp\/v2\/product_tag?post=43787"}],"curies":[{"name":"wp","href":"https:\/\/api.w.org\/{rel}","templated":true}]}}