{"id":43802,"date":"2026-04-20T00:32:35","date_gmt":"2026-04-20T00:32:35","guid":{"rendered":"https:\/\/singuli.wpress.me\/index.php\/proizvod\/spirax-s4-txm-transmisijsko-ulje-209-l\/"},"modified":"2026-04-21T00:27:25","modified_gmt":"2026-04-21T00:27:25","slug":"spirax-s4-txm-transmisijsko-ulje-209-l","status":"publish","type":"product","link":"https:\/\/singuli.wpress.me\/index.php\/proizvod\/spirax-s4-txm-transmisijsko-ulje-209-l\/","title":{"rendered":"SPIRAX S4 TXM, transmisijsko ulje, 209\u00a0l"},"content":{"rendered":"<p>Vrhunsko univerzalno traktorsko transmisijsko ulje (UTTO) dizajnirano za primjenu u prijenosima, hidrauli\u010dkim sustavima, u ulju potopljenim ko\u010dnicama i drugoj pomo\u0107noj i priklju\u010dnoj opremi na traktorima. Spirax S4 TXM prepoznat je od strana vode\u0107ih proizvo\u0111a\u010da poljoprivredne opreme i prikladno je za upotrebu u ve\u0107ini modernih strojeva. Karakteriziraju ga izvrsna antioksidacijska, smi\u010dna, za\u0161titna i antikorozivna svojstva uz izostanak pjenjenja, smanjenje zastoja, smanjenje operativnih tro\u0161kova i pove\u0107anje u\u010dinkovitosti. Modifikatori trenja poma\u017eu stvoriti ugla\u0111en i tihi rad mokrih ko\u010dnica.<\/p>\n<p>Specifikacija: SAE J 306 85W, API GL-4; John Deere JDM-J20C; MF M1145; Case New Holland MAT-3525, Volvo WB 101, Transmisijsko ulje 97303:015; ZF TE-ML 03E, 03L, 05F, 06D, 06K, 06M, 06N, 06R, 17E, 21F; Caterpillar CAT TO-2, Komatsu, MS M1143, Ford M2C-134 A-D, FNHA-2-C.201.00, Dana-Spicer, Pogodno za Allison C-4.<\/p>\n","protected":false},"excerpt":{"rendered":"<p>Bez pjenjenja<br \/>\nSmanjenje operativnih tro\u0161kova<br \/>\nUniverzalno traktorsko transmisijsko ulje (UTTO)<\/p>\n","protected":false},"featured_media":43803,"template":"","meta":{"_seopress_robots_primary_cat":"","_seopress_titles_title":"","_seopress_titles_desc":"","_seopress_robots_index":"","iawp_total_views":0},"product_brand":[371],"product_cat":[243,276],"product_tag":[],"class_list":{"0":"post-43802","1":"product","2":"type-product","3":"status-publish","4":"has-post-thumbnail","6":"product_brand-spirax","7":"product_cat-automobili-i-motori","8":"product_cat-industrijska-i-specijalna-ulja-243","10":"first","11":"instock","12":"shipping-taxable","13":"purchasable","14":"product-type-simple"},"_links":{"self":[{"href":"https:\/\/singuli.wpress.me\/index.php\/wp-json\/wp\/v2\/product\/43802","targetHints":{"allow":["GET"]}}],"collection":[{"href":"https:\/\/singuli.wpress.me\/index.php\/wp-json\/wp\/v2\/product"}],"about":[{"href":"https:\/\/singuli.wpress.me\/index.php\/wp-json\/wp\/v2\/types\/product"}],"version-history":[{"count":0,"href":"https:\/\/singuli.wpress.me\/index.php\/wp-json\/wp\/v2\/product\/43802\/revisions"}],"wp:featuredmedia":[{"embeddable":true,"href":"https:\/\/singuli.wpress.me\/index.php\/wp-json\/wp\/v2\/media\/43803"}],"wp:attachment":[{"href":"https:\/\/singuli.wpress.me\/index.php\/wp-json\/wp\/v2\/media?parent=43802"}],"wp:term":[{"taxonomy":"product_brand","embeddable":true,"href":"https:\/\/singuli.wpress.me\/index.php\/wp-json\/wp\/v2\/product_brand?post=43802"},{"taxonomy":"product_cat","embeddable":true,"href":"https:\/\/singuli.wpress.me\/index.php\/wp-json\/wp\/v2\/product_cat?post=43802"},{"taxonomy":"product_tag","embeddable":true,"href":"https:\/\/singuli.wpress.me\/index.php\/wp-json\/wp\/v2\/product_tag?post=43802"}],"curies":[{"name":"wp","href":"https:\/\/api.w.org\/{rel}","templated":true}]}}