{"id":43808,"date":"2026-04-20T00:32:37","date_gmt":"2026-04-20T00:32:37","guid":{"rendered":"https:\/\/singuli.wpress.me\/index.php\/proizvod\/ambi-pur-car-ocean-mist-osvjezivac-zraka-za-automobil-2x2ml-4-ml\/"},"modified":"2026-04-20T12:33:53","modified_gmt":"2026-04-20T12:33:53","slug":"ambi-pur-car-ocean-mist-osvjezivac-zraka-za-automobil-2x2ml-4-ml","status":"publish","type":"product","link":"https:\/\/singuli.wpress.me\/index.php\/proizvod\/ambi-pur-car-ocean-mist-osvjezivac-zraka-za-automobil-2x2ml-4-ml\/","title":{"rendered":"AMBI PUR CAR Ocean Mist, osvje\u017eiva\u010d zraka za automobil, 2x2ml, 4\u00a0ml"},"content":{"rendered":"<p>Neka va\u0161 automobil uvijek miri\u0161e svje\u017ee i odi\u0161e dobrodo\u0161licom. Osvje\u017eiva\u010d Ambi Pur Ocean Mist ispunit \u0107e ga svje\u017einom. <\/p>\n<p>Njegova tehnologija Odourclear ne maskira neugodne mirise ve\u0107 ih uistinu uklanja, \u010dak i one najupornije poput mirisa hrane, ku\u0107nih ljubimaca, dima ili otpada, a ostavlja blag, svje\u017e miris, koji traje i do 30 dana. <\/p>\n<p>Osvje\u017eiva\u010d Ambi Pur ne treba baterije ni elektri\u010dnu struju, malen je i diskretan te se lako postavlja na ventilacijski otvor u automobilu, a intenzitet mirisa regulirate uz pomo\u0107 kota\u010di\u0107a.<\/p>\n<p><img decoding=\"async\" src=\"https:\/\/prod-minio-orbico.nd0.pl\/orbico.ohr\/Piktogrami\/upozorenje.jpg\" alt=\"Upozorenje\" width=\"100\" height=\"100\"> <\/p>\n<p>UPOZORENJA: Nadra\u017euje ko\u017eu. Mo\u017ee izazvati alergijsku reakciju na ko\u017ei. Uzrokuje jako nadra\u017eivanje oka. Otrovno za vodeni okoli\u0161 s dugotrajnim u\u010dincima. \u010cuvati izvan dohvata djece. Sprije\u010diti dodir s o\u010dima, ko\u017eom ili odje\u0107om. Nositi za\u0161titne rukavice. <br \/>\nU SLU\u010cAJU DODIRA S KO\u017dOM: oprati velikom koli\u010dinom vode.<br \/> <br \/>\nU SLU\u010cAJU DODIRA S O\u010cIMA: oprezno ispirati vodom nekoliko minuta. Ukloniti kontaktne le\u0107e ako ih nosite i ako se one lako uklanjaju. Nastaviti ispirati.<br \/> <br \/>\nAKO SE PROGUTA: Odmah nazvati CENTAR ZA KONTROLU OTROVANJA\/lije\u010dnika. NE izazivati povra\u0107anje.<\/p>\n","protected":false},"excerpt":{"rendered":"<p>Osvje\u017eiva\u010d zraka za automobil<br \/>\nTehnologija Odourclear ne maskira ve\u0107 uistinu uklanja i najupornije neugodne mirise<br \/>\nPostavlja se na ventilacijski otvor<\/p>\n","protected":false},"featured_media":43809,"template":"","meta":{"_seopress_robots_primary_cat":"","_seopress_titles_title":"","_seopress_titles_desc":"","_seopress_robots_index":"","iawp_total_views":0},"product_brand":[769],"product_cat":[243,272],"product_tag":[],"class_list":{"0":"post-43808","1":"product","2":"type-product","3":"status-publish","4":"has-post-thumbnail","6":"product_brand-ambi-pur-car","7":"product_cat-automobili-i-motori","8":"product_cat-motorna-ulja-243","10":"first","11":"outofstock","12":"shipping-taxable","13":"purchasable","14":"product-type-simple"},"_links":{"self":[{"href":"https:\/\/singuli.wpress.me\/index.php\/wp-json\/wp\/v2\/product\/43808","targetHints":{"allow":["GET"]}}],"collection":[{"href":"https:\/\/singuli.wpress.me\/index.php\/wp-json\/wp\/v2\/product"}],"about":[{"href":"https:\/\/singuli.wpress.me\/index.php\/wp-json\/wp\/v2\/types\/product"}],"version-history":[{"count":0,"href":"https:\/\/singuli.wpress.me\/index.php\/wp-json\/wp\/v2\/product\/43808\/revisions"}],"wp:featuredmedia":[{"embeddable":true,"href":"https:\/\/singuli.wpress.me\/index.php\/wp-json\/wp\/v2\/media\/43809"}],"wp:attachment":[{"href":"https:\/\/singuli.wpress.me\/index.php\/wp-json\/wp\/v2\/media?parent=43808"}],"wp:term":[{"taxonomy":"product_brand","embeddable":true,"href":"https:\/\/singuli.wpress.me\/index.php\/wp-json\/wp\/v2\/product_brand?post=43808"},{"taxonomy":"product_cat","embeddable":true,"href":"https:\/\/singuli.wpress.me\/index.php\/wp-json\/wp\/v2\/product_cat?post=43808"},{"taxonomy":"product_tag","embeddable":true,"href":"https:\/\/singuli.wpress.me\/index.php\/wp-json\/wp\/v2\/product_tag?post=43808"}],"curies":[{"name":"wp","href":"https:\/\/api.w.org\/{rel}","templated":true}]}}