{"id":43825,"date":"2026-04-20T00:32:41","date_gmt":"2026-04-20T00:32:41","guid":{"rendered":"https:\/\/singuli.wpress.me\/index.php\/proizvod\/spirax-s2-atf-ax-transmisijsko-ulje-12x1l-12-l\/"},"modified":"2026-04-20T12:33:53","modified_gmt":"2026-04-20T12:33:53","slug":"spirax-s2-atf-ax-transmisijsko-ulje-12x1l-12-l","status":"publish","type":"product","link":"https:\/\/singuli.wpress.me\/index.php\/proizvod\/spirax-s2-atf-ax-transmisijsko-ulje-12x1l-12-l\/","title":{"rendered":"SPIRAX S2 ATF AX , transmisijsko ulje, 12x1l, 12\u00a0l"},"content":{"rendered":"<p>Visoko kvalitetno ulje za prijenos snage, automatske mjenja\u010de i hidrauli\u010dko ulje za uporabu u brojnim MAN, Volth i ZF jedinicama prijenosa snage. Prikladno je za uporabu u brojnim automobilima, te\u0161ko optere\u0107enim automatskim mjena\u010dima, servo ure\u0111ajima upravlja\u010da i drugim hidrauli\u010dkim sustavima. Ono \u010dime se isti\u010de je da pru\u017ea konzistentnost, pouzdanost i ugla\u0111enost u radu brojnih automobilskih sustava prijenosa snage. Otpornost ulja na degradaciju osigurava konstantne performanse. Odlikuje ga tako\u0111er izvrsna smi\u010dna stabilnost i pouzdana za\u0161tita od tro\u0161enja \u0161to omogu\u0107uje dugi vijek komponenti za konstantne performanse mjenja\u010da i hidrauli\u010dkih pumpi. Glavne primjene odnose se na automatske mjenja\u010de za osobne automobile, te\u0161ko optere\u0107ene automatske mjenja\u010de, servo ure\u0111aje upravlja\u010da i hidrauli\u010dke servo sustave.<\/p>\n<p>Specifikacija: Ford Mecron, Mercedes Benz 236.7, ZF TE-ML: 03D, 04D, 09, 11A, 14A; Voith 55.6335, MAN 339 Tip Z1 i 339 Tip V1, Renk, prikladno za aplikacije sa zahtjevom Allison C-4 i Dexron IID.<\/p>\n","protected":false},"excerpt":{"rendered":"<p>Otpornost na degradaciju<br \/>\nGlavne primjene su za automatske mjenja\u010de za osobne automobile, te\u0161ko optere\u0107ene automatske mjenja\u010de, servo ure\u0111aje upravlja\u010da i hidrauli\u010dke servo sustave<br \/>\nUlje za prijenos snage, automatske mjenja\u010de i hidrauliku<\/p>\n","protected":false},"featured_media":43826,"template":"","meta":{"_seopress_robots_primary_cat":"","_seopress_titles_title":"","_seopress_titles_desc":"","_seopress_robots_index":"","iawp_total_views":0},"product_brand":[371],"product_cat":[243,276],"product_tag":[],"class_list":{"0":"post-43825","1":"product","2":"type-product","3":"status-publish","4":"has-post-thumbnail","6":"product_brand-spirax","7":"product_cat-automobili-i-motori","8":"product_cat-industrijska-i-specijalna-ulja-243","10":"first","11":"instock","12":"shipping-taxable","13":"purchasable","14":"product-type-simple"},"_links":{"self":[{"href":"https:\/\/singuli.wpress.me\/index.php\/wp-json\/wp\/v2\/product\/43825","targetHints":{"allow":["GET"]}}],"collection":[{"href":"https:\/\/singuli.wpress.me\/index.php\/wp-json\/wp\/v2\/product"}],"about":[{"href":"https:\/\/singuli.wpress.me\/index.php\/wp-json\/wp\/v2\/types\/product"}],"version-history":[{"count":0,"href":"https:\/\/singuli.wpress.me\/index.php\/wp-json\/wp\/v2\/product\/43825\/revisions"}],"wp:featuredmedia":[{"embeddable":true,"href":"https:\/\/singuli.wpress.me\/index.php\/wp-json\/wp\/v2\/media\/43826"}],"wp:attachment":[{"href":"https:\/\/singuli.wpress.me\/index.php\/wp-json\/wp\/v2\/media?parent=43825"}],"wp:term":[{"taxonomy":"product_brand","embeddable":true,"href":"https:\/\/singuli.wpress.me\/index.php\/wp-json\/wp\/v2\/product_brand?post=43825"},{"taxonomy":"product_cat","embeddable":true,"href":"https:\/\/singuli.wpress.me\/index.php\/wp-json\/wp\/v2\/product_cat?post=43825"},{"taxonomy":"product_tag","embeddable":true,"href":"https:\/\/singuli.wpress.me\/index.php\/wp-json\/wp\/v2\/product_tag?post=43825"}],"curies":[{"name":"wp","href":"https:\/\/api.w.org\/{rel}","templated":true}]}}