{"id":43827,"date":"2026-04-20T00:32:42","date_gmt":"2026-04-20T00:32:42","guid":{"rendered":"https:\/\/singuli.wpress.me\/index.php\/proizvod\/eti-dare-kolac-tamna-cokolada-24x45g-2\/"},"modified":"2026-04-20T12:33:53","modified_gmt":"2026-04-20T12:33:53","slug":"eti-dare-kolac-tamna-cokolada-24x45g-2","status":"publish","type":"product","link":"https:\/\/singuli.wpress.me\/index.php\/proizvod\/eti-dare-kolac-tamna-cokolada-24x45g-2\/","title":{"rendered":"ETI Dare, kola\u010d, tamna \u010dokolada, 24x45g"},"content":{"rendered":"<p>So\u010dan muffin punog \u010dokoladnog okusa.<\/p>\n","protected":false},"excerpt":{"rendered":"<p>So\u010dan kola\u010d<br \/>\nTamna \u010dokolada<br \/>\nPuni \u010dokoladni okus<\/p>\n","protected":false},"featured_media":43828,"template":"","meta":{"_seopress_robots_primary_cat":"","_seopress_titles_title":"","_seopress_titles_desc":"","_seopress_robots_index":"","iawp_total_views":0},"product_brand":[499],"product_cat":[261,277],"product_tag":[],"class_list":{"0":"post-43827","1":"product","2":"type-product","3":"status-publish","4":"has-post-thumbnail","6":"product_brand-eti","7":"product_cat-hrana-i-pice","8":"product_cat-slatkisi-i-grickalice-261","10":"first","11":"outofstock","12":"shipping-taxable","13":"purchasable","14":"product-type-simple"},"_links":{"self":[{"href":"https:\/\/singuli.wpress.me\/index.php\/wp-json\/wp\/v2\/product\/43827","targetHints":{"allow":["GET"]}}],"collection":[{"href":"https:\/\/singuli.wpress.me\/index.php\/wp-json\/wp\/v2\/product"}],"about":[{"href":"https:\/\/singuli.wpress.me\/index.php\/wp-json\/wp\/v2\/types\/product"}],"version-history":[{"count":0,"href":"https:\/\/singuli.wpress.me\/index.php\/wp-json\/wp\/v2\/product\/43827\/revisions"}],"wp:featuredmedia":[{"embeddable":true,"href":"https:\/\/singuli.wpress.me\/index.php\/wp-json\/wp\/v2\/media\/43828"}],"wp:attachment":[{"href":"https:\/\/singuli.wpress.me\/index.php\/wp-json\/wp\/v2\/media?parent=43827"}],"wp:term":[{"taxonomy":"product_brand","embeddable":true,"href":"https:\/\/singuli.wpress.me\/index.php\/wp-json\/wp\/v2\/product_brand?post=43827"},{"taxonomy":"product_cat","embeddable":true,"href":"https:\/\/singuli.wpress.me\/index.php\/wp-json\/wp\/v2\/product_cat?post=43827"},{"taxonomy":"product_tag","embeddable":true,"href":"https:\/\/singuli.wpress.me\/index.php\/wp-json\/wp\/v2\/product_tag?post=43827"}],"curies":[{"name":"wp","href":"https:\/\/api.w.org\/{rel}","templated":true}]}}