{"id":43832,"date":"2026-04-20T00:32:43","date_gmt":"2026-04-20T00:32:43","guid":{"rendered":"https:\/\/singuli.wpress.me\/index.php\/proizvod\/autan-tropical-sprej-50-ml\/"},"modified":"2026-04-20T12:33:53","modified_gmt":"2026-04-20T12:33:53","slug":"autan-tropical-sprej-50-ml","status":"publish","type":"product","link":"https:\/\/singuli.wpress.me\/index.php\/proizvod\/autan-tropical-sprej-50-ml\/","title":{"rendered":"AUTAN Tropical, sprej, 50\u00a0ml"},"content":{"rendered":"<p>Autan\u00ae Tropical sprej pru\u017ea za\u0161titu protiv obi\u010dnih, tropskih i tigrastih komaraca do 8 sati, od obadi do 5 sati  i od krpelja do 4 sata. Idealan je za svakodnevnu uporabu za obitelji, kao i za osobe koje vole provoditi vrijeme u prirodi. <\/p>\n<p>Prakti\u010dan zbog svoje veli\u010dine od 50 ml.<\/p>\n<p><span style=\"font-weight: bold\">Upute za uporabu: <\/span><br \/>\nRaspr\u0161ite polaganim pokretima oko 1-2 sekunde po podlaktici i ravnomjerno rasporedite rukama kako biste prekrili svu izlo\u017eenu ko\u017eu. Za lice: raspr\u0161iti na ruku odrasle osobe i tanko nanesite na lice odrasle osobe ili djeteta. Za djecu stariju od 2 godine ne koristiti vi\u0161e od jednom dnevno. Za odrasle ponovno nanesite kada u\u010dinkovitost prestane, ali nemojte koristiti vi\u0161e od 4 puta dnevno.<\/p>\n","protected":false},"excerpt":{"rendered":"<p>\u0160titi od komaraca do 8 sati<br \/>\n\u0160titi od obada do 5 sati<br \/>\n\u0160titi od krpelja do 4 sata<\/p>\n","protected":false},"featured_media":43833,"template":"","meta":{"_seopress_robots_primary_cat":"","_seopress_titles_title":"","_seopress_titles_desc":"","_seopress_robots_index":"","iawp_total_views":0},"product_brand":[821],"product_cat":[268,300],"product_tag":[],"class_list":{"0":"post-43832","1":"product","2":"type-product","3":"status-publish","4":"has-post-thumbnail","6":"product_brand-autan","7":"product_cat-kozmetika-2","8":"product_cat-njega-kose-268","10":"first","11":"instock","12":"shipping-taxable","13":"purchasable","14":"product-type-simple"},"_links":{"self":[{"href":"https:\/\/singuli.wpress.me\/index.php\/wp-json\/wp\/v2\/product\/43832","targetHints":{"allow":["GET"]}}],"collection":[{"href":"https:\/\/singuli.wpress.me\/index.php\/wp-json\/wp\/v2\/product"}],"about":[{"href":"https:\/\/singuli.wpress.me\/index.php\/wp-json\/wp\/v2\/types\/product"}],"version-history":[{"count":0,"href":"https:\/\/singuli.wpress.me\/index.php\/wp-json\/wp\/v2\/product\/43832\/revisions"}],"wp:featuredmedia":[{"embeddable":true,"href":"https:\/\/singuli.wpress.me\/index.php\/wp-json\/wp\/v2\/media\/43833"}],"wp:attachment":[{"href":"https:\/\/singuli.wpress.me\/index.php\/wp-json\/wp\/v2\/media?parent=43832"}],"wp:term":[{"taxonomy":"product_brand","embeddable":true,"href":"https:\/\/singuli.wpress.me\/index.php\/wp-json\/wp\/v2\/product_brand?post=43832"},{"taxonomy":"product_cat","embeddable":true,"href":"https:\/\/singuli.wpress.me\/index.php\/wp-json\/wp\/v2\/product_cat?post=43832"},{"taxonomy":"product_tag","embeddable":true,"href":"https:\/\/singuli.wpress.me\/index.php\/wp-json\/wp\/v2\/product_tag?post=43832"}],"curies":[{"name":"wp","href":"https:\/\/api.w.org\/{rel}","templated":true}]}}