{"id":43835,"date":"2026-04-20T00:32:43","date_gmt":"2026-04-20T00:32:43","guid":{"rendered":"https:\/\/singuli.wpress.me\/index.php\/proizvod\/heinz-bbq-umak-sweet-500-g\/"},"modified":"2026-04-20T12:33:53","modified_gmt":"2026-04-20T12:33:53","slug":"heinz-bbq-umak-sweet-500-g","status":"publish","type":"product","link":"https:\/\/singuli.wpress.me\/index.php\/proizvod\/heinz-bbq-umak-sweet-500-g\/","title":{"rendered":"HEINZ, BBQ umak, Sweet, 500\u00a0g"},"content":{"rendered":"<p>Heinz BBQ Sweet umak je popularan proizvod koji se koristi \u0161irom svijeta. Heinz je poznati brend koji proizvodi razne prehrambene proizvode, a BBQ Sweet umak je jedan od njih.<br \/>\n<span style=\"font-weight: bold\"><br \/>\nHeinz BBQ umak Sweet ima karakteristi\u010dan slatki okus<\/span>. Izra\u0111en je od pa\u017eljivo odabranih sastojaka poput raj\u010dica, za\u010dina i biljaka koji mu daju jedinstvenu aromu. Ovaj umak nudi izbalansiranu kombinaciju slatko\u0107e, lagane kiselosti i pikantnosti, \u0161to ga \u010dini savr\u0161enim dodatkom za ro\u0161tilj i ostale mesne ili povrtne specijalitete.<\/p>\n<p>Idealan je za dodavanje bogatog i slatkog okusa mesu kao \u0161to su svinjetina, piletina, govedina ili ro\u0161tiljano povr\u0107e. Mo\u017ee se koristiti za premazivanje hrane prije pe\u010denja ili ro\u0161tiljanja, kao umak za umakanje ili kao dodatak za\u010dinjanju jela.<\/p>\n<p>Dolazi u prakti\u010dnim bo\u010dicama koje su jednostavne za kori\u0161tenje i \u010duvanje. Lako se dozira ili preliva po hrani, a \u010dep omogu\u0107ava jednostavno zatvaranje i \u010duvanje proizvoda za kasniju upotrebu.<\/p>\n<p>Proizvodi se s visokim standardima kvalitete i sigurnosti hrane, kao i ostali proizvodi ovog brenda. Heinz je poznat po dugogodi\u0161njem iskustvu i predanosti u proizvodnji vrhunskih prehrambenih proizvoda.<\/p>\n","protected":false},"excerpt":{"rendered":"<p>Karakteristi\u010dan slatki okus<br \/>\nIzra\u0111en od pa\u017eljivo odabranih sastojaka<br \/>\nProizvodi se s visokim standardima kvalitete i sigurnosti hrane<\/p>\n","protected":false},"featured_media":43836,"template":"","meta":{"_seopress_robots_primary_cat":"","_seopress_titles_title":"","_seopress_titles_desc":"","_seopress_robots_index":"","iawp_total_views":0},"product_brand":[395],"product_cat":[266,265,160],"product_tag":[],"class_list":{"0":"post-43835","1":"product","2":"type-product","3":"status-publish","4":"has-post-thumbnail","6":"product_brand-heinz","7":"product_cat-aparati-za-kuhanje-265","8":"product_cat-kuhinjski-aparati-160","9":"product_cat-mali-kucanski-aparati","11":"first","12":"instock","13":"shipping-taxable","14":"purchasable","15":"product-type-simple"},"_links":{"self":[{"href":"https:\/\/singuli.wpress.me\/index.php\/wp-json\/wp\/v2\/product\/43835","targetHints":{"allow":["GET"]}}],"collection":[{"href":"https:\/\/singuli.wpress.me\/index.php\/wp-json\/wp\/v2\/product"}],"about":[{"href":"https:\/\/singuli.wpress.me\/index.php\/wp-json\/wp\/v2\/types\/product"}],"version-history":[{"count":0,"href":"https:\/\/singuli.wpress.me\/index.php\/wp-json\/wp\/v2\/product\/43835\/revisions"}],"wp:featuredmedia":[{"embeddable":true,"href":"https:\/\/singuli.wpress.me\/index.php\/wp-json\/wp\/v2\/media\/43836"}],"wp:attachment":[{"href":"https:\/\/singuli.wpress.me\/index.php\/wp-json\/wp\/v2\/media?parent=43835"}],"wp:term":[{"taxonomy":"product_brand","embeddable":true,"href":"https:\/\/singuli.wpress.me\/index.php\/wp-json\/wp\/v2\/product_brand?post=43835"},{"taxonomy":"product_cat","embeddable":true,"href":"https:\/\/singuli.wpress.me\/index.php\/wp-json\/wp\/v2\/product_cat?post=43835"},{"taxonomy":"product_tag","embeddable":true,"href":"https:\/\/singuli.wpress.me\/index.php\/wp-json\/wp\/v2\/product_tag?post=43835"}],"curies":[{"name":"wp","href":"https:\/\/api.w.org\/{rel}","templated":true}]}}