{"id":43837,"date":"2026-04-20T00:32:44","date_gmt":"2026-04-20T00:32:44","guid":{"rendered":"https:\/\/singuli.wpress.me\/index.php\/proizvod\/gillette-simply-venus-42kom-jednokratne-britvice-6-kom-2\/"},"modified":"2026-04-20T12:33:53","modified_gmt":"2026-04-20T12:33:53","slug":"gillette-simply-venus-42kom-jednokratne-britvice-6-kom-2","status":"publish","type":"product","link":"https:\/\/singuli.wpress.me\/index.php\/proizvod\/gillette-simply-venus-42kom-jednokratne-britvice-6-kom-2\/","title":{"rendered":"GILLETTE Simply Venus (4+2kom), jednokratne britvice, 6\u00a0kom"},"content":{"rendered":"<p>Glatko i jednostavno, to je brijanje jednokratnim britvicama Gillette Simply Venus 2. U paketu dobivate 6 britivica, a svaka ima 2 o\u0161trice. Da bi \u0161to lak\u0161e klizale po ko\u017ei pobrinut \u0107e se trakica MoistureRich, dok dr\u0161ka u obliku suze osigurava da vam britvica \u0161to bolje sjedi u ruci za \u0161to bolju kontrolu.<\/p>\n","protected":false},"excerpt":{"rendered":"<p>6 \u017eenskih jednokratnih britvica s 2 o\u0161trice<br \/>\ntrakica MoistureRich olak\u0161ava klizanje po ko\u017ei<br \/>\ndr\u0161ka osigurava bolju kontrolu<\/p>\n","protected":false},"featured_media":43838,"template":"","meta":{"_seopress_robots_primary_cat":"","_seopress_titles_title":"","_seopress_titles_desc":"","_seopress_robots_index":"","iawp_total_views":0},"product_brand":[323],"product_cat":[280,192,279,268,278],"product_tag":[],"class_list":{"0":"post-43837","1":"product","2":"type-product","3":"status-publish","4":"has-post-thumbnail","6":"product_brand-gillette","7":"product_cat-aparati-za-muskarce-279","8":"product_cat-aparati-za-osobnu-njegu","9":"product_cat-brijanje-i-sisanje-192","10":"product_cat-kozmetika-2","11":"product_cat-njega-tijela-268","13":"first","14":"outofstock","15":"shipping-taxable","16":"purchasable","17":"product-type-simple"},"_links":{"self":[{"href":"https:\/\/singuli.wpress.me\/index.php\/wp-json\/wp\/v2\/product\/43837","targetHints":{"allow":["GET"]}}],"collection":[{"href":"https:\/\/singuli.wpress.me\/index.php\/wp-json\/wp\/v2\/product"}],"about":[{"href":"https:\/\/singuli.wpress.me\/index.php\/wp-json\/wp\/v2\/types\/product"}],"version-history":[{"count":0,"href":"https:\/\/singuli.wpress.me\/index.php\/wp-json\/wp\/v2\/product\/43837\/revisions"}],"wp:featuredmedia":[{"embeddable":true,"href":"https:\/\/singuli.wpress.me\/index.php\/wp-json\/wp\/v2\/media\/43838"}],"wp:attachment":[{"href":"https:\/\/singuli.wpress.me\/index.php\/wp-json\/wp\/v2\/media?parent=43837"}],"wp:term":[{"taxonomy":"product_brand","embeddable":true,"href":"https:\/\/singuli.wpress.me\/index.php\/wp-json\/wp\/v2\/product_brand?post=43837"},{"taxonomy":"product_cat","embeddable":true,"href":"https:\/\/singuli.wpress.me\/index.php\/wp-json\/wp\/v2\/product_cat?post=43837"},{"taxonomy":"product_tag","embeddable":true,"href":"https:\/\/singuli.wpress.me\/index.php\/wp-json\/wp\/v2\/product_tag?post=43837"}],"curies":[{"name":"wp","href":"https:\/\/api.w.org\/{rel}","templated":true}]}}