{"id":43846,"date":"2026-04-20T00:32:46","date_gmt":"2026-04-20T00:32:46","guid":{"rendered":"https:\/\/singuli.wpress.me\/index.php\/proizvod\/braun-digitalni-tlakomjer-bp6200-exactfit-5\/"},"modified":"2026-04-20T12:33:53","modified_gmt":"2026-04-20T12:33:53","slug":"braun-digitalni-tlakomjer-bp6200-exactfit-5","status":"publish","type":"product","link":"https:\/\/singuli.wpress.me\/index.php\/proizvod\/braun-digitalni-tlakomjer-bp6200-exactfit-5\/","title":{"rendered":"BRAUN, digitalni tlakomjer, BP6200, ExactFit 5"},"content":{"rendered":"<p><span style=\"font-weight: bold\">Braun ExactFit 5 BP 6200 digitalni tlakomjer za nadlakticu. <\/span><\/p>\n<p>Veliki zaslon s kojeg je lako o\u010ditati vrijednosti, pozadinsko svijetlo zaslona, pohranjuje 60 o\u010ditanja po korisniku, funkcija odre\u0111ivanja prosjeka za bolju kontrolu krvnog tlaka, dvije veli\u010dine man\u017eete, za to\u010dnije o\u010ditanje (obje dolaze u pakiranju S\/M i L\/XL)<\/p>\n","protected":false},"excerpt":{"rendered":"<p>Digitalni tlakomjer za nadlakticu<br \/>\nVeliki zaslon za lak\u0161e o\u010ditavanje vrijednosti<br \/>\nPohranjivanje 60 o\u010ditanja po korisniku<\/p>\n","protected":false},"featured_media":43847,"template":"","meta":{"_seopress_robots_primary_cat":"","_seopress_titles_title":"","_seopress_titles_desc":"","_seopress_robots_index":"","iawp_total_views":0},"product_brand":[144],"product_cat":[192,267],"product_tag":[],"class_list":{"0":"post-43846","1":"product","2":"type-product","3":"status-publish","4":"has-post-thumbnail","6":"product_brand-braun","7":"product_cat-aparati-za-osobnu-njegu","8":"product_cat-zdravstveni-uredaji-192","10":"first","11":"outofstock","12":"shipping-taxable","13":"purchasable","14":"product-type-simple"},"_links":{"self":[{"href":"https:\/\/singuli.wpress.me\/index.php\/wp-json\/wp\/v2\/product\/43846","targetHints":{"allow":["GET"]}}],"collection":[{"href":"https:\/\/singuli.wpress.me\/index.php\/wp-json\/wp\/v2\/product"}],"about":[{"href":"https:\/\/singuli.wpress.me\/index.php\/wp-json\/wp\/v2\/types\/product"}],"version-history":[{"count":0,"href":"https:\/\/singuli.wpress.me\/index.php\/wp-json\/wp\/v2\/product\/43846\/revisions"}],"wp:featuredmedia":[{"embeddable":true,"href":"https:\/\/singuli.wpress.me\/index.php\/wp-json\/wp\/v2\/media\/43847"}],"wp:attachment":[{"href":"https:\/\/singuli.wpress.me\/index.php\/wp-json\/wp\/v2\/media?parent=43846"}],"wp:term":[{"taxonomy":"product_brand","embeddable":true,"href":"https:\/\/singuli.wpress.me\/index.php\/wp-json\/wp\/v2\/product_brand?post=43846"},{"taxonomy":"product_cat","embeddable":true,"href":"https:\/\/singuli.wpress.me\/index.php\/wp-json\/wp\/v2\/product_cat?post=43846"},{"taxonomy":"product_tag","embeddable":true,"href":"https:\/\/singuli.wpress.me\/index.php\/wp-json\/wp\/v2\/product_tag?post=43846"}],"curies":[{"name":"wp","href":"https:\/\/api.w.org\/{rel}","templated":true}]}}