{"id":43855,"date":"2026-04-20T00:32:52","date_gmt":"2026-04-20T00:32:52","guid":{"rendered":"https:\/\/singuli.wpress.me\/index.php\/proizvod\/chewy-vites-adult-multi-vit-advance-gumeni-bomboni-60-kom\/"},"modified":"2026-04-21T00:27:25","modified_gmt":"2026-04-21T00:27:25","slug":"chewy-vites-adult-multi-vit-advance-gumeni-bomboni-60-kom","status":"publish","type":"product","link":"https:\/\/singuli.wpress.me\/index.php\/proizvod\/chewy-vites-adult-multi-vit-advance-gumeni-bomboni-60-kom\/","title":{"rendered":"CHEWY VITES Adult Multi-Vit Advance, gumeni bomboni, 60\u00a0kom"},"content":{"rendered":"<p><span style=\"font-weight: bold\">Chewy Vites Adult MULTI-VIT ADVANCE<\/span>, gumeni bomboni za \u017evakanje, za odrasle dodatak prehrani s vitaminima A, B6, B12, C i D okus bobi\u010dastog vo\u0107a. Sadr\u017ee uravnote\u017eenu dozu od 12 esencijalnih vitamina i minerala za podr\u0161ku prehrambenim potrebama odraslih. <\/p>\n<p>Vitamini A, B6, B12, C i D  doprinose normalnoj funkciji imunolo\u0161kog sustava, dok  B6, B12, niacin, pantotensku kiselina i folna kiselina doprinose smanjenju umora i iscrpljenosti. Biotin, pantotenska kiselina, niacin, vitamini B12 i B6 doprinose normalnom metabolizmu stvaranja energije. Vo\u0107ni bomboni napravljeni su od prirodnog vo\u0107nog pektina i pravog vo\u0107nog soka te su prikladni za vegeterijance.<\/p>\n<p><span style=\"font-weight: bold\">NA\u010cIN PRIMJENE:<\/span><br \/>\nPreporu\u010dena dnevna koli\u010dina za odrasle osobe je 1 gumeni bombon, sa\u017evakati uz obrok (ne na prazan \u017eeludac).<\/p>\n<p><span style=\"font-weight: bold\">KLJU\u010cNE INFORMACIJE:<\/span><br \/>\n&#8211; Sadr\u017ei 12 esencijalnih vitamina i minerala: vitamin A, B6, B12, C, D, E, folna kiselina, niacin, biotin pantotenska kiselina, jod. Optimalna dnevna doza, samo jedan na dan.<br \/>\n&#8211; Sadr\u017ei 100% preporu\u010denog dnevnog unosa za vitamine D, A, B12, folne kiseline i biotina. Prikladno za vegane i vegetarijance. Bez umjetnih boja, aroma, sladila, konzervansa, bez GMO-a i bez glutena.<br \/>\n<span style=\"font-weight: bold\"><br \/>\nKOLI\u010cINE U DNEVNOJ DOZI:<\/span><br \/>\nSastojci u preporu\u010denoj dnevnoj dozi (= 1 gumeni bombon):<br \/>\nVitamin A 800 \u00b5g 100% PU<br \/>\nVitamin D 5 \u00b5g 100% PU<br \/>\nVitamin E 6 mg 50% PU<br \/>\nVitamin C 40 mg 50% PU<br \/>\nNiacin 8 mg 50% PU<br \/>\nVitamin B6 1,4 mg 100% PU<br \/>\nFolna kiselina 100 \u00b5g 50% PU<br \/>\nVitamin B12 1,5 \u00b5g 60% PU<br \/>\nBiotin 50 \u00b5g 100% PU<br \/>\nPantotenska kiselina 6 mg 100% PU<br \/>\nCink 1,5 mg 15% PU<br \/>\nJod 22,5 \u00b5g 15% PU<br \/>\nPU = Preporu\u010deni dnevni unos<\/p>\n","protected":false},"excerpt":{"rendered":"<p>Sadr\u017ei 12 esencijalnih vitamina i minerala<br \/>\nSadr\u017ei 100% preporu\u010denog dnevnog unosa za vitamine D, A, B12, folne kiseline i biotina<br \/>\nPreporu\u010deni dnevni unos je jedan bombon na dan<\/p>\n","protected":false},"featured_media":43856,"template":"","meta":{"_seopress_robots_primary_cat":"","_seopress_titles_title":"","_seopress_titles_desc":"","_seopress_robots_index":"","iawp_total_views":0},"product_brand":[764],"product_cat":[211,289],"product_tag":[],"class_list":{"0":"post-43855","1":"product","2":"type-product","3":"status-publish","4":"has-post-thumbnail","6":"product_brand-chewy-vites","7":"product_cat-njega-majke-i-djeteta","8":"product_cat-trudnoca-i-vitamini-211","10":"first","11":"outofstock","12":"shipping-taxable","13":"purchasable","14":"product-type-simple"},"_links":{"self":[{"href":"https:\/\/singuli.wpress.me\/index.php\/wp-json\/wp\/v2\/product\/43855","targetHints":{"allow":["GET"]}}],"collection":[{"href":"https:\/\/singuli.wpress.me\/index.php\/wp-json\/wp\/v2\/product"}],"about":[{"href":"https:\/\/singuli.wpress.me\/index.php\/wp-json\/wp\/v2\/types\/product"}],"version-history":[{"count":0,"href":"https:\/\/singuli.wpress.me\/index.php\/wp-json\/wp\/v2\/product\/43855\/revisions"}],"wp:featuredmedia":[{"embeddable":true,"href":"https:\/\/singuli.wpress.me\/index.php\/wp-json\/wp\/v2\/media\/43856"}],"wp:attachment":[{"href":"https:\/\/singuli.wpress.me\/index.php\/wp-json\/wp\/v2\/media?parent=43855"}],"wp:term":[{"taxonomy":"product_brand","embeddable":true,"href":"https:\/\/singuli.wpress.me\/index.php\/wp-json\/wp\/v2\/product_brand?post=43855"},{"taxonomy":"product_cat","embeddable":true,"href":"https:\/\/singuli.wpress.me\/index.php\/wp-json\/wp\/v2\/product_cat?post=43855"},{"taxonomy":"product_tag","embeddable":true,"href":"https:\/\/singuli.wpress.me\/index.php\/wp-json\/wp\/v2\/product_tag?post=43855"}],"curies":[{"name":"wp","href":"https:\/\/api.w.org\/{rel}","templated":true}]}}