{"id":43860,"date":"2026-04-20T00:32:55","date_gmt":"2026-04-20T00:32:55","guid":{"rendered":"https:\/\/singuli.wpress.me\/index.php\/proizvod\/old-spice-whitewater-dezodorans-u-spreju-250-ml\/"},"modified":"2026-04-21T00:27:25","modified_gmt":"2026-04-21T00:27:25","slug":"old-spice-whitewater-dezodorans-u-spreju-250-ml","status":"publish","type":"product","link":"https:\/\/singuli.wpress.me\/index.php\/proizvod\/old-spice-whitewater-dezodorans-u-spreju-250-ml\/","title":{"rendered":"OLD SPICE Whitewater, dezodorans u spreju, 250\u00a0ml"},"content":{"rendered":"<p>Miri\u0161i kao mu\u0161karac, \u010dovje\u010de! Nanesi Old Spice Whitewater ispod pazuha i po cijelom tijelu. Neki ka\u017eu da je njegov supergenijalni miris izgubljena karika prema \u010distoj mu\u017eevnosti. Bilo to to\u010dno ili ne, jedna stvar je sigurna: taj izuzetno svje\u017e miris pomo\u0107i \u0107e ti da se rije\u0161i\u0161 neugodnih tjelesnih mirisa i pratit \u0107e te cijelog dana. Pa \u0107e\u0161 dobro mirisati i sebi i drugima. \u0160to \u010deka\u0161? Zgrabi ovaj sprej i u\u0111i u legendu.<\/p>\n","protected":false},"excerpt":{"rendered":"<p>Tehnologija cjelodnevnog mirisa<br \/>\nMo\u0107no nadja\u010dava neugodne mirise<br \/>\nZa\u0161tita od bijelih i \u017eutih mrlja<\/p>\n","protected":false},"featured_media":43861,"template":"","meta":{"_seopress_robots_primary_cat":"","_seopress_titles_title":"","_seopress_titles_desc":"","_seopress_robots_index":"","iawp_total_views":0},"product_brand":[448],"product_cat":[285,268],"product_tag":[],"class_list":{"0":"post-43860","1":"product","2":"type-product","3":"status-publish","4":"has-post-thumbnail","6":"product_brand-old-spice","7":"product_cat-dezodoransi-268","8":"product_cat-kozmetika-2","10":"first","11":"outofstock","12":"shipping-taxable","13":"purchasable","14":"product-type-simple"},"_links":{"self":[{"href":"https:\/\/singuli.wpress.me\/index.php\/wp-json\/wp\/v2\/product\/43860","targetHints":{"allow":["GET"]}}],"collection":[{"href":"https:\/\/singuli.wpress.me\/index.php\/wp-json\/wp\/v2\/product"}],"about":[{"href":"https:\/\/singuli.wpress.me\/index.php\/wp-json\/wp\/v2\/types\/product"}],"version-history":[{"count":0,"href":"https:\/\/singuli.wpress.me\/index.php\/wp-json\/wp\/v2\/product\/43860\/revisions"}],"wp:featuredmedia":[{"embeddable":true,"href":"https:\/\/singuli.wpress.me\/index.php\/wp-json\/wp\/v2\/media\/43861"}],"wp:attachment":[{"href":"https:\/\/singuli.wpress.me\/index.php\/wp-json\/wp\/v2\/media?parent=43860"}],"wp:term":[{"taxonomy":"product_brand","embeddable":true,"href":"https:\/\/singuli.wpress.me\/index.php\/wp-json\/wp\/v2\/product_brand?post=43860"},{"taxonomy":"product_cat","embeddable":true,"href":"https:\/\/singuli.wpress.me\/index.php\/wp-json\/wp\/v2\/product_cat?post=43860"},{"taxonomy":"product_tag","embeddable":true,"href":"https:\/\/singuli.wpress.me\/index.php\/wp-json\/wp\/v2\/product_tag?post=43860"}],"curies":[{"name":"wp","href":"https:\/\/api.w.org\/{rel}","templated":true}]}}