{"id":43863,"date":"2026-04-20T00:33:00","date_gmt":"2026-04-20T00:33:00","guid":{"rendered":"https:\/\/singuli.wpress.me\/index.php\/proizvod\/lavazza-cremespresso-prasak-za-pripremu-sladoledne-kreme-na-bazi-kave-pakiranje-8-vrecica-810-g\/"},"modified":"2026-04-20T12:33:53","modified_gmt":"2026-04-20T12:33:53","slug":"lavazza-cremespresso-prasak-za-pripremu-sladoledne-kreme-na-bazi-kave-pakiranje-8-vrecica-810-g","status":"publish","type":"product","link":"https:\/\/singuli.wpress.me\/index.php\/proizvod\/lavazza-cremespresso-prasak-za-pripremu-sladoledne-kreme-na-bazi-kave-pakiranje-8-vrecica-810-g\/","title":{"rendered":"LAVAZZA Cremespresso, pra\u0161ak za pripremu sladoledne kreme na bazi kave, pakiranje 8 vre\u0107ica, 810\u00a0g"},"content":{"rendered":"<p>Cremespresso je reinterpretacija semifredda na bazi vrhnja i kave. Vi\u0161e od sorbeta, mo\u017ee se slu\u017eiti kao smoothie od kave ili pitki sladoled.  <\/p>\n<p>Upute za kori\u0161tenje: Sadr\u017eaj vre\u0107ice otopiti u 1,5 l punomasnog mlijeka, pa\u017eljivo promije\u0161ajte kako se ne bi stvorile grudice, zatim ulijte smjesu u ma\u0161inu i ohladite oko 30 min<\/p>\n","protected":false},"excerpt":{"rendered":"<p>Na bazi vrhnja i kave<br \/>\nJednostavna priprema<br \/>\nOdli\u010dan okus<\/p>\n","protected":false},"featured_media":43864,"template":"","meta":{"_seopress_robots_primary_cat":"","_seopress_titles_title":"","_seopress_titles_desc":"","_seopress_robots_index":"","iawp_total_views":0},"product_brand":[393],"product_cat":[261,270],"product_tag":[],"class_list":{"0":"post-43863","1":"product","2":"type-product","3":"status-publish","4":"has-post-thumbnail","6":"product_brand-lavazza","7":"product_cat-hrana-i-pice","8":"product_cat-slasticarstvo-261","10":"first","11":"instock","12":"shipping-taxable","13":"purchasable","14":"product-type-simple"},"_links":{"self":[{"href":"https:\/\/singuli.wpress.me\/index.php\/wp-json\/wp\/v2\/product\/43863","targetHints":{"allow":["GET"]}}],"collection":[{"href":"https:\/\/singuli.wpress.me\/index.php\/wp-json\/wp\/v2\/product"}],"about":[{"href":"https:\/\/singuli.wpress.me\/index.php\/wp-json\/wp\/v2\/types\/product"}],"version-history":[{"count":0,"href":"https:\/\/singuli.wpress.me\/index.php\/wp-json\/wp\/v2\/product\/43863\/revisions"}],"wp:featuredmedia":[{"embeddable":true,"href":"https:\/\/singuli.wpress.me\/index.php\/wp-json\/wp\/v2\/media\/43864"}],"wp:attachment":[{"href":"https:\/\/singuli.wpress.me\/index.php\/wp-json\/wp\/v2\/media?parent=43863"}],"wp:term":[{"taxonomy":"product_brand","embeddable":true,"href":"https:\/\/singuli.wpress.me\/index.php\/wp-json\/wp\/v2\/product_brand?post=43863"},{"taxonomy":"product_cat","embeddable":true,"href":"https:\/\/singuli.wpress.me\/index.php\/wp-json\/wp\/v2\/product_cat?post=43863"},{"taxonomy":"product_tag","embeddable":true,"href":"https:\/\/singuli.wpress.me\/index.php\/wp-json\/wp\/v2\/product_tag?post=43863"}],"curies":[{"name":"wp","href":"https:\/\/api.w.org\/{rel}","templated":true}]}}