{"id":43874,"date":"2026-04-20T00:33:04","date_gmt":"2026-04-20T00:33:04","guid":{"rendered":"https:\/\/singuli.wpress.me\/index.php\/proizvod\/honeywell-samostojeci-ventilator-hsf1630e\/"},"modified":"2026-04-20T12:33:53","modified_gmt":"2026-04-20T12:33:53","slug":"honeywell-samostojeci-ventilator-hsf1630e","status":"publish","type":"product","link":"https:\/\/singuli.wpress.me\/index.php\/proizvod\/honeywell-samostojeci-ventilator-hsf1630e\/","title":{"rendered":"HONEYWELL, samostoje\u0107i ventilator, HSF1630E"},"content":{"rendered":"<p>Honeywell HSF1630E je podni\/stoje\u0107i ventilator te\u017eine 3,7 kg i podesive visine od 110 cm do 122 cm. Ovaj ure\u0111aj tako\u0111er ima mogu\u0107nost promjene nagiba za 30 stupnjeva. Stabilna baza Honeywell HSF1630E ventilatora pomo\u0107i \u0107e da bude pravilno smje\u0161ten u prostoriji. Promjer propelera od 45 cm u kombinaciji s 45 W motorom osigurava u\u010dinkovit i tih (51 dB) Ventilator ima 3 stupnja regulacije protoka zraka i funkciju zakretanja od 90 stupnjeva.<br \/>\nVentilator je jednostavan za kori\u0161tenje i monta\u017eu. Ima 3 brzine, tako da prilagodite postavke ure\u0111aja u svim uvjetima. Zbog svog elegantnog dizajna, ure\u0111aj je pogodan za dom ili ured. Ne zauzima puno prostora. Njegova stabilna baza eliminira mogu\u0107nost prevrtanja.<\/p>\n","protected":false},"excerpt":{"rendered":"<p>U\u010dinkovita ventilacija s tihim radom<br \/>\nMogu\u0107nost rotacije i pode\u0161avanja nagiba<br \/>\nSigurnosna mre\u017ea \u0161titi propeler i korisnike<\/p>\n","protected":false},"featured_media":43875,"template":"","meta":{"_seopress_robots_primary_cat":"","_seopress_titles_title":"","_seopress_titles_desc":"","_seopress_robots_index":"","iawp_total_views":0},"product_brand":[506],"product_cat":[184,160],"product_tag":[],"class_list":{"0":"post-43874","1":"product","2":"type-product","3":"status-publish","4":"has-post-thumbnail","6":"product_brand-honeywell","7":"product_cat-kvaliteta-zraka-i-grijanje","8":"product_cat-mali-kucanski-aparati","10":"first","11":"outofstock","12":"shipping-taxable","13":"purchasable","14":"product-type-simple"},"_links":{"self":[{"href":"https:\/\/singuli.wpress.me\/index.php\/wp-json\/wp\/v2\/product\/43874","targetHints":{"allow":["GET"]}}],"collection":[{"href":"https:\/\/singuli.wpress.me\/index.php\/wp-json\/wp\/v2\/product"}],"about":[{"href":"https:\/\/singuli.wpress.me\/index.php\/wp-json\/wp\/v2\/types\/product"}],"version-history":[{"count":0,"href":"https:\/\/singuli.wpress.me\/index.php\/wp-json\/wp\/v2\/product\/43874\/revisions"}],"wp:featuredmedia":[{"embeddable":true,"href":"https:\/\/singuli.wpress.me\/index.php\/wp-json\/wp\/v2\/media\/43875"}],"wp:attachment":[{"href":"https:\/\/singuli.wpress.me\/index.php\/wp-json\/wp\/v2\/media?parent=43874"}],"wp:term":[{"taxonomy":"product_brand","embeddable":true,"href":"https:\/\/singuli.wpress.me\/index.php\/wp-json\/wp\/v2\/product_brand?post=43874"},{"taxonomy":"product_cat","embeddable":true,"href":"https:\/\/singuli.wpress.me\/index.php\/wp-json\/wp\/v2\/product_cat?post=43874"},{"taxonomy":"product_tag","embeddable":true,"href":"https:\/\/singuli.wpress.me\/index.php\/wp-json\/wp\/v2\/product_tag?post=43874"}],"curies":[{"name":"wp","href":"https:\/\/api.w.org\/{rel}","templated":true}]}}