{"id":43880,"date":"2026-04-20T00:33:05","date_gmt":"2026-04-20T00:33:05","guid":{"rendered":"https:\/\/singuli.wpress.me\/index.php\/proizvod\/dr-oetker-limunska-kiselina-20-g\/"},"modified":"2026-04-21T00:27:25","modified_gmt":"2026-04-21T00:27:25","slug":"dr-oetker-limunska-kiselina-20-g","status":"publish","type":"product","link":"https:\/\/singuli.wpress.me\/index.php\/proizvod\/dr-oetker-limunska-kiselina-20-g\/","title":{"rendered":"DR. OETKER, limunska kiselina, 20\u00a0g"},"content":{"rendered":"<p>Dr.Oetker Limunska kiselina je prakti\u010dni pomaga\u010d u vre\u0107ici za Va\u0161e ideje i recepte jer Dr. Oetker Limunska kiselina poti\u010de \u017eeliranje vo\u0107ne mase. \u017delite li prirodno vo\u0107nu notu okusa, limunska kiselina je prakti\u010dni sastojak koji \u0107e zaokru\u017eiti Va\u0161u kreaciju zimnice. Dr. Oetker je pripremio toliko ideja i recepata s Limunskom kiselinom. Kako bi bilo na primjer s vo\u0107nim d\u017eemom od jagoda i brusnica? Uz pomo\u0107 limunske kiseline dat \u0107ete svojim receptima za zimnicu jednu svje\u017eu i vo\u0107nu notu te istodobno i odgovaraju\u0107u gusto\u0107u.<\/p>\n","protected":false},"excerpt":{"rendered":"<p>Poti\u010de \u017eeliranje vo\u0107ne mase<br \/>\nJednostavna primjena<br \/>\noplemenjuje okus d\u017eemova, marmelada i vo\u0107nih \u017eelea<\/p>\n","protected":false},"featured_media":43881,"template":"","meta":{"_seopress_robots_primary_cat":"","_seopress_titles_title":"","_seopress_titles_desc":"","_seopress_robots_index":"","iawp_total_views":0},"product_brand":[328],"product_cat":[261,299],"product_tag":[],"class_list":{"0":"post-43880","1":"product","2":"type-product","3":"status-publish","4":"has-post-thumbnail","6":"product_brand-dr-oetker","7":"product_cat-hrana-i-pice","8":"product_cat-konzervirana-i-gotova-hrana-261","10":"first","11":"outofstock","12":"shipping-taxable","13":"purchasable","14":"product-type-simple"},"_links":{"self":[{"href":"https:\/\/singuli.wpress.me\/index.php\/wp-json\/wp\/v2\/product\/43880","targetHints":{"allow":["GET"]}}],"collection":[{"href":"https:\/\/singuli.wpress.me\/index.php\/wp-json\/wp\/v2\/product"}],"about":[{"href":"https:\/\/singuli.wpress.me\/index.php\/wp-json\/wp\/v2\/types\/product"}],"version-history":[{"count":0,"href":"https:\/\/singuli.wpress.me\/index.php\/wp-json\/wp\/v2\/product\/43880\/revisions"}],"wp:featuredmedia":[{"embeddable":true,"href":"https:\/\/singuli.wpress.me\/index.php\/wp-json\/wp\/v2\/media\/43881"}],"wp:attachment":[{"href":"https:\/\/singuli.wpress.me\/index.php\/wp-json\/wp\/v2\/media?parent=43880"}],"wp:term":[{"taxonomy":"product_brand","embeddable":true,"href":"https:\/\/singuli.wpress.me\/index.php\/wp-json\/wp\/v2\/product_brand?post=43880"},{"taxonomy":"product_cat","embeddable":true,"href":"https:\/\/singuli.wpress.me\/index.php\/wp-json\/wp\/v2\/product_cat?post=43880"},{"taxonomy":"product_tag","embeddable":true,"href":"https:\/\/singuli.wpress.me\/index.php\/wp-json\/wp\/v2\/product_tag?post=43880"}],"curies":[{"name":"wp","href":"https:\/\/api.w.org\/{rel}","templated":true}]}}