{"id":43882,"date":"2026-04-20T00:33:05","date_gmt":"2026-04-20T00:33:05","guid":{"rendered":"https:\/\/singuli.wpress.me\/index.php\/proizvod\/ambi-pur-car-ocean-mist-osvjezivac-zraka-za-automobil-2-ml\/"},"modified":"2026-04-20T12:33:53","modified_gmt":"2026-04-20T12:33:53","slug":"ambi-pur-car-ocean-mist-osvjezivac-zraka-za-automobil-2-ml","status":"publish","type":"product","link":"https:\/\/singuli.wpress.me\/index.php\/proizvod\/ambi-pur-car-ocean-mist-osvjezivac-zraka-za-automobil-2-ml\/","title":{"rendered":"AMBI PUR CAR Ocean Mist, osvje\u017eiva\u010d zraka za automobil, 2\u00a0ml"},"content":{"rendered":"<p><span style=\"font-weight: bold\">Ambi Pur<\/span> uklanja te\u0161ke mirise iz va\u0161eg automobila, ostavljaju\u0107i lagani, svje\u017ei miris do 30 dana.<\/p>\n<p>Zahvaljuju\u0107i jedinstvenoj tehnologiji Ambi Pur \u010disti neugodne mirise i osvje\u017eava va\u0161 automobil \u010dak i od najte\u017eih mirisa, kao \u0161to su hrana, ku\u0107ni ljubimac, dim ili sme\u0107e.<\/p>\n<p>Kontrolirajte intenzitet mirisa pode\u0161avanjem modernog ure\u0111aja za osvje\u017eiva\u010d zraka prema va\u0161im \u017eeljama, kako biste se mogli udobno smjestiti i u\u017eivati \u200b\u200bu svje\u017eini, kad god i gdje god vozite &#8211; punjenje traje do 30 dana (na niskoj razini i na temelju prosje\u010dnih uvjeta vo\u017enje), tako da vi i va\u0161i suputnici mo\u017eete sretno disati.<\/p>\n","protected":false},"excerpt":{"rendered":"<p>Osvje\u017eiva\u010d zraka za automobil<br \/>\nTehnologija Odourclear ne maskira ve\u0107 uistinu uklanja i najupornije neugodne mirise<br \/>\nPostavlja se na ventilacijski otvor<\/p>\n","protected":false},"featured_media":43883,"template":"","meta":{"_seopress_robots_primary_cat":"","_seopress_titles_title":"","_seopress_titles_desc":"","_seopress_robots_index":"","iawp_total_views":0},"product_brand":[769],"product_cat":[243,272],"product_tag":[],"class_list":{"0":"post-43882","1":"product","2":"type-product","3":"status-publish","4":"has-post-thumbnail","6":"product_brand-ambi-pur-car","7":"product_cat-automobili-i-motori","8":"product_cat-motorna-ulja-243","10":"first","11":"instock","12":"shipping-taxable","13":"purchasable","14":"product-type-simple"},"_links":{"self":[{"href":"https:\/\/singuli.wpress.me\/index.php\/wp-json\/wp\/v2\/product\/43882","targetHints":{"allow":["GET"]}}],"collection":[{"href":"https:\/\/singuli.wpress.me\/index.php\/wp-json\/wp\/v2\/product"}],"about":[{"href":"https:\/\/singuli.wpress.me\/index.php\/wp-json\/wp\/v2\/types\/product"}],"version-history":[{"count":0,"href":"https:\/\/singuli.wpress.me\/index.php\/wp-json\/wp\/v2\/product\/43882\/revisions"}],"wp:featuredmedia":[{"embeddable":true,"href":"https:\/\/singuli.wpress.me\/index.php\/wp-json\/wp\/v2\/media\/43883"}],"wp:attachment":[{"href":"https:\/\/singuli.wpress.me\/index.php\/wp-json\/wp\/v2\/media?parent=43882"}],"wp:term":[{"taxonomy":"product_brand","embeddable":true,"href":"https:\/\/singuli.wpress.me\/index.php\/wp-json\/wp\/v2\/product_brand?post=43882"},{"taxonomy":"product_cat","embeddable":true,"href":"https:\/\/singuli.wpress.me\/index.php\/wp-json\/wp\/v2\/product_cat?post=43882"},{"taxonomy":"product_tag","embeddable":true,"href":"https:\/\/singuli.wpress.me\/index.php\/wp-json\/wp\/v2\/product_tag?post=43882"}],"curies":[{"name":"wp","href":"https:\/\/api.w.org\/{rel}","templated":true}]}}