{"id":43893,"date":"2026-04-20T00:33:09","date_gmt":"2026-04-20T00:33:09","guid":{"rendered":"https:\/\/singuli.wpress.me\/index.php\/proizvod\/dr-oetker-desertni-preljev-cokolada-200-g\/"},"modified":"2026-04-20T12:33:53","modified_gmt":"2026-04-20T12:33:53","slug":"dr-oetker-desertni-preljev-cokolada-200-g","status":"publish","type":"product","link":"https:\/\/singuli.wpress.me\/index.php\/proizvod\/dr-oetker-desertni-preljev-cokolada-200-g\/","title":{"rendered":"DR. OETKER, desertni preljev, \u010dokolada , 200\u00a0g"},"content":{"rendered":"<p>Visokovrijedna receptura bez umjetnih bojila, kao i kvalitetni sastojci osiguravaju potpuni \u010dokoladni u\u017eitak. Ukrasite i obogatite va\u0161 omiljeni puding ili sladoled, koristite kao nadjev u pala\u010dinkama ili obogatite pe\u010dene muffine. U prakti\u010dnoj bo\u010dici koja omogu\u0107ava lagano doziranje i uporabu sigurno bez curenja, te ponovno zatvaranje za prakti\u010dno \u010duvanje. Nakon otvaranja \u010duvajte u hladnjaku za ponovno u\u017eivanje.<\/p>\n","protected":false},"excerpt":{"rendered":"<p>Bez umjetnih bojila<br \/>\nU prakti\u010dnoj bo\u010dici koja omogu\u0107ava lagano doziranje<br \/>\n\u010cuvajte u hladnjaku<\/p>\n","protected":false},"featured_media":43894,"template":"","meta":{"_seopress_robots_primary_cat":"","_seopress_titles_title":"","_seopress_titles_desc":"","_seopress_robots_index":"","iawp_total_views":0},"product_brand":[328],"product_cat":[261,270],"product_tag":[],"class_list":{"0":"post-43893","1":"product","2":"type-product","3":"status-publish","4":"has-post-thumbnail","6":"product_brand-dr-oetker","7":"product_cat-hrana-i-pice","8":"product_cat-slasticarstvo-261","10":"first","11":"outofstock","12":"shipping-taxable","13":"purchasable","14":"product-type-simple"},"_links":{"self":[{"href":"https:\/\/singuli.wpress.me\/index.php\/wp-json\/wp\/v2\/product\/43893","targetHints":{"allow":["GET"]}}],"collection":[{"href":"https:\/\/singuli.wpress.me\/index.php\/wp-json\/wp\/v2\/product"}],"about":[{"href":"https:\/\/singuli.wpress.me\/index.php\/wp-json\/wp\/v2\/types\/product"}],"version-history":[{"count":0,"href":"https:\/\/singuli.wpress.me\/index.php\/wp-json\/wp\/v2\/product\/43893\/revisions"}],"wp:featuredmedia":[{"embeddable":true,"href":"https:\/\/singuli.wpress.me\/index.php\/wp-json\/wp\/v2\/media\/43894"}],"wp:attachment":[{"href":"https:\/\/singuli.wpress.me\/index.php\/wp-json\/wp\/v2\/media?parent=43893"}],"wp:term":[{"taxonomy":"product_brand","embeddable":true,"href":"https:\/\/singuli.wpress.me\/index.php\/wp-json\/wp\/v2\/product_brand?post=43893"},{"taxonomy":"product_cat","embeddable":true,"href":"https:\/\/singuli.wpress.me\/index.php\/wp-json\/wp\/v2\/product_cat?post=43893"},{"taxonomy":"product_tag","embeddable":true,"href":"https:\/\/singuli.wpress.me\/index.php\/wp-json\/wp\/v2\/product_tag?post=43893"}],"curies":[{"name":"wp","href":"https:\/\/api.w.org\/{rel}","templated":true}]}}