{"id":43897,"date":"2026-04-20T00:33:11","date_gmt":"2026-04-20T00:33:11","guid":{"rendered":"https:\/\/singuli.wpress.me\/index.php\/proizvod\/raid-gel-plocice-protiv-moljaca-miris-cedra-2-kom-2\/"},"modified":"2026-04-20T12:33:53","modified_gmt":"2026-04-20T12:33:53","slug":"raid-gel-plocice-protiv-moljaca-miris-cedra-2-kom-2","status":"publish","type":"product","link":"https:\/\/singuli.wpress.me\/index.php\/proizvod\/raid-gel-plocice-protiv-moljaca-miris-cedra-2-kom-2\/","title":{"rendered":"RAID, gel plo\u010dice, protiv moljaca, miris cedra, 2\u00a0kom"},"content":{"rendered":"<p>Raid\u00ae Sredstvo protiv moljaca \u0161titi va\u0161u odje\u0107u tijekom cijele sezone. <\/p>\n<p>Esencija cedra ostavlja ugodan miris u va\u0161im ormarima i ladicama.<\/p>\n","protected":false},"excerpt":{"rendered":"<p>\u0160titi odje\u0107u od moljaca<br \/>\nUni\u0161tava moljce<br \/>\nU\u010dinkovit tijekom cijele sezone<\/p>\n","protected":false},"featured_media":43898,"template":"","meta":{"_seopress_robots_primary_cat":"","_seopress_titles_title":"","_seopress_titles_desc":"","_seopress_robots_index":"","iawp_total_views":0},"product_brand":[457],"product_cat":[274,238],"product_tag":[],"class_list":{"0":"post-43897","1":"product","2":"type-product","3":"status-publish","4":"has-post-thumbnail","6":"product_brand-raid","7":"product_cat-kucanski-pribor-238","8":"product_cat-sve-za-dom","10":"first","11":"instock","12":"shipping-taxable","13":"purchasable","14":"product-type-simple"},"_links":{"self":[{"href":"https:\/\/singuli.wpress.me\/index.php\/wp-json\/wp\/v2\/product\/43897","targetHints":{"allow":["GET"]}}],"collection":[{"href":"https:\/\/singuli.wpress.me\/index.php\/wp-json\/wp\/v2\/product"}],"about":[{"href":"https:\/\/singuli.wpress.me\/index.php\/wp-json\/wp\/v2\/types\/product"}],"version-history":[{"count":0,"href":"https:\/\/singuli.wpress.me\/index.php\/wp-json\/wp\/v2\/product\/43897\/revisions"}],"wp:featuredmedia":[{"embeddable":true,"href":"https:\/\/singuli.wpress.me\/index.php\/wp-json\/wp\/v2\/media\/43898"}],"wp:attachment":[{"href":"https:\/\/singuli.wpress.me\/index.php\/wp-json\/wp\/v2\/media?parent=43897"}],"wp:term":[{"taxonomy":"product_brand","embeddable":true,"href":"https:\/\/singuli.wpress.me\/index.php\/wp-json\/wp\/v2\/product_brand?post=43897"},{"taxonomy":"product_cat","embeddable":true,"href":"https:\/\/singuli.wpress.me\/index.php\/wp-json\/wp\/v2\/product_cat?post=43897"},{"taxonomy":"product_tag","embeddable":true,"href":"https:\/\/singuli.wpress.me\/index.php\/wp-json\/wp\/v2\/product_tag?post=43897"}],"curies":[{"name":"wp","href":"https:\/\/api.w.org\/{rel}","templated":true}]}}