{"id":43945,"date":"2026-04-20T00:33:30","date_gmt":"2026-04-20T00:33:30","guid":{"rendered":"https:\/\/singuli.wpress.me\/index.php\/proizvod\/fisher-price-vesele-zivotinje-s-kuglicama\/"},"modified":"2026-04-20T12:33:53","modified_gmt":"2026-04-20T12:33:53","slug":"fisher-price-vesele-zivotinje-s-kuglicama","status":"publish","type":"product","link":"https:\/\/singuli.wpress.me\/index.php\/proizvod\/fisher-price-vesele-zivotinje-s-kuglicama\/","title":{"rendered":"FISHER PRICE, vesele \u017eivotinje s kuglicama"},"content":{"rendered":"<p>Savr\u0161ena igra puzanja!<br \/>\nSuper prijatelji za va\u0161e dijete koje u\u010di puzati! Beba gura \u017eivotinje i loptice ska\u010du.<br \/>\nUzbudljiva radnja i zvukovi poti\u010du bebu da se uvijek iznova gura i puzi, razvijaju\u0107i tjelesnu kontrolu.<br \/>\nDob: 6mj &#8211; 36mj.<\/p>\n","protected":false},"excerpt":{"rendered":"<p>Super prijatelji za va\u0161e dijete koje u\u010di puzati<br \/>\nPoti\u010du bebu da se uvijek iznova gura i puzi<br \/>\nDob: 6-36 mjeseci<\/p>\n","protected":false},"featured_media":43946,"template":"","meta":{"_seopress_robots_primary_cat":"","_seopress_titles_title":"","_seopress_titles_desc":"","_seopress_robots_index":"","iawp_total_views":0},"product_brand":[458],"product_cat":[221,291],"product_tag":[],"class_list":{"0":"post-43945","1":"product","2":"type-product","3":"status-publish","4":"has-post-thumbnail","6":"product_brand-fisher-price","7":"product_cat-igracke","8":"product_cat-igracke-za-djecu-221","10":"first","11":"instock","12":"shipping-taxable","13":"purchasable","14":"product-type-simple"},"_links":{"self":[{"href":"https:\/\/singuli.wpress.me\/index.php\/wp-json\/wp\/v2\/product\/43945","targetHints":{"allow":["GET"]}}],"collection":[{"href":"https:\/\/singuli.wpress.me\/index.php\/wp-json\/wp\/v2\/product"}],"about":[{"href":"https:\/\/singuli.wpress.me\/index.php\/wp-json\/wp\/v2\/types\/product"}],"version-history":[{"count":0,"href":"https:\/\/singuli.wpress.me\/index.php\/wp-json\/wp\/v2\/product\/43945\/revisions"}],"wp:featuredmedia":[{"embeddable":true,"href":"https:\/\/singuli.wpress.me\/index.php\/wp-json\/wp\/v2\/media\/43946"}],"wp:attachment":[{"href":"https:\/\/singuli.wpress.me\/index.php\/wp-json\/wp\/v2\/media?parent=43945"}],"wp:term":[{"taxonomy":"product_brand","embeddable":true,"href":"https:\/\/singuli.wpress.me\/index.php\/wp-json\/wp\/v2\/product_brand?post=43945"},{"taxonomy":"product_cat","embeddable":true,"href":"https:\/\/singuli.wpress.me\/index.php\/wp-json\/wp\/v2\/product_cat?post=43945"},{"taxonomy":"product_tag","embeddable":true,"href":"https:\/\/singuli.wpress.me\/index.php\/wp-json\/wp\/v2\/product_tag?post=43945"}],"curies":[{"name":"wp","href":"https:\/\/api.w.org\/{rel}","templated":true}]}}