{"id":43956,"date":"2026-04-20T00:33:35","date_gmt":"2026-04-20T00:33:35","guid":{"rendered":"https:\/\/singuli.wpress.me\/index.php\/proizvod\/uhu-bijelo-ljepilo-250-g\/"},"modified":"2026-04-20T12:33:53","modified_gmt":"2026-04-20T12:33:53","slug":"uhu-bijelo-ljepilo-250-g","status":"publish","type":"product","link":"https:\/\/singuli.wpress.me\/index.php\/proizvod\/uhu-bijelo-ljepilo-250-g\/","title":{"rendered":"UHU, bijelo ljepilo, 250\u00a0g"},"content":{"rendered":"<p><span style=\"font-weight: bold\">Karakteristike:<\/span><br \/>\n&#8211; Bez otapala<br \/>\n&#8211; Mekana boca \u2013 idealna za djecu<br \/>\n&#8211; S integriranim aplikatorom<br \/>\n&#8211; Ispire se na 30\u00b0C<\/p>\n<p>Prikladno za lijepljenje papira, kartona, filca, tekstila, perja, bisera, drva, prirodnih materijala itd.<br \/>\nNije prikladno za polietilen (PE) i polipropilen (PP).<br \/>\nMaterijali koje lijepite moraju biti suhi, bez pra\u0161ine i masno\u0107a.<br \/>\nMo\u017ee se isprati hladnom vodom sve dok je ljepilo mokro. Kada se osu\u0161i, mo\u017ee se isprati na 30 \u00b0C.<\/p>\n","protected":false},"excerpt":{"rendered":"<p>Bez otapala<br \/>\nS integriranim aplikatorom<br \/>\nIspire se na 30\u00b0C<\/p>\n","protected":false},"featured_media":43957,"template":"","meta":{"_seopress_robots_primary_cat":"","_seopress_titles_title":"","_seopress_titles_desc":"","_seopress_robots_index":"","iawp_total_views":0},"product_brand":[445],"product_cat":[264,238],"product_tag":[],"class_list":{"0":"post-43956","1":"product","2":"type-product","3":"status-publish","4":"has-post-thumbnail","6":"product_brand-uhu","7":"product_cat-ljepila-i-brtvila-238","8":"product_cat-sve-za-dom","10":"first","11":"instock","12":"shipping-taxable","13":"purchasable","14":"product-type-simple"},"_links":{"self":[{"href":"https:\/\/singuli.wpress.me\/index.php\/wp-json\/wp\/v2\/product\/43956","targetHints":{"allow":["GET"]}}],"collection":[{"href":"https:\/\/singuli.wpress.me\/index.php\/wp-json\/wp\/v2\/product"}],"about":[{"href":"https:\/\/singuli.wpress.me\/index.php\/wp-json\/wp\/v2\/types\/product"}],"version-history":[{"count":0,"href":"https:\/\/singuli.wpress.me\/index.php\/wp-json\/wp\/v2\/product\/43956\/revisions"}],"wp:featuredmedia":[{"embeddable":true,"href":"https:\/\/singuli.wpress.me\/index.php\/wp-json\/wp\/v2\/media\/43957"}],"wp:attachment":[{"href":"https:\/\/singuli.wpress.me\/index.php\/wp-json\/wp\/v2\/media?parent=43956"}],"wp:term":[{"taxonomy":"product_brand","embeddable":true,"href":"https:\/\/singuli.wpress.me\/index.php\/wp-json\/wp\/v2\/product_brand?post=43956"},{"taxonomy":"product_cat","embeddable":true,"href":"https:\/\/singuli.wpress.me\/index.php\/wp-json\/wp\/v2\/product_cat?post=43956"},{"taxonomy":"product_tag","embeddable":true,"href":"https:\/\/singuli.wpress.me\/index.php\/wp-json\/wp\/v2\/product_tag?post=43956"}],"curies":[{"name":"wp","href":"https:\/\/api.w.org\/{rel}","templated":true}]}}