{"id":43967,"date":"2026-04-20T00:33:38","date_gmt":"2026-04-20T00:33:38","guid":{"rendered":"https:\/\/singuli.wpress.me\/index.php\/proizvod\/domo-do513fr-friteza-na-vruci-zrak-5-5-l\/"},"modified":"2026-04-20T12:33:53","modified_gmt":"2026-04-20T12:33:53","slug":"domo-do513fr-friteza-na-vruci-zrak-5-5-l","status":"publish","type":"product","link":"https:\/\/singuli.wpress.me\/index.php\/proizvod\/domo-do513fr-friteza-na-vruci-zrak-5-5-l\/","title":{"rendered":"DOMO DO513FR, friteza na vru\u0107i zrak, 5.5\u00a0l"},"content":{"rendered":"<p>Jedinstvena Domo friteza nudi vam zdravo pr\u017eenje na vru\u0107em zraku bez dodavanja puno ulja. Njen oblik je posebno dizajniran za idealnu cirkulaciju zraka, \u0161to joj omogu\u0107uje da istovremeno obradi do 1,5 kg hrane. Sve vrste hrane mo\u017eete pretvoriti u ukusne poslastice &#8211; od \u0161ljiva, pomfrita ili ribe do kola\u010da, povr\u0107a ili tvrdo kuhanih jaja. Sve se to radi brzo i bez vi\u0161ka ulja. U usporedbi s klasi\u010dnim fritezama, koristit \u0107ete 8 0% manje masno\u0107e Velika prednost friteze Domo DO513FR je izuzetno brzo zagrijavanje &#8211; gotova je za 3 minute!<\/p>\n","protected":false},"excerpt":{"rendered":"<p>Do 80% manje masno\u0107e od konvencionalnog pr\u017eenja<br \/>\nBrza cirkulacija zraka za brzo i niskoenergetsko pr\u017eenje<br \/>\nPodesiva temperatura od 80\u00b0C do 200\u02daC<\/p>\n","protected":false},"featured_media":43968,"template":"","meta":{"_seopress_robots_primary_cat":"","_seopress_titles_title":"","_seopress_titles_desc":"","_seopress_robots_index":"","iawp_total_views":0},"product_brand":[255],"product_cat":[266,265,160],"product_tag":[],"class_list":{"0":"post-43967","1":"product","2":"type-product","3":"status-publish","4":"has-post-thumbnail","6":"product_brand-domo","7":"product_cat-aparati-za-kuhanje-265","8":"product_cat-kuhinjski-aparati-160","9":"product_cat-mali-kucanski-aparati","11":"first","12":"outofstock","13":"shipping-taxable","14":"purchasable","15":"product-type-simple"},"_links":{"self":[{"href":"https:\/\/singuli.wpress.me\/index.php\/wp-json\/wp\/v2\/product\/43967","targetHints":{"allow":["GET"]}}],"collection":[{"href":"https:\/\/singuli.wpress.me\/index.php\/wp-json\/wp\/v2\/product"}],"about":[{"href":"https:\/\/singuli.wpress.me\/index.php\/wp-json\/wp\/v2\/types\/product"}],"version-history":[{"count":0,"href":"https:\/\/singuli.wpress.me\/index.php\/wp-json\/wp\/v2\/product\/43967\/revisions"}],"wp:featuredmedia":[{"embeddable":true,"href":"https:\/\/singuli.wpress.me\/index.php\/wp-json\/wp\/v2\/media\/43968"}],"wp:attachment":[{"href":"https:\/\/singuli.wpress.me\/index.php\/wp-json\/wp\/v2\/media?parent=43967"}],"wp:term":[{"taxonomy":"product_brand","embeddable":true,"href":"https:\/\/singuli.wpress.me\/index.php\/wp-json\/wp\/v2\/product_brand?post=43967"},{"taxonomy":"product_cat","embeddable":true,"href":"https:\/\/singuli.wpress.me\/index.php\/wp-json\/wp\/v2\/product_cat?post=43967"},{"taxonomy":"product_tag","embeddable":true,"href":"https:\/\/singuli.wpress.me\/index.php\/wp-json\/wp\/v2\/product_tag?post=43967"}],"curies":[{"name":"wp","href":"https:\/\/api.w.org\/{rel}","templated":true}]}}