{"id":43977,"date":"2026-04-20T00:33:41","date_gmt":"2026-04-20T00:33:41","guid":{"rendered":"https:\/\/singuli.wpress.me\/index.php\/proizvod\/bio-oil-losion-175-ml\/"},"modified":"2026-04-20T12:33:53","modified_gmt":"2026-04-20T12:33:53","slug":"bio-oil-losion-175-ml","status":"publish","type":"product","link":"https:\/\/singuli.wpress.me\/index.php\/proizvod\/bio-oil-losion-175-ml\/","title":{"rendered":"BIO-OIL, losion, 175\u00a0ml"},"content":{"rendered":"<p><span style=\"font-weight: bold\">Bio-Oil losion hidratantni losion za tijelo<\/span>, formuliran je za hidrataciju i obnavljanje suhe ko\u017ee, poma\u017ee u odr\u017eavanju prirodne ravnote\u017ee vla\u017enosti ko\u017ee. Nadopunjuje prirodna ulja ko\u017ee koja se gube \u010destim kupanje, pod utjecajem ekstremnih vremenskih uvjeta. Poma\u017ee zadr\u017eati vlagu i smanjuje brzinu kojom se vodena para prirodno gubi kroz povr\u0161inu ko\u017ee.<\/p>\n<p><span style=\"font-weight: bold\">PREPORU\u010cUJE SE ZA NJEGU:<\/span><br \/>\n\u2022 Svakodnevno blago suhe  ko\u017ee<br \/>\n\u2022 Za ko\u017eu bez sjaja, koja se peruta<br \/>\n\u2022 Za zategnutu ko\u017eu, koja svrbi<\/p>\n<p>ULTRALAGANA FORMULA \u2014 tehnologija &quot;protresti prije upotrebe&quot; omogu\u0107uje losionu ultra laganu, ali vrlo u\u010dinkovitu hidrataciju ko\u017ee<br \/>\nOBNOVITE SUHU KO\u017dU \u2014 Hidratizira suhu ko\u017eu, odr\u017eava prirodnu ravnote\u017eu vla\u017enosti ko\u017ee, nadopunjuje prirodna ulja<br \/>\nBRZO SE UPIJA I TRENUTNO VLA\u017dI \u2014 Nemasni ultralagani teku\u0107i losion koji se lako razmazuje, brzo upija i ostavlja gladak osje\u0107aj nakon nano\u0161enja<br \/>\nVEGANSKI I BEZ OKRUTNOSTI PREMA \u017dIVOTINJAMA\u2014 Veganski, bez okrutnosti, nekomedogen i 100% recikliraju\u0107i<br \/>\nPREMIUM SASTOJCI \u2014 ulja, vitamini i antioksidansi hidratiziraju ko\u017eu poput shea ulja, ulja \u0161ipka, ulja sjemenki jojobe<\/p>\n<p><span style=\"font-weight: bold\">Na\u010din primjene:<\/span><br \/>\nPrije upotrebe lagano protresite proizvod kako biste aktivirali formulu.  Bio-Oil losion za tijelo treba umasirati kru\u017enim pokretima po tijelu dok se potpuno ne upije.<br \/>\nPreporu\u010da se nano\u0161enje Bio-Oil losiona za tijelo dva puta dnevno, ujutro i nave\u010der, kao dio dnevne rutine za njegu ko\u017ee.<\/p>\n","protected":false},"excerpt":{"rendered":"<p>Ultralagana formula hidratantnog losiona za tijelo<br \/>\nObnavljanje suhe ko\u017ee<br \/>\nNadopunjuje prirodna ulja ko\u017ee koja se gube \u010destim kupanje, pod utjecajem ekstremnih vremenskih uvjeta<\/p>\n","protected":false},"featured_media":43978,"template":"","meta":{"_seopress_robots_primary_cat":"","_seopress_titles_title":"","_seopress_titles_desc":"","_seopress_robots_index":"","iawp_total_views":0},"product_brand":[856],"product_cat":[268,278],"product_tag":[],"class_list":{"0":"post-43977","1":"product","2":"type-product","3":"status-publish","4":"has-post-thumbnail","6":"product_brand-bio-oil","7":"product_cat-kozmetika-2","8":"product_cat-njega-tijela-268","10":"first","11":"outofstock","12":"shipping-taxable","13":"purchasable","14":"product-type-simple"},"_links":{"self":[{"href":"https:\/\/singuli.wpress.me\/index.php\/wp-json\/wp\/v2\/product\/43977","targetHints":{"allow":["GET"]}}],"collection":[{"href":"https:\/\/singuli.wpress.me\/index.php\/wp-json\/wp\/v2\/product"}],"about":[{"href":"https:\/\/singuli.wpress.me\/index.php\/wp-json\/wp\/v2\/types\/product"}],"version-history":[{"count":0,"href":"https:\/\/singuli.wpress.me\/index.php\/wp-json\/wp\/v2\/product\/43977\/revisions"}],"wp:featuredmedia":[{"embeddable":true,"href":"https:\/\/singuli.wpress.me\/index.php\/wp-json\/wp\/v2\/media\/43978"}],"wp:attachment":[{"href":"https:\/\/singuli.wpress.me\/index.php\/wp-json\/wp\/v2\/media?parent=43977"}],"wp:term":[{"taxonomy":"product_brand","embeddable":true,"href":"https:\/\/singuli.wpress.me\/index.php\/wp-json\/wp\/v2\/product_brand?post=43977"},{"taxonomy":"product_cat","embeddable":true,"href":"https:\/\/singuli.wpress.me\/index.php\/wp-json\/wp\/v2\/product_cat?post=43977"},{"taxonomy":"product_tag","embeddable":true,"href":"https:\/\/singuli.wpress.me\/index.php\/wp-json\/wp\/v2\/product_tag?post=43977"}],"curies":[{"name":"wp","href":"https:\/\/api.w.org\/{rel}","templated":true}]}}