{"id":44002,"date":"2026-04-20T00:33:49","date_gmt":"2026-04-20T00:33:49","guid":{"rendered":"https:\/\/singuli.wpress.me\/index.php\/proizvod\/domo-do326ip-indukcijska-ploca-dvostruka-2x19-cm\/"},"modified":"2026-04-20T12:33:53","modified_gmt":"2026-04-20T12:33:53","slug":"domo-do326ip-indukcijska-ploca-dvostruka-2x19-cm","status":"publish","type":"product","link":"https:\/\/singuli.wpress.me\/index.php\/proizvod\/domo-do326ip-indukcijska-ploca-dvostruka-2x19-cm\/","title":{"rendered":"DOMO DO326IP , indukcijska plo\u010da, dvostruka, 2&#215;19 cm"},"content":{"rendered":"<p>Zahvaljuju\u0107i svojoj veli\u010dini, Domo DO326IP prikladan je za kori\u0161tenje u malim domovima, kampovima ili studentskim sobama. Samostoje\u0107a indukcijska plo\u010da za kuhanje ima 2 zone za kuhanje, svaka promjera 19 centimetara. Stavite lonac s vodom na lijevu stranu i uklju\u010dite funkciju poja\u010danja. Dodatna snaga omogu\u0107it \u0107e br\u017ee kuhanje vode. U me\u0111uvremenu mo\u017eete pripremiti umak za tjesteninu na desnom polju za kuhanje. Prilikom kuhanja u vodu dodajte tjesteninu i namjestite tajmer. Signal \u0107e vam to\u010dno re\u0107i kada je va\u0161a tjestenina gotova. Postoji li opasnost od pregrijavanja plo\u010de za kuhanje? Ure\u0111aj \u0107e se automatski isklju\u010diti kako bi sprije\u010dio opasne situacije.<\/p>\n","protected":false},"excerpt":{"rendered":"<p>Staklo visoke tvrdo\u0107e<br \/>\nAutomatsko sigurnosno isklju\u010divanje<br \/>\nKoristite samo posu\u0111e prikladno za indukcijsko kuhanje<\/p>\n","protected":false},"featured_media":44003,"template":"","meta":{"_seopress_robots_primary_cat":"","_seopress_titles_title":"","_seopress_titles_desc":"","_seopress_robots_index":"","iawp_total_views":0},"product_brand":[255],"product_cat":[192,267],"product_tag":[],"class_list":{"0":"post-44002","1":"product","2":"type-product","3":"status-publish","4":"has-post-thumbnail","6":"product_brand-domo","7":"product_cat-aparati-za-osobnu-njegu","8":"product_cat-zdravstveni-uredaji-192","10":"first","11":"outofstock","12":"shipping-taxable","13":"purchasable","14":"product-type-simple"},"_links":{"self":[{"href":"https:\/\/singuli.wpress.me\/index.php\/wp-json\/wp\/v2\/product\/44002","targetHints":{"allow":["GET"]}}],"collection":[{"href":"https:\/\/singuli.wpress.me\/index.php\/wp-json\/wp\/v2\/product"}],"about":[{"href":"https:\/\/singuli.wpress.me\/index.php\/wp-json\/wp\/v2\/types\/product"}],"version-history":[{"count":0,"href":"https:\/\/singuli.wpress.me\/index.php\/wp-json\/wp\/v2\/product\/44002\/revisions"}],"wp:featuredmedia":[{"embeddable":true,"href":"https:\/\/singuli.wpress.me\/index.php\/wp-json\/wp\/v2\/media\/44003"}],"wp:attachment":[{"href":"https:\/\/singuli.wpress.me\/index.php\/wp-json\/wp\/v2\/media?parent=44002"}],"wp:term":[{"taxonomy":"product_brand","embeddable":true,"href":"https:\/\/singuli.wpress.me\/index.php\/wp-json\/wp\/v2\/product_brand?post=44002"},{"taxonomy":"product_cat","embeddable":true,"href":"https:\/\/singuli.wpress.me\/index.php\/wp-json\/wp\/v2\/product_cat?post=44002"},{"taxonomy":"product_tag","embeddable":true,"href":"https:\/\/singuli.wpress.me\/index.php\/wp-json\/wp\/v2\/product_tag?post=44002"}],"curies":[{"name":"wp","href":"https:\/\/api.w.org\/{rel}","templated":true}]}}