{"id":44010,"date":"2026-04-20T00:33:52","date_gmt":"2026-04-20T00:33:52","guid":{"rendered":"https:\/\/singuli.wpress.me\/index.php\/proizvod\/valvasor-bijelo-vino-0-75-ml\/"},"modified":"2026-04-20T12:33:53","modified_gmt":"2026-04-20T12:33:53","slug":"valvasor-bijelo-vino-0-75-ml","status":"publish","type":"product","link":"https:\/\/singuli.wpress.me\/index.php\/proizvod\/valvasor-bijelo-vino-0-75-ml\/","title":{"rendered":"VALVASOR, bijelo vino, 0.75\u00a0ml"},"content":{"rendered":"<p>Pjenu\u0161avo vino Valvasor proizvedeno je klasi\u010dnom metodom vrenja u boci od gro\u017e\u0111a sorti chardonnay i la\u0161ki rizling, koje uspijevaju na sun\u010danim polo\u017eajima Pi\u0161eca, Sromlja i Bizeljskog. Tradicija, izvrsnost, mladost i svje\u017eina se &quot;na valvasorski na\u010din&quot; isprepli\u0107u u harmoniju okusa. Mo\u017eete ku\u0161ati suho i polusuho pjenu\u0161avo vino Valvasor.<\/p>\n<p>Poslu\u017eivanje i karakteristike<br \/>\nTemperatura vina: Za suha vina najprikladnija je temperatura od 6\u00b0C do 8\u00b0C. Na toj temperaturi mjehuri\u0107i iskre posebno dugo.<\/p>\n<p>Ostatak \u0161e\u0107era: 21 g po litri pjenu\u0161ca.<\/p>\n","protected":false},"excerpt":{"rendered":"<p>Proizvedeno tradicionalnom metodom vrenja u boci od pa\u017eljivo odabranih sorti chardonnay i la\u0161ki rizling sa sun\u010danih bre\u017euljaka Bizeljskog i okolice<br \/>\nSavr\u0161en balans tradicije i mladosti koji rezultira dugotrajnim iskrenjem mjehuri\u0107a, idealno za poslu\u017eivanje na temperaturi od 6\u00b0 do 8\u00b0C.<br \/>\nUdio alkohola 12.0 % vol.<\/p>\n","protected":false},"featured_media":44011,"template":"","meta":{"_seopress_robots_primary_cat":"","_seopress_titles_title":"","_seopress_titles_desc":"","_seopress_robots_index":"","iawp_total_views":0},"product_brand":[895],"product_cat":[298,261],"product_tag":[],"class_list":{"0":"post-44010","1":"product","2":"type-product","3":"status-publish","4":"has-post-thumbnail","6":"product_brand-valvasor","7":"product_cat-alkoholna-pica-261","8":"product_cat-hrana-i-pice","10":"first","11":"instock","12":"shipping-taxable","13":"purchasable","14":"product-type-simple"},"_links":{"self":[{"href":"https:\/\/singuli.wpress.me\/index.php\/wp-json\/wp\/v2\/product\/44010","targetHints":{"allow":["GET"]}}],"collection":[{"href":"https:\/\/singuli.wpress.me\/index.php\/wp-json\/wp\/v2\/product"}],"about":[{"href":"https:\/\/singuli.wpress.me\/index.php\/wp-json\/wp\/v2\/types\/product"}],"version-history":[{"count":0,"href":"https:\/\/singuli.wpress.me\/index.php\/wp-json\/wp\/v2\/product\/44010\/revisions"}],"wp:featuredmedia":[{"embeddable":true,"href":"https:\/\/singuli.wpress.me\/index.php\/wp-json\/wp\/v2\/media\/44011"}],"wp:attachment":[{"href":"https:\/\/singuli.wpress.me\/index.php\/wp-json\/wp\/v2\/media?parent=44010"}],"wp:term":[{"taxonomy":"product_brand","embeddable":true,"href":"https:\/\/singuli.wpress.me\/index.php\/wp-json\/wp\/v2\/product_brand?post=44010"},{"taxonomy":"product_cat","embeddable":true,"href":"https:\/\/singuli.wpress.me\/index.php\/wp-json\/wp\/v2\/product_cat?post=44010"},{"taxonomy":"product_tag","embeddable":true,"href":"https:\/\/singuli.wpress.me\/index.php\/wp-json\/wp\/v2\/product_tag?post=44010"}],"curies":[{"name":"wp","href":"https:\/\/api.w.org\/{rel}","templated":true}]}}