{"id":44014,"date":"2026-04-20T00:33:53","date_gmt":"2026-04-20T00:33:53","guid":{"rendered":"https:\/\/singuli.wpress.me\/index.php\/proizvod\/dr-oetker-soda-bikarbona-20-g\/"},"modified":"2026-04-20T12:33:53","modified_gmt":"2026-04-20T12:33:53","slug":"dr-oetker-soda-bikarbona-20-g","status":"publish","type":"product","link":"https:\/\/singuli.wpress.me\/index.php\/proizvod\/dr-oetker-soda-bikarbona-20-g\/","title":{"rendered":"DR. OETKER, soda bikarbona, 20\u00a0g"},"content":{"rendered":"<p>Ve\u0107 generacijama je Dr. Oetker Soda Bikarbona svestrana pomo\u0107 u kuhinji i pripremi hrane. Slu\u017ei kao sredstvo za dizanje tijesta u receptima za muffine i razne kekse (cookiese) pa se tako \u010desto koristi u klasi\u010dnim ameri\u010dkim receptima. Tako\u0111er neutralizira kiselost vo\u0107a, omek\u0161ava vodu za pripremu kave i \u010daja, omogu\u0107uje br\u017ee omek\u0161avanje tvrdog povr\u0107a poput mahunarki i kupusa tokom kuhanja \u2026 Jedan pravi univerzalni pomaga\u010d za svestranu uporabu.<\/p>\n","protected":false},"excerpt":{"rendered":"<p>Sredstvo za dizanje tijesta<br \/>\nNeutralizira kiselost vo\u0107a<br \/>\nOmek\u0161ava vodu za pripremu kave i \u010daja<\/p>\n","protected":false},"featured_media":44015,"template":"","meta":{"_seopress_robots_primary_cat":"","_seopress_titles_title":"","_seopress_titles_desc":"","_seopress_robots_index":"","iawp_total_views":0},"product_brand":[328],"product_cat":[261,299],"product_tag":[],"class_list":{"0":"post-44014","1":"product","2":"type-product","3":"status-publish","4":"has-post-thumbnail","6":"product_brand-dr-oetker","7":"product_cat-hrana-i-pice","8":"product_cat-konzervirana-i-gotova-hrana-261","10":"first","11":"outofstock","12":"shipping-taxable","13":"purchasable","14":"product-type-simple"},"_links":{"self":[{"href":"https:\/\/singuli.wpress.me\/index.php\/wp-json\/wp\/v2\/product\/44014","targetHints":{"allow":["GET"]}}],"collection":[{"href":"https:\/\/singuli.wpress.me\/index.php\/wp-json\/wp\/v2\/product"}],"about":[{"href":"https:\/\/singuli.wpress.me\/index.php\/wp-json\/wp\/v2\/types\/product"}],"version-history":[{"count":0,"href":"https:\/\/singuli.wpress.me\/index.php\/wp-json\/wp\/v2\/product\/44014\/revisions"}],"wp:featuredmedia":[{"embeddable":true,"href":"https:\/\/singuli.wpress.me\/index.php\/wp-json\/wp\/v2\/media\/44015"}],"wp:attachment":[{"href":"https:\/\/singuli.wpress.me\/index.php\/wp-json\/wp\/v2\/media?parent=44014"}],"wp:term":[{"taxonomy":"product_brand","embeddable":true,"href":"https:\/\/singuli.wpress.me\/index.php\/wp-json\/wp\/v2\/product_brand?post=44014"},{"taxonomy":"product_cat","embeddable":true,"href":"https:\/\/singuli.wpress.me\/index.php\/wp-json\/wp\/v2\/product_cat?post=44014"},{"taxonomy":"product_tag","embeddable":true,"href":"https:\/\/singuli.wpress.me\/index.php\/wp-json\/wp\/v2\/product_tag?post=44014"}],"curies":[{"name":"wp","href":"https:\/\/api.w.org\/{rel}","templated":true}]}}