{"id":44016,"date":"2026-04-20T00:33:53","date_gmt":"2026-04-20T00:33:53","guid":{"rendered":"https:\/\/singuli.wpress.me\/index.php\/proizvod\/bison-traka-za-brtvljenje-bijela-38-mm\/"},"modified":"2026-04-21T00:27:25","modified_gmt":"2026-04-21T00:27:25","slug":"bison-traka-za-brtvljenje-bijela-38-mm","status":"publish","type":"product","link":"https:\/\/singuli.wpress.me\/index.php\/proizvod\/bison-traka-za-brtvljenje-bijela-38-mm\/","title":{"rendered":"BISON, traka za brtvljenje, bijela, 38\u00a0mm"},"content":{"rendered":"<p>Obostrana, bijela samoljepljiva traka od pjene za glatke i ravne povr\u0161ine u unutra\u0161njim prostorima. Idealna za lijepljenje brojnih predmeta (npr. kuka, podlo\u017eaka za sapun, itd.) u sanitarnim prostorima. <\/p>\n<p>Prvo ozna\u010dite uglove predmeta na povr\u0161ini jer se zalijepljeni predmeti vi\u0161e ne mogu pomaknuti bez o\u0161te\u0107enja trake. Stavite dovoljno trake na dno predmeta kojeg lijepite (2 cm\/350 g). Uklonite za\u0161titnu foliju, stavite predmet na mjesto i sna\u017eno pritisnite.<\/p>\n","protected":false},"excerpt":{"rendered":"<p>Obostrana, bijela samoljepljiva traka od pjene<br \/>\nNamijenjeno za glatke i ravne povr\u0161ine u unutra\u0161njim prostorima<\/p>\n","protected":false},"featured_media":44017,"template":"","meta":{"_seopress_robots_primary_cat":"","_seopress_titles_title":"","_seopress_titles_desc":"","_seopress_robots_index":"","iawp_total_views":0},"product_brand":[494],"product_cat":[264,238],"product_tag":[],"class_list":{"0":"post-44016","1":"product","2":"type-product","3":"status-publish","4":"has-post-thumbnail","6":"product_brand-bison","7":"product_cat-ljepila-i-brtvila-238","8":"product_cat-sve-za-dom","10":"first","11":"outofstock","12":"shipping-taxable","13":"purchasable","14":"product-type-simple"},"_links":{"self":[{"href":"https:\/\/singuli.wpress.me\/index.php\/wp-json\/wp\/v2\/product\/44016","targetHints":{"allow":["GET"]}}],"collection":[{"href":"https:\/\/singuli.wpress.me\/index.php\/wp-json\/wp\/v2\/product"}],"about":[{"href":"https:\/\/singuli.wpress.me\/index.php\/wp-json\/wp\/v2\/types\/product"}],"version-history":[{"count":0,"href":"https:\/\/singuli.wpress.me\/index.php\/wp-json\/wp\/v2\/product\/44016\/revisions"}],"wp:featuredmedia":[{"embeddable":true,"href":"https:\/\/singuli.wpress.me\/index.php\/wp-json\/wp\/v2\/media\/44017"}],"wp:attachment":[{"href":"https:\/\/singuli.wpress.me\/index.php\/wp-json\/wp\/v2\/media?parent=44016"}],"wp:term":[{"taxonomy":"product_brand","embeddable":true,"href":"https:\/\/singuli.wpress.me\/index.php\/wp-json\/wp\/v2\/product_brand?post=44016"},{"taxonomy":"product_cat","embeddable":true,"href":"https:\/\/singuli.wpress.me\/index.php\/wp-json\/wp\/v2\/product_cat?post=44016"},{"taxonomy":"product_tag","embeddable":true,"href":"https:\/\/singuli.wpress.me\/index.php\/wp-json\/wp\/v2\/product_tag?post=44016"}],"curies":[{"name":"wp","href":"https:\/\/api.w.org\/{rel}","templated":true}]}}