{"id":44020,"date":"2026-04-20T00:33:55","date_gmt":"2026-04-20T00:33:55","guid":{"rendered":"https:\/\/singuli.wpress.me\/index.php\/proizvod\/gadus-s2-v145kp-visenamjenska-mast-18-kg\/"},"modified":"2026-04-20T12:33:53","modified_gmt":"2026-04-20T12:33:53","slug":"gadus-s2-v145kp-visenamjenska-mast-18-kg","status":"publish","type":"product","link":"https:\/\/singuli.wpress.me\/index.php\/proizvod\/gadus-s2-v145kp-visenamjenska-mast-18-kg\/","title":{"rendered":"GADUS S2 V145KP, vi\u0161enamjenska mast, 18\u00a0kg"},"content":{"rendered":"<p>Vi\u0161enamjenska mast visokih performansi za niske temperature. Posebno je izra\u0111eno za automobilske primjene, pokazuje superiornuotpornost na ispiranje te zbog toga se odlikuje duljim \u017eivotnim vijekom od standardnih litijskih masti. Manje tro\u0161enja i korozije doprinosi ni\u017eim tro\u0161kovima odr\u017eavanja. Mogu\u0107nost kori\u0161tenja masti za vi\u0161e primjena smanjuje potreban broj masti budu\u0107i da se proizvod mo\u017ee koristiti kod le\u017eajeva kota\u010da i \u0161asije osobnih vozila, lakih i te\u0161kih kamiona. Osobito se preporu\u010duje za hladne klime zbog pobolj\u0161anog u\u010dinka pri niskim temperaturama.<\/p>\n<p><span style=\"font-weight: bold\">Specifikacija:<\/span> Mercedes Benz (MB 267.0), MAN 283 Li-P 2<\/p>\n","protected":false},"excerpt":{"rendered":"<p>Vi\u0161enamjenska mast<br \/>\nPosebno izra\u0111eno za automobilske primjene<br \/>\nPreporu\u010duje se za hladne klime<\/p>\n","protected":false},"featured_media":44021,"template":"","meta":{"_seopress_robots_primary_cat":"","_seopress_titles_title":"","_seopress_titles_desc":"","_seopress_robots_index":"","iawp_total_views":0},"product_brand":[413],"product_cat":[268,278],"product_tag":[],"class_list":{"0":"post-44020","1":"product","2":"type-product","3":"status-publish","4":"has-post-thumbnail","6":"product_brand-gadus","7":"product_cat-kozmetika-2","8":"product_cat-njega-tijela-268","10":"first","11":"outofstock","12":"shipping-taxable","13":"purchasable","14":"product-type-simple"},"_links":{"self":[{"href":"https:\/\/singuli.wpress.me\/index.php\/wp-json\/wp\/v2\/product\/44020","targetHints":{"allow":["GET"]}}],"collection":[{"href":"https:\/\/singuli.wpress.me\/index.php\/wp-json\/wp\/v2\/product"}],"about":[{"href":"https:\/\/singuli.wpress.me\/index.php\/wp-json\/wp\/v2\/types\/product"}],"version-history":[{"count":0,"href":"https:\/\/singuli.wpress.me\/index.php\/wp-json\/wp\/v2\/product\/44020\/revisions"}],"wp:featuredmedia":[{"embeddable":true,"href":"https:\/\/singuli.wpress.me\/index.php\/wp-json\/wp\/v2\/media\/44021"}],"wp:attachment":[{"href":"https:\/\/singuli.wpress.me\/index.php\/wp-json\/wp\/v2\/media?parent=44020"}],"wp:term":[{"taxonomy":"product_brand","embeddable":true,"href":"https:\/\/singuli.wpress.me\/index.php\/wp-json\/wp\/v2\/product_brand?post=44020"},{"taxonomy":"product_cat","embeddable":true,"href":"https:\/\/singuli.wpress.me\/index.php\/wp-json\/wp\/v2\/product_cat?post=44020"},{"taxonomy":"product_tag","embeddable":true,"href":"https:\/\/singuli.wpress.me\/index.php\/wp-json\/wp\/v2\/product_tag?post=44020"}],"curies":[{"name":"wp","href":"https:\/\/api.w.org\/{rel}","templated":true}]}}