{"id":44022,"date":"2026-04-20T00:33:55","date_gmt":"2026-04-20T00:33:55","guid":{"rendered":"https:\/\/singuli.wpress.me\/index.php\/proizvod\/domo-xpower-do9192mc-sjeckalica-mini\/"},"modified":"2026-04-20T12:33:53","modified_gmt":"2026-04-20T12:33:53","slug":"domo-xpower-do9192mc-sjeckalica-mini","status":"publish","type":"product","link":"https:\/\/singuli.wpress.me\/index.php\/proizvod\/domo-xpower-do9192mc-sjeckalica-mini\/","title":{"rendered":"DOMO XPOWER DO9192MC, sjeckalica, mini"},"content":{"rendered":"<p>Uz pomo\u0107 prakti\u010dnog ure\u0111aja Domo mini sjeckalice XPOWER DO9192MC sve sastojke dobro sameljemo. Idealno za sjeckanje luka, za\u010dinskog bilja, povr\u0107a, mesa, sladoleda i ora\u0161astih plodova. Za usitnjavanje sastojaka koristite malu brzinu, a za piree veliku brzinu Nakon upotrebe dijelove mo\u017eete oprati u perilici posu\u0111a (osim bloka motora).Elektri\u010dna sjeckalica olak\u0161at \u0107e vam rad, u\u0161tedjeti vrijeme i posti\u0107i savr\u0161eno precizno usitnjavanje sirovina.Sna\u017ean motor (400 W) u kombinaciji s visokim &#8211; kvalitetni o\u0161tri no\u017eevi re\u017eu gotovo sve \u0161to vam padne na pamet. Posuda za sjeckanje od 500 ml, lako se pere, izra\u0111ena je od izdr\u017eljive plastike i vidljiva sa strane. Ova mini sjeckalica je tako\u0111er opremljena dvostrukim &quot;Quadblade&quot; no\u017eem, \u0161to ga \u010dini do 2x br\u017ee, ekonomi\u010dnije i u\u010dinkovitije. Dvostruke o\u0161trice su okomito naslagane jedna na drugu za ravnomjerno sjeckanje. Donje o\u0161trice prvo sjeckaju i vrte sirovine, vrte lete\u0107e dijelove gornje o\u0161trice za sjeckanje, i kao rezultat toga, sve je dosljedan.<\/p>\n","protected":false},"excerpt":{"rendered":"<p>Prakti\u010dan kuhinjski alat neophodan u svakoj kuhinji<br \/>\nIdealan za sjeckanje luka, za\u010dina, povr\u0107a, mesa, leda, oraha<br \/>\nXpower Quad sustav o\u0161trica od nehr\u0111aju\u0107eg \u010delika &#8211; 4 o\u0161trice osiguravaju precizno sjeckanje<\/p>\n","protected":false},"featured_media":44023,"template":"","meta":{"_seopress_robots_primary_cat":"","_seopress_titles_title":"","_seopress_titles_desc":"","_seopress_robots_index":"","iawp_total_views":0},"product_brand":[255],"product_cat":[192,267],"product_tag":[],"class_list":{"0":"post-44022","1":"product","2":"type-product","3":"status-publish","4":"has-post-thumbnail","6":"product_brand-domo","7":"product_cat-aparati-za-osobnu-njegu","8":"product_cat-zdravstveni-uredaji-192","10":"first","11":"instock","12":"shipping-taxable","13":"purchasable","14":"product-type-simple"},"_links":{"self":[{"href":"https:\/\/singuli.wpress.me\/index.php\/wp-json\/wp\/v2\/product\/44022","targetHints":{"allow":["GET"]}}],"collection":[{"href":"https:\/\/singuli.wpress.me\/index.php\/wp-json\/wp\/v2\/product"}],"about":[{"href":"https:\/\/singuli.wpress.me\/index.php\/wp-json\/wp\/v2\/types\/product"}],"version-history":[{"count":0,"href":"https:\/\/singuli.wpress.me\/index.php\/wp-json\/wp\/v2\/product\/44022\/revisions"}],"wp:featuredmedia":[{"embeddable":true,"href":"https:\/\/singuli.wpress.me\/index.php\/wp-json\/wp\/v2\/media\/44023"}],"wp:attachment":[{"href":"https:\/\/singuli.wpress.me\/index.php\/wp-json\/wp\/v2\/media?parent=44022"}],"wp:term":[{"taxonomy":"product_brand","embeddable":true,"href":"https:\/\/singuli.wpress.me\/index.php\/wp-json\/wp\/v2\/product_brand?post=44022"},{"taxonomy":"product_cat","embeddable":true,"href":"https:\/\/singuli.wpress.me\/index.php\/wp-json\/wp\/v2\/product_cat?post=44022"},{"taxonomy":"product_tag","embeddable":true,"href":"https:\/\/singuli.wpress.me\/index.php\/wp-json\/wp\/v2\/product_tag?post=44022"}],"curies":[{"name":"wp","href":"https:\/\/api.w.org\/{rel}","templated":true}]}}