{"id":44031,"date":"2026-04-20T00:33:58","date_gmt":"2026-04-20T00:33:58","guid":{"rendered":"https:\/\/singuli.wpress.me\/index.php\/proizvod\/natreen-tablete-120-kom\/"},"modified":"2026-04-20T12:33:53","modified_gmt":"2026-04-20T12:33:53","slug":"natreen-tablete-120-kom","status":"publish","type":"product","link":"https:\/\/singuli.wpress.me\/index.php\/proizvod\/natreen-tablete-120-kom\/","title":{"rendered":"NATREEN, tablete, 120\u00a0kom"},"content":{"rendered":"<p>Umjetno sladilo u obliku tableta. Jedna tableta sladila zamjenjuje 1 \u017eli\u0107icu \u0161e\u0107era (5 g). Dnevna koli\u010dina ne bi trebala biti ve\u0107a od 17 tabletica.<br \/>\nNatreen tablete idealne su za zasla\u0111ivanje toplih napitaka, pri \u010demu one isti\u010du pun miris i aromu kave, i potpuni ukus i aromu \u010daja.<\/p>\n<p>Jedna tableta zasla\u0111iva\u010da Natreen ima ja\u010dinu jedne ka\u0161i\u010dice \u0161e\u0107era, ali sadr\u017ei samo 0,02 kcal. i nije od zna\u010daja u ishrani \u010dovjeka. S druge strane, ka\u0161i\u010dica \u0161e\u0107era sadr\u017ei 16 kalorija. To je iznos od oko 800 puta vi\u0161i, u usporedbi sa zasla\u0111iva\u010dem Natreena. Pri tome nema promijene ukusa hrane koja se zasla\u0111uje.<\/p>\n","protected":false},"excerpt":{"rendered":"<p>Umjetno sladilo na bazi ciklamata, saharina i taumatina<br \/>\nNiskokalori\u010dna alternativa za zasla\u0111ivanje hrane i pi\u0107a<br \/>\nPrimjereno za dijabeti\u010dare<\/p>\n","protected":false},"featured_media":44032,"template":"","meta":{"_seopress_robots_primary_cat":"","_seopress_titles_title":"","_seopress_titles_desc":"","_seopress_robots_index":"","iawp_total_views":0},"product_brand":[897],"product_cat":[261,270],"product_tag":[],"class_list":{"0":"post-44031","1":"product","2":"type-product","3":"status-publish","4":"has-post-thumbnail","6":"product_brand-natreen","7":"product_cat-hrana-i-pice","8":"product_cat-slasticarstvo-261","10":"first","11":"instock","12":"shipping-taxable","13":"purchasable","14":"product-type-simple"},"_links":{"self":[{"href":"https:\/\/singuli.wpress.me\/index.php\/wp-json\/wp\/v2\/product\/44031","targetHints":{"allow":["GET"]}}],"collection":[{"href":"https:\/\/singuli.wpress.me\/index.php\/wp-json\/wp\/v2\/product"}],"about":[{"href":"https:\/\/singuli.wpress.me\/index.php\/wp-json\/wp\/v2\/types\/product"}],"version-history":[{"count":0,"href":"https:\/\/singuli.wpress.me\/index.php\/wp-json\/wp\/v2\/product\/44031\/revisions"}],"wp:featuredmedia":[{"embeddable":true,"href":"https:\/\/singuli.wpress.me\/index.php\/wp-json\/wp\/v2\/media\/44032"}],"wp:attachment":[{"href":"https:\/\/singuli.wpress.me\/index.php\/wp-json\/wp\/v2\/media?parent=44031"}],"wp:term":[{"taxonomy":"product_brand","embeddable":true,"href":"https:\/\/singuli.wpress.me\/index.php\/wp-json\/wp\/v2\/product_brand?post=44031"},{"taxonomy":"product_cat","embeddable":true,"href":"https:\/\/singuli.wpress.me\/index.php\/wp-json\/wp\/v2\/product_cat?post=44031"},{"taxonomy":"product_tag","embeddable":true,"href":"https:\/\/singuli.wpress.me\/index.php\/wp-json\/wp\/v2\/product_tag?post=44031"}],"curies":[{"name":"wp","href":"https:\/\/api.w.org\/{rel}","templated":true}]}}