{"id":44040,"date":"2026-04-20T00:34:00","date_gmt":"2026-04-20T00:34:00","guid":{"rendered":"https:\/\/singuli.wpress.me\/index.php\/proizvod\/dr-oetker-preljev-za-torte-svijetli-12-g\/"},"modified":"2026-04-20T12:33:53","modified_gmt":"2026-04-20T12:33:53","slug":"dr-oetker-preljev-za-torte-svijetli-12-g","status":"publish","type":"product","link":"https:\/\/singuli.wpress.me\/index.php\/proizvod\/dr-oetker-preljev-za-torte-svijetli-12-g\/","title":{"rendered":"DR. OETKER, preljev za torte, svijetli, 12\u00a0g"},"content":{"rendered":"<p>Dodavanjem vo\u0107nog soka ili jednostavno vode, s<span style=\"font-weight: bold\"> Dr. Oetker preljevom za torte<\/span> nastaje prozirni \u017eelatinasti preljev za sve vrste vo\u0107nih kola\u010da. Tako \u0107e svako vo\u0107e na kola\u010du ostaviti sjajan dojam. <\/p>\n<p>Jednostavan je za uporabu, uvijek uspjeva i vrlo je \u010dvrst za rezanje. <\/p>\n<p>Jedan omot je s dodavanjem \u0161e\u0107era dovoljan za 250 ml teku\u0107ine.<\/p>\n","protected":false},"excerpt":{"rendered":"<p>Dodavanje vo\u0107nog soka ili vode<br \/>\nJednostavan za upotrebu<br \/>\nJedan omot je s dodavanjem \u0161e\u0107era dovoljan za 250 ml teku\u0107ine<\/p>\n","protected":false},"featured_media":44041,"template":"","meta":{"_seopress_robots_primary_cat":"","_seopress_titles_title":"","_seopress_titles_desc":"","_seopress_robots_index":"","iawp_total_views":0},"product_brand":[328],"product_cat":[261,270],"product_tag":[],"class_list":{"0":"post-44040","1":"product","2":"type-product","3":"status-publish","4":"has-post-thumbnail","6":"product_brand-dr-oetker","7":"product_cat-hrana-i-pice","8":"product_cat-slasticarstvo-261","10":"first","11":"outofstock","12":"shipping-taxable","13":"purchasable","14":"product-type-simple"},"_links":{"self":[{"href":"https:\/\/singuli.wpress.me\/index.php\/wp-json\/wp\/v2\/product\/44040","targetHints":{"allow":["GET"]}}],"collection":[{"href":"https:\/\/singuli.wpress.me\/index.php\/wp-json\/wp\/v2\/product"}],"about":[{"href":"https:\/\/singuli.wpress.me\/index.php\/wp-json\/wp\/v2\/types\/product"}],"version-history":[{"count":0,"href":"https:\/\/singuli.wpress.me\/index.php\/wp-json\/wp\/v2\/product\/44040\/revisions"}],"wp:featuredmedia":[{"embeddable":true,"href":"https:\/\/singuli.wpress.me\/index.php\/wp-json\/wp\/v2\/media\/44041"}],"wp:attachment":[{"href":"https:\/\/singuli.wpress.me\/index.php\/wp-json\/wp\/v2\/media?parent=44040"}],"wp:term":[{"taxonomy":"product_brand","embeddable":true,"href":"https:\/\/singuli.wpress.me\/index.php\/wp-json\/wp\/v2\/product_brand?post=44040"},{"taxonomy":"product_cat","embeddable":true,"href":"https:\/\/singuli.wpress.me\/index.php\/wp-json\/wp\/v2\/product_cat?post=44040"},{"taxonomy":"product_tag","embeddable":true,"href":"https:\/\/singuli.wpress.me\/index.php\/wp-json\/wp\/v2\/product_tag?post=44040"}],"curies":[{"name":"wp","href":"https:\/\/api.w.org\/{rel}","templated":true}]}}