{"id":44042,"date":"2026-04-20T00:34:02","date_gmt":"2026-04-20T00:34:02","guid":{"rendered":"https:\/\/singuli.wpress.me\/index.php\/proizvod\/honeywell-turbo-fan-stolni-ventilator-ht900\/"},"modified":"2026-04-20T12:33:53","modified_gmt":"2026-04-20T12:33:53","slug":"honeywell-turbo-fan-stolni-ventilator-ht900","status":"publish","type":"product","link":"https:\/\/singuli.wpress.me\/index.php\/proizvod\/honeywell-turbo-fan-stolni-ventilator-ht900\/","title":{"rendered":"HONEYWELL Turbo Fan, stolni ventilator, HT900"},"content":{"rendered":"<p>Sna\u017ean i tih turbo ventilator, koji uz pomo\u0107 nagiba omogu\u0107uje maksimalan u\u010dinak hla\u0111enja.<\/p>\n","protected":false},"excerpt":{"rendered":"<p>Uz pomo\u0107 nagiba omogu\u0107uje maksimalan u\u010dinak hla\u0111enja<br \/>\nIzbor izme\u0111u 3 razli\u010dite razine<br \/>\nMogu\u0107nost zidne monta\u017ee<\/p>\n","protected":false},"featured_media":44043,"template":"","meta":{"_seopress_robots_primary_cat":"","_seopress_titles_title":"","_seopress_titles_desc":"","_seopress_robots_index":"","iawp_total_views":0},"product_brand":[506],"product_cat":[184,160],"product_tag":[],"class_list":{"0":"post-44042","1":"product","2":"type-product","3":"status-publish","4":"has-post-thumbnail","6":"product_brand-honeywell","7":"product_cat-kvaliteta-zraka-i-grijanje","8":"product_cat-mali-kucanski-aparati","10":"first","11":"outofstock","12":"shipping-taxable","13":"purchasable","14":"product-type-simple"},"_links":{"self":[{"href":"https:\/\/singuli.wpress.me\/index.php\/wp-json\/wp\/v2\/product\/44042","targetHints":{"allow":["GET"]}}],"collection":[{"href":"https:\/\/singuli.wpress.me\/index.php\/wp-json\/wp\/v2\/product"}],"about":[{"href":"https:\/\/singuli.wpress.me\/index.php\/wp-json\/wp\/v2\/types\/product"}],"version-history":[{"count":0,"href":"https:\/\/singuli.wpress.me\/index.php\/wp-json\/wp\/v2\/product\/44042\/revisions"}],"wp:featuredmedia":[{"embeddable":true,"href":"https:\/\/singuli.wpress.me\/index.php\/wp-json\/wp\/v2\/media\/44043"}],"wp:attachment":[{"href":"https:\/\/singuli.wpress.me\/index.php\/wp-json\/wp\/v2\/media?parent=44042"}],"wp:term":[{"taxonomy":"product_brand","embeddable":true,"href":"https:\/\/singuli.wpress.me\/index.php\/wp-json\/wp\/v2\/product_brand?post=44042"},{"taxonomy":"product_cat","embeddable":true,"href":"https:\/\/singuli.wpress.me\/index.php\/wp-json\/wp\/v2\/product_cat?post=44042"},{"taxonomy":"product_tag","embeddable":true,"href":"https:\/\/singuli.wpress.me\/index.php\/wp-json\/wp\/v2\/product_tag?post=44042"}],"curies":[{"name":"wp","href":"https:\/\/api.w.org\/{rel}","templated":true}]}}